{"id":10082,"date":"2025-07-31T14:50:24","date_gmt":"2025-07-31T11:50:24","guid":{"rendered":"https:\/\/katalog.web.tr\/uygulama-videolari-merkezi\/"},"modified":"2026-01-26T11:15:20","modified_gmt":"2026-01-26T08:15:20","slug":"application-video-center","status":"publish","type":"page","link":"https:\/\/katalog.web.tr\/en\/application-video-center\/","title":{"rendered":"Application Video Center"},"content":{"rendered":"\t\t<div data-elementor-type=\"wp-page\" data-elementor-id=\"10082\" class=\"elementor elementor-10082 elementor-2238\" data-elementor-post-type=\"page\">\n\t\t\t\t<div class=\"elementor-element elementor-element-c30cdab e-flex e-con-boxed e-con e-parent\" data-id=\"c30cdab\" data-element_type=\"container\" data-e-type=\"container\">\n\t\t\t\t\t<div class=\"e-con-inner\">\n\t\t\t\t<div class=\"elementor-element elementor-element-ca468db elementor-widget__width-initial elementor-widget-mobile__width-inherit elementor-widget elementor-widget-text-editor\" data-id=\"ca468db\" data-element_type=\"widget\" data-e-type=\"widget\" data-widget_type=\"text-editor.default\">\n\t\t\t\t\t\t\t\t\t<p>ANTEX LAB \u2013 Application Video Center<\/p>\t\t\t\t\t\t\t\t<\/div>\n\t\t\t\t<div class=\"elementor-element elementor-element-bba57d6 elementor-widget__width-initial elementor-widget-mobile__width-inherit elementor-widget elementor-widget-text-editor\" data-id=\"bba57d6\" data-element_type=\"widget\" data-e-type=\"widget\" data-widget_type=\"text-editor.default\">\n\t\t\t\t\t\t\t\t\t<p>Get access to application videos prepared exclusively for you, based on technical expertise.<br \/>Antex Lab is a digital knowledge platform designed to guide you throughout your production process.<\/p>\t\t\t\t\t\t\t\t<\/div>\n\t\t\t\t\t<\/div>\n\t\t\t\t<\/div>\n\t\t<div class=\"elementor-element elementor-element-3b241ba e-flex e-con-boxed e-con e-parent\" data-id=\"3b241ba\" data-element_type=\"container\" data-e-type=\"container\">\n\t\t\t\t\t<div class=\"e-con-inner\">\n\t\t\t\t<div class=\"elementor-element elementor-element-f1c61a7 elementor-widget-tablet__width-initial elementor-widget-mobile__width-inherit elementor-widget elementor-widget-image\" data-id=\"f1c61a7\" data-element_type=\"widget\" data-e-type=\"widget\" data-widget_type=\"image.default\">\n\t\t\t\t\t\t\t\t\t\t\t\t\t\t\t<img fetchpriority=\"high\" decoding=\"async\" width=\"560\" height=\"445\" src=\"data:image\/gif;base64,R0lGODlhAQABAIAAAAAAAP\/\/\/yH5BAEAAAAALAAAAAABAAEAAAIBRAA7\" data-src=\"https:\/\/katalog.web.tr\/wp-content\/uploads\/2025\/09\/antexinks-antex-lab-rehber.webp\" class=\"attachment-large size-large wp-image-8107 lazyload\" alt=\"Serigrafi bask\u0131 uygulamas\u0131 \u2013 Antex uygulama videolar\u0131\" data-srcset=\"https:\/\/katalog.web.tr\/wp-content\/uploads\/2025\/09\/antexinks-antex-lab-rehber.webp 560w, https:\/\/katalog.web.tr\/wp-content\/uploads\/2025\/09\/antexinks-antex-lab-rehber-300x238.webp 300w\" sizes=\"(max-width: 560px) 100vw, 560px\" \/><noscript><img decoding=\"async\" width=\"560\" height=\"445\" src=\"https:\/\/katalog.web.tr\/wp-content\/uploads\/2025\/09\/antexinks-antex-lab-rehber.webp\" class=\"attachment-large size-large wp-image-8107 lazyload\" alt=\"Serigrafi bask\u0131 uygulamas\u0131 \u2013 Antex uygulama videolar\u0131\" srcset=\"https:\/\/katalog.web.tr\/wp-content\/uploads\/2025\/09\/antexinks-antex-lab-rehber.webp 560w, https:\/\/katalog.web.tr\/wp-content\/uploads\/2025\/09\/antexinks-antex-lab-rehber-300x238.webp 300w\" sizes=\"(max-width: 560px) 100vw, 560px\" \/><\/noscript>\t\t\t\t\t\t\t\t\t\t\t\t\t\t\t<\/div>\n\t\t<div class=\"elementor-element elementor-element-f2e70a7 e-con-full e-flex e-con e-child\" data-id=\"f2e70a7\" data-element_type=\"container\" data-e-type=\"container\">\n\t\t\t\t<div class=\"elementor-element elementor-element-5b4516b elementor-widget elementor-widget-text-editor\" data-id=\"5b4516b\" data-element_type=\"widget\" data-e-type=\"widget\" data-widget_type=\"text-editor.default\">\n\t\t\t\t\t\t\t\t\t<p>USER LOGIN<\/p>\t\t\t\t\t\t\t\t<\/div>\n\t\t\t\t<div class=\"elementor-element elementor-element-0dadcea elementor-widget elementor-widget-html\" data-id=\"0dadcea\" data-element_type=\"widget\" data-e-type=\"widget\" data-widget_type=\"html.default\">\n\t\t\t\t\t<div id=\"ozel-hata-kutusu\" style=\"display:none; background-color: #ffe6e6; color: #d32f2f; padding: 10px; border: 1px solid #d32f2f; border-radius: 4px; margin-bottom: 20px; text-align: left;\">\r\n    <strong>Error:<\/strong> \r\nThe password you entered is incorrect. Please try again.\r\n<\/div>\r\n\r\n<div id=\"kontrol-ediliyor\" style=\"display:none; color: #666; padding: 10px; margin-bottom: 20px; font-style: italic;\">\r\n    \ud83d\udd04 Checking...\r\n<\/div>\r\n\r\n<div style=\"font-family: sans-serif;\">\r\n\r\n\r\n    <form id=\"pwd-form\" action=\"https:\/\/katalog.web.tr\/wp-login.php?action=postpass\" method=\"post\">\r\n        \r\n        <label for=\"\">Password:<\/label>\r\n        \r\n        <div style=\"display: flex; gap: 15px; align-items: flex-start;\">\r\n            \r\n            <input name=\"post_password\" id=\"pwbox-custom\" type=\"password\" style=\"flex-grow: 1; padding: 10px; border: 1px solid #ccc; border-radius: 4px; height: 45px; box-sizing: border-box;\" required \/>\r\n            \r\n            <button type=\"submit\" name=\"Submit\" style=\"background-color: #000; color: #fff; border: none; padding: 0 30px; height: 45px; border-radius: 4px; cursor: pointer; font-weight: bold; font-size: 16px; white-space: nowrap;\">\r\n                Login\r\n            <\/button>\r\n        <\/div>\r\n\r\n        <input type=\"hidden\" name=\"_wp_http_referer\" value=\"https:\/\/katalog.web.tr\/uygulama-videolari-merkezi\/?kontrol=1\" \/>\r\n\r\n    <\/form>\r\n\r\n  \r\n\r\n<\/div>\r\n<script>\r\nwindow.addEventListener('load', function() {\r\n    const urlParams = new URLSearchParams(window.location.search);\r\n    if (urlParams.has('kontrol')) {\r\n        document.getElementById(\"pwd-form\").style.opacity = \"0.5\";\r\n        document.getElementById(\"pwd-form\").style.pointerEvents = \"none\";\r\n        document.getElementById(\"kontrol-ediliyor\").style.display = \"block\";\r\n\r\n        fetch(\"https:\/\/katalog.web.tr\/uygulama-videolari\/?t=\" + new Date().getTime())\r\n        .then(response => response.text())\r\n        .then(html => {\r\n            if (html.includes('name=\"post_password\"')) {\r\n                \/\/ \u015eifre Yanl\u0131\u015f\r\n                document.getElementById(\"pwd-form\").style.opacity = \"1\";\r\n                document.getElementById(\"pwd-form\").style.pointerEvents = \"auto\";\r\n                document.getElementById(\"kontrol-ediliyor\").style.display = \"none\";\r\n                document.getElementById(\"ozel-hata-kutusu\").style.display = \"block\";\r\n                window.history.replaceState({}, document.title, window.location.pathname);\r\n            } else {\r\n                \/\/ \u015eifre Do\u011fru\r\n                window.location.href = \"https:\/\/katalog.web.tr\/uygulama-videolari\/\";\r\n            }\r\n        })\r\n        .catch(err => {\r\n             window.location.href = \"https:\/\/katalog.web.tr\/uygulama-videolari\/\";\r\n        });\r\n    }\r\n});\r\n<\/script>\t\t\t\t<\/div>\n\t\t\t\t<div class=\"elementor-element elementor-element-649581c elementor-widget elementor-widget-text-editor\" data-id=\"649581c\" data-element_type=\"widget\" data-e-type=\"widget\" data-widget_type=\"text-editor.default\">\n\t\t\t\t\t\t\t\t\t<p><strong>Note:<\/strong> Videos can only be viewed by authorized users. If you have forgotten your password, please contact us.<\/p>\t\t\t\t\t\t\t\t<\/div>\n\t\t\t\t<\/div>\n\t\t\t\t\t<\/div>\n\t\t\t\t<\/div>\n\t\t\t\t<\/div>\n\t\t","protected":false},"excerpt":{"rendered":"<p>ANTEX LAB \u2013 Application Video Center Get access to application videos prepared exclusively for you, based on technical expertise.Antex Lab is a digital knowledge platform designed to guide you throughout your production process. USER LOGIN Error: The password you entered is incorrect. Please try again. \ud83d\udd04 Checking&#8230; Password: Login Note: Videos can only be viewed [&hellip;]<\/p>\n","protected":false},"author":1,"featured_media":10084,"parent":0,"menu_order":0,"comment_status":"closed","ping_status":"closed","template":"","meta":{"_acf_changed":false,"footnotes":""},"categories":[13],"tags":[],"class_list":["post-10082","page","type-page","status-publish","has-post-thumbnail","hentry","category-ic-sayfalar"],"acf":[],"_links":{"self":[{"href":"https:\/\/katalog.web.tr\/en\/wp-json\/wp\/v2\/pages\/10082","targetHints":{"allow":["GET"]}}],"collection":[{"href":"https:\/\/katalog.web.tr\/en\/wp-json\/wp\/v2\/pages"}],"about":[{"href":"https:\/\/katalog.web.tr\/en\/wp-json\/wp\/v2\/types\/page"}],"author":[{"embeddable":true,"href":"https:\/\/katalog.web.tr\/en\/wp-json\/wp\/v2\/users\/1"}],"replies":[{"embeddable":true,"href":"https:\/\/katalog.web.tr\/en\/wp-json\/wp\/v2\/comments?post=10082"}],"version-history":[{"count":7,"href":"https:\/\/katalog.web.tr\/en\/wp-json\/wp\/v2\/pages\/10082\/revisions"}],"predecessor-version":[{"id":11516,"href":"https:\/\/katalog.web.tr\/en\/wp-json\/wp\/v2\/pages\/10082\/revisions\/11516"}],"wp:featuredmedia":[{"embeddable":true,"href":"https:\/\/katalog.web.tr\/en\/wp-json\/wp\/v2\/media\/10084"}],"wp:attachment":[{"href":"https:\/\/katalog.web.tr\/en\/wp-json\/wp\/v2\/media?parent=10082"}],"wp:term":[{"taxonomy":"category","embeddable":true,"href":"https:\/\/katalog.web.tr\/en\/wp-json\/wp\/v2\/categories?post=10082"},{"taxonomy":"post_tag","embeddable":true,"href":"https:\/\/katalog.web.tr\/en\/wp-json\/wp\/v2\/tags?post=10082"}],"curies":[{"name":"wp","href":"https:\/\/api.w.org\/{rel}","templated":true}]}}