{"id":8036,"date":"2025-07-23T12:53:06","date_gmt":"2025-07-23T09:53:06","guid":{"rendered":"https:\/\/katalog.web.tr\/misyon\/"},"modified":"2026-01-07T11:44:30","modified_gmt":"2026-01-07T08:44:30","slug":"mission","status":"publish","type":"page","link":"https:\/\/katalog.web.tr\/en\/company\/mission\/","title":{"rendered":"Mission"},"content":{"rendered":"\t\t<div data-elementor-type=\"wp-page\" data-elementor-id=\"8036\" class=\"elementor elementor-8036 elementor-1406\" data-elementor-post-type=\"page\">\n\t\t\t\t<div class=\"elementor-element elementor-element-722b5ae e-flex e-con-boxed e-con e-parent\" data-id=\"722b5ae\" data-element_type=\"container\" data-e-type=\"container\">\n\t\t\t\t\t<div class=\"e-con-inner\">\n\t\t\t\t<div class=\"elementor-element elementor-element-910c999 elementor-widget__width-initial elementor-widget-mobile__width-inherit elementor-widget elementor-widget-text-editor\" data-id=\"910c999\" data-element_type=\"widget\" data-e-type=\"widget\" data-widget_type=\"text-editor.default\">\n\t\t\t\t\t\t\t\t\t<p>Eco-Friendly Solutions\u00a0<\/p>\t\t\t\t\t\t\t\t<\/div>\n\t\t\t\t<div class=\"elementor-element elementor-element-095f87d elementor-widget__width-initial elementor-widget-mobile__width-inherit elementor-widget elementor-widget-text-editor\" data-id=\"095f87d\" data-element_type=\"widget\" data-e-type=\"widget\" data-widget_type=\"text-editor.default\">\n\t\t\t\t\t\t\t\t\t<p><span data-contrast=\"auto\">At Antex, we aim not only to provide products but also to create value. Our mission and vision for the future are shaped by our commitment to sustainability, innovation, and quality, guiding every step we take.<\/span><\/p>\t\t\t\t\t\t\t\t<\/div>\n\t\t\t\t\t<\/div>\n\t\t\t\t<\/div>\n\t\t<div class=\"elementor-element elementor-element-08d0055 e-flex e-con-boxed e-con e-parent\" data-id=\"08d0055\" data-element_type=\"container\" data-e-type=\"container\">\n\t\t\t\t\t<div class=\"e-con-inner\">\n\t\t\t\t<div class=\"elementor-element elementor-element-b15de07 elementor-widget-tablet__width-initial elementor-widget-mobile__width-inherit elementor-widget elementor-widget-image\" data-id=\"b15de07\" data-element_type=\"widget\" data-e-type=\"widget\" data-widget_type=\"image.default\">\n\t\t\t\t\t\t\t\t\t\t\t\t\t\t\t<img fetchpriority=\"high\" decoding=\"async\" width=\"560\" height=\"445\" src=\"data:image\/gif;base64,R0lGODlhAQABAIAAAAAAAP\/\/\/yH5BAEAAAAALAAAAAABAAEAAAIBRAA7\" data-src=\"https:\/\/katalog.web.tr\/wp-content\/uploads\/2025\/08\/Antex-Misyon.png\" class=\"attachment-large size-large wp-image-8073 lazyload\" alt=\"Laboratuvarda tekstil bask\u0131 boyas\u0131 form\u00fclasyonu geli\u015ftiren Antex Ar-Ge ekibi\" data-srcset=\"https:\/\/katalog.web.tr\/wp-content\/uploads\/2025\/08\/Antex-Misyon.png 560w, https:\/\/katalog.web.tr\/wp-content\/uploads\/2025\/08\/Antex-Misyon-300x238.png 300w\" sizes=\"(max-width: 560px) 100vw, 560px\" \/><noscript><img decoding=\"async\" width=\"560\" height=\"445\" src=\"https:\/\/katalog.web.tr\/wp-content\/uploads\/2025\/08\/Antex-Misyon.png\" class=\"attachment-large size-large wp-image-8073 lazyload\" alt=\"Laboratuvarda tekstil bask\u0131 boyas\u0131 form\u00fclasyonu geli\u015ftiren Antex Ar-Ge ekibi\" srcset=\"https:\/\/katalog.web.tr\/wp-content\/uploads\/2025\/08\/Antex-Misyon.png 560w, https:\/\/katalog.web.tr\/wp-content\/uploads\/2025\/08\/Antex-Misyon-300x238.png 300w\" sizes=\"(max-width: 560px) 100vw, 560px\" \/><\/noscript>\t\t\t\t\t\t\t\t\t\t\t\t\t\t\t<\/div>\n\t\t<div class=\"elementor-element elementor-element-23d6d73 e-con-full e-flex e-con e-child\" data-id=\"23d6d73\" data-element_type=\"container\" data-e-type=\"container\">\n\t\t\t\t<div class=\"elementor-element elementor-element-4adf89b elementor-widget elementor-widget-text-editor\" data-id=\"4adf89b\" data-element_type=\"widget\" data-e-type=\"widget\" data-widget_type=\"text-editor.default\">\n\t\t\t\t\t\t\t\t\t<p>Our Mission<\/p>\t\t\t\t\t\t\t\t<\/div>\n\t\t\t\t<div class=\"elementor-element elementor-element-1ad8c6e elementor-widget elementor-widget-text-editor\" data-id=\"1ad8c6e\" data-element_type=\"widget\" data-e-type=\"widget\" data-widget_type=\"text-editor.default\">\n\t\t\t\t\t\t\t\t\t<p>TO ADD VALUE TO THE TEXTILE PRINTING INDUSTRY WITH INNOVATIVE, RELIABLE, AND ENVIRONMENTALLY CONSCIOUS SOLUTIONS.<\/p>\t\t\t\t\t\t\t\t<\/div>\n\t\t\t\t<div class=\"elementor-element elementor-element-71d2704 elementor-widget elementor-widget-text-editor\" data-id=\"71d2704\" data-element_type=\"widget\" data-e-type=\"widget\" data-widget_type=\"text-editor.default\">\n\t\t\t\t\t\t\t\t\t<p>At Antex, we focus on developing eco-friendly solutions for the textile printing industry. With our water-based and sustainable ink technologies, we help improve the production quality of our customers while minimizing our impact on nature. In every product we create, we combine performance, innovation, and responsibility.<\/p>\t\t\t\t\t\t\t\t<\/div>\n\t\t\t\t<\/div>\n\t\t\t\t\t<\/div>\n\t\t\t\t<\/div>\n\t\t<div class=\"elementor-element elementor-element-247e468 e-con-full e-flex e-con e-parent\" data-id=\"247e468\" data-element_type=\"container\" data-e-type=\"container\">\n\t\t<div class=\"elementor-element elementor-element-3214891 e-con-full e-flex e-con e-child\" data-id=\"3214891\" data-element_type=\"container\" data-e-type=\"container\" data-settings=\"{&quot;background_background&quot;:&quot;video&quot;,&quot;background_video_link&quot;:&quot;https:\\\/\\\/katalog.web.tr\\\/wp-content\\\/uploads\\\/2025\\\/07\\\/antex-misyon-wide4.mp4&quot;,&quot;background_play_on_mobile&quot;:&quot;yes&quot;}\">\n\t\t<div class=\"elementor-background-video-container\">\n\t\t\t\t\t\t\t<video class=\"elementor-background-video-hosted lazyload\" role=\"presentation\" autoplay muted playsinline loop><\/video>\n\t\t\t\t\t<\/div>\t\t<\/div>\n\t\t<div class=\"elementor-element elementor-element-8e08993 e-con-full e-flex e-con e-child\" data-id=\"8e08993\" data-element_type=\"container\" data-e-type=\"container\" data-settings=\"{&quot;background_background&quot;:&quot;classic&quot;}\">\n\t\t\t\t<div class=\"elementor-element elementor-element-9ba9595 elementor-widget elementor-widget-text-editor\" data-id=\"9ba9595\" data-element_type=\"widget\" data-e-type=\"widget\" data-widget_type=\"text-editor.default\">\n\t\t\t\t\t\t\t\t\t<p>Our Values<\/p>\t\t\t\t\t\t\t\t<\/div>\n\t\t\t\t<div class=\"elementor-element elementor-element-38f4119 elementor-widget elementor-widget-text-editor\" data-id=\"38f4119\" data-element_type=\"widget\" data-e-type=\"widget\" data-widget_type=\"text-editor.default\">\n\t\t\t\t\t\t\t\t\t<p>We deliver sustainability, efficiency, and innovation in every drop of ink.<\/p>\t\t\t\t\t\t\t\t<\/div>\n\t\t\t\t<div class=\"elementor-element elementor-element-385ae82 elementor-position-inline-start elementor-view-default elementor-mobile-position-block-start elementor-widget elementor-widget-icon-box\" data-id=\"385ae82\" data-element_type=\"widget\" data-e-type=\"widget\" data-widget_type=\"icon-box.default\">\n\t\t\t\t\t\t\t<div class=\"elementor-icon-box-wrapper\">\n\n\t\t\t\t\t\t<div class=\"elementor-icon-box-icon\">\n\t\t\t\t<span  class=\"elementor-icon\">\n\t\t\t\t<svg xmlns=\"http:\/\/www.w3.org\/2000\/svg\" width=\"32.708\" height=\"36\" viewBox=\"0 0 32.708 36\"><path id=\"_-noun-smart-technology-6407596\" data-name=\"-noun-smart-technology-6407596\" d=\"M38.673,19.937a2.054,2.054,0,0,0-2,1.633H24.792V18.713h9.8A.386.386,0,0,0,35,18.3V14.793a2.054,2.054,0,0,0,1.633-2,2.131,2.131,0,0,0-2.041-2.041,2.022,2.022,0,0,0-2.041,2.041,1.928,1.928,0,0,0,1.633,2v3.1h-9.39V16.508h0a2.914,2.914,0,0,0-2.9-2.776c-.122,0-.163-.2,0-.2a2.756,2.756,0,0,1,2.94.817V12.629h4.9a.386.386,0,0,0,.408-.408V8.1a2.054,2.054,0,0,0,1.633-2,2.131,2.131,0,0,0-2.041-2.041A2.022,2.022,0,0,0,27.69,6.1a1.928,1.928,0,0,0,1.633,2v3.715H24.832V5.77a3.156,3.156,0,0,0-2.695-1.715,5.266,5.266,0,0,0-4.858,2.286,3.945,3.945,0,0,0-2.654,1.021,4.959,4.959,0,0,0-1.551,2.776A3.7,3.7,0,0,1,16.585,11a2.769,2.769,0,0,1,.653,2.94,3.012,3.012,0,0,0-4.246-3.021,4.12,4.12,0,0,0-.612.286,4.779,4.779,0,0,0-2.572,5.675A3.833,3.833,0,0,0,8.3,21.285a4.029,4.029,0,0,0,.694,1.592c2.041,2.45,4.083.2,4.246.163a2.206,2.206,0,0,1-1.715,1.592c-.163,0-.367.041-.531.041a3.429,3.429,0,0,1-2.368-1.062,6.455,6.455,0,0,0-.367,4.042,3.969,3.969,0,0,0,1.919,2.735c-.163.9-.49,3.47.98,5.144a5.012,5.012,0,0,0,3.919,1.511,4.135,4.135,0,0,1,.163-4.287A5.574,5.574,0,0,0,15.973,37a6.589,6.589,0,0,0,4.409,2.94,6.091,6.091,0,0,0,.857.082,5.161,5.161,0,0,0,3.47-1.347.441.441,0,0,0,.122-.286V32.267h4.491v3.715a2.054,2.054,0,0,0-1.633,2,2.131,2.131,0,0,0,2.041,2.041,2.022,2.022,0,0,0,2.041-2.041,1.928,1.928,0,0,0-1.633-2V31.859a.386.386,0,0,0-.408-.408h-4.9V28.225a3.878,3.878,0,0,0-3.756-2.98c-.122,0-.122-.163,0-.2a3.518,3.518,0,0,1,3.8,1.266v-.163h9.39v3.1a2.054,2.054,0,0,0-1.633,2,2.131,2.131,0,0,0,2.041,2.041,2.022,2.022,0,0,0,2.041-2.041,1.928,1.928,0,0,0-1.633-2V25.735a.386.386,0,0,0-.408-.408h-9.8V22.469H36.754a2.054,2.054,0,0,0,2,1.633A2.131,2.131,0,0,0,40.8,22.06a2.022,2.022,0,0,0-2.041-2.041h0Zm-25.966,0h-.122a.492.492,0,0,1-.408-.286.388.388,0,0,1,.286-.49,2.013,2.013,0,0,0,1.633-2,2.662,2.662,0,0,1-.98-1.633.41.41,0,1,1,.817-.082,1.773,1.773,0,0,0,.857,1.225,2.69,2.69,0,0,0,2.246.245.413.413,0,1,1,.286.776,3.688,3.688,0,0,1-1.143.163,3.873,3.873,0,0,1-1.306-.245,2.819,2.819,0,0,1-2.164,2.368ZM17.2,29.205a.386.386,0,0,1-.408-.408,1.353,1.353,0,0,0-.449-1.062,1.208,1.208,0,0,0-1.062-.245,3.358,3.358,0,0,1-1.837.653H13.36a.408.408,0,1,1,0-.817,3.116,3.116,0,0,0,2.654-2.286.393.393,0,1,1,.776.122,3.22,3.22,0,0,1-.735,1.551,2.072,2.072,0,0,1,.735.367,2.2,2.2,0,0,1,.776,1.715c0,.694-.163.408-.408.408H17.2Zm5.185,1.633a.408.408,0,0,1,0,.817,1.3,1.3,0,0,0-1.47,1.062,3.072,3.072,0,0,1-.408,2.572.371.371,0,0,1-.327.163c-.122,0-.163,0-.245-.082a.439.439,0,0,1-.082-.572,2.4,2.4,0,0,0,.2-2.082,1.7,1.7,0,0,0-.9-1.1.4.4,0,1,1,.2-.776,2.038,2.038,0,0,1,1.062.817,2.267,2.267,0,0,1,1.919-.857h0ZM21.566,20.06a.388.388,0,0,1-.49.286,2.46,2.46,0,0,0-1.551.408.98.98,0,0,0-.449.612.4.4,0,0,1-.408.367h0a.369.369,0,0,1-.367-.449,1.487,1.487,0,0,1,.776-1.225,2.2,2.2,0,0,1,.531-.286,4.618,4.618,0,0,1,1.062-2.654.4.4,0,1,1,.572.572,3.248,3.248,0,0,0-.735,1.8,3,3,0,0,1,.857,0,.388.388,0,0,1,.286.49h0ZM21.24,9.771a2.815,2.815,0,0,1-1.306.327,2.639,2.639,0,0,1-.9-.122.443.443,0,0,1-.286-.49.42.42,0,0,1,.49-.286,2,2,0,0,0,1.551-.122,1.192,1.192,0,0,0,.612-.735.4.4,0,1,1,.776.2,2.021,2.021,0,0,1-.98,1.266Z\" transform=\"translate(-8.088 -4.025)\" fill=\"#fff\"><\/path><\/svg>\t\t\t\t<\/span>\n\t\t\t<\/div>\n\t\t\t\n\t\t\t\t\t\t<div class=\"elementor-icon-box-content\">\n\n\t\t\t\t\t\t\t\t\t<h3 class=\"elementor-icon-box-title\">\n\t\t\t\t\t\t<span  >\n\t\t\t\t\t\t\tLeadership in Technology\t\t\t\t\t\t<\/span>\n\t\t\t\t\t<\/h3>\n\t\t\t\t\n\t\t\t\t\t\t\t\t\t<p class=\"elementor-icon-box-description\">\n\t\t\t\t\t\tWith 37 years of experience in developing textile printing inks at our AntexLab, we are ready to provide expert support and training by our printing technicians.\t\t\t\t\t<\/p>\n\t\t\t\t\n\t\t\t<\/div>\n\t\t\t\n\t\t<\/div>\n\t\t\t\t\t\t<\/div>\n\t\t\t\t<div class=\"elementor-element elementor-element-380b996 elementor-position-inline-start elementor-view-default elementor-mobile-position-block-start elementor-widget elementor-widget-icon-box\" data-id=\"380b996\" data-element_type=\"widget\" data-e-type=\"widget\" data-widget_type=\"icon-box.default\">\n\t\t\t\t\t\t\t<div class=\"elementor-icon-box-wrapper\">\n\n\t\t\t\t\t\t<div class=\"elementor-icon-box-icon\">\n\t\t\t\t<span  class=\"elementor-icon\">\n\t\t\t\t<svg xmlns=\"http:\/\/www.w3.org\/2000\/svg\" width=\"36.339\" height=\"36.357\" viewBox=\"0 0 36.339 36.357\"><g id=\"noun-ecology-7938165\" transform=\"translate(-10.2 -15.173)\"><path id=\"Path_10638\" data-name=\"Path 10638\" d=\"M39.393,59.971h0a.979.979,0,0,0,.972-.932V49.114c.041,0,1.013-.972,1.013-.972h0a4.123,4.123,0,0,0,1.823.405,5.4,5.4,0,0,0,3.808-1.58c2.188-2.188,1.985-6.725,1.945-6.887h0a.9.9,0,0,0-.891-.891c-.2,0-4.7-.243-6.887,1.945a5.229,5.229,0,0,0-1.134,5.631l-.932.932h0a6.806,6.806,0,0,0-1.62-2.755c-2.755-2.755-8.467-2.471-8.71-2.471a.9.9,0,0,0-.891.891c0,.243-.284,5.955,2.471,8.71h0a6.892,6.892,0,0,0,4.051,1.9H35.1a5.63,5.63,0,0,0,2.431-.567l.972,1.013v4.537h0a.951.951,0,0,0,.932.972h0Zm3.16-17.5c1.053-1.053,3.16-1.337,4.537-1.418-.041,1.377-.365,3.484-1.418,4.537h0a3.475,3.475,0,0,1-2.755.972l1.094-1.094a.945.945,0,0,0-1.337-1.337l-1.094,1.094a3.622,3.622,0,0,1,.972-2.755h0Zm-7.981,9.682a5.243,5.243,0,0,1-2.917-1.337c-1.58-1.58-1.864-4.821-1.9-6.36,1.58,0,4.78.324,6.36,1.9h0a4.914,4.914,0,0,1,1.256,4.335L35.545,48.83a.945.945,0,1,0-1.337,1.337l1.823,1.864h0a4.451,4.451,0,0,1-1.458.122Z\" transform=\"translate(-10.517 -14.281)\" fill=\"#fff\"><\/path><path id=\"Path_10639\" data-name=\"Path 10639\" d=\"M48.641,57.6a.986.986,0,0,0-.972.972,16.264,16.264,0,0,1-29.7,9.2H21.7a.972.972,0,0,0,0-1.945H16.272a.949.949,0,0,0-.689.284.889.889,0,0,0-.284.689v5.429a.972.972,0,1,0,1.945,0V69.956A18.158,18.158,0,0,0,49.573,58.572.986.986,0,0,0,48.6,57.6h0Z\" transform=\"translate(-3.034 -25.239)\" fill=\"#fff\"><\/path><path id=\"Path_10640\" data-name=\"Path 10640\" d=\"M28.39,17.088A16.227,16.227,0,0,1,39.166,21.18H36.047a.972.972,0,0,0,0,1.945h5.429a.949.949,0,0,0,.689-.284.977.977,0,0,0,.284-.689V16.724a.972.972,0,0,0-1.945,0V19.8a18.367,18.367,0,0,0-12.8-4.618A18.2,18.2,0,0,0,10.2,33.333a.972.972,0,1,0,1.945,0A16.321,16.321,0,0,1,28.43,17.048h0Z\" fill=\"#fff\"><\/path><\/g><\/svg>\t\t\t\t<\/span>\n\t\t\t<\/div>\n\t\t\t\n\t\t\t\t\t\t<div class=\"elementor-icon-box-content\">\n\n\t\t\t\t\t\t\t\t\t<h3 class=\"elementor-icon-box-title\">\n\t\t\t\t\t\t<span  >\n\t\t\t\t\t\t\tEnvironmentally Conscious Production \t\t\t\t\t\t<\/span>\n\t\t\t\t\t<\/h3>\n\t\t\t\t\n\t\t\t\t\t\t\t\t\t<p class=\"elementor-icon-box-description\">\n\t\t\t\t\t\tAntex inks are formulated without harmful chemicals, making them safer for the environment. We embrace eco-friendly production practices that comply with the strictest chemical regulations. \t\t\t\t\t<\/p>\n\t\t\t\t\n\t\t\t<\/div>\n\t\t\t\n\t\t<\/div>\n\t\t\t\t\t\t<\/div>\n\t\t\t\t<div class=\"elementor-element elementor-element-57ae405 elementor-position-inline-start elementor-view-default elementor-mobile-position-block-start elementor-widget elementor-widget-icon-box\" data-id=\"57ae405\" data-element_type=\"widget\" data-e-type=\"widget\" data-widget_type=\"icon-box.default\">\n\t\t\t\t\t\t\t<div class=\"elementor-icon-box-wrapper\">\n\n\t\t\t\t\t\t<div class=\"elementor-icon-box-icon\">\n\t\t\t\t<span  class=\"elementor-icon\">\n\t\t\t\t<svg xmlns=\"http:\/\/www.w3.org\/2000\/svg\" width=\"26.602\" height=\"36.364\" viewBox=\"0 0 26.602 36.364\"><g id=\"_-noun-quality-6165649\" data-name=\"-noun-quality-6165649\" transform=\"translate(-26.8 -12)\"><path id=\"Path_10641\" data-name=\"Path 10641\" d=\"M41.2,84.652c-1.36-.931-2.291.644-4.116-.215L32.9,91.7c3.9-1.038,3.794-1.074,4.08-.931s.179.072,1.217,4.009c5.369-9.342,5.011-8.662,4.939-8.7-1.038-.358-1.36-1.074-1.933-1.467h0Z\" transform=\"translate(-3.917 -46.452)\" fill=\"#fff\"><\/path><path id=\"Path_10642\" data-name=\"Path 10642\" d=\"M69.836,84.475c-1.646-.429-1.9,1.253-3.436,1.718l4.975,8.662,1-3.687a.534.534,0,0,1,.644-.394l3.651,1-4.188-7.266a3.455,3.455,0,0,1-2.684-.036h0Z\" transform=\"translate(-25.426 -46.49)\" fill=\"#fff\"><\/path><path id=\"Path_10643\" data-name=\"Path 10643\" d=\"M52.391,23.561A2.912,2.912,0,0,1,51.64,20.8l.215-.752A1.788,1.788,0,0,0,50.6,17.87l-.752-.215a2.823,2.823,0,0,1-2-2.04l-.215-.752a1.761,1.761,0,0,0-2.183-1.253l-.752.215a2.805,2.805,0,0,1-2.756-.752C41.367,12.5,40.974,12,40.115,12s-1.253.5-1.79,1.074a2.912,2.912,0,0,1-2.756.752l-.752-.215a1.788,1.788,0,0,0-2.183,1.253l-.215.752a2.883,2.883,0,0,1-2,2.04l-.752.215a1.776,1.776,0,0,0-1.253,2.183l.215.752a2.805,2.805,0,0,1-.752,2.756l-.537.537a1.772,1.772,0,0,0,0,2.541l.537.537a2.912,2.912,0,0,1,.752,2.756l-.215.752a1.788,1.788,0,0,0,1.253,2.183l.752.215a2.823,2.823,0,0,1,2,2.04c.215.823.322,1.646,1.36,2,.895.286,1.5-.286,2.505-.286,2.183,0,2.219,1.9,3.83,1.9s1.36-.608,1.825-1.074a2.912,2.912,0,0,1,2.756-.752,2.427,2.427,0,0,0,2.112,0c.716-.43.787-1.038,1-1.825a2.883,2.883,0,0,1,2-2.04l.752-.215a1.776,1.776,0,0,0,1.253-2.183L51.6,29.9a2.805,2.805,0,0,1,.752-2.756l.537-.537a1.838,1.838,0,0,0,0-2.541l-.537-.537h0ZM40.115,35.3a9.914,9.914,0,1,1,9.914-9.914A9.937,9.937,0,0,1,40.115,35.3Z\" fill=\"#fff\"><\/path><path id=\"Path_10644\" data-name=\"Path 10644\" d=\"M48.141,24.6a8.841,8.841,0,1,0,8.841,8.841A8.86,8.86,0,0,0,48.141,24.6Zm5.047,8.017-4.939,4.939a1.534,1.534,0,0,1-2.183,0l-2.971-2.971a1.534,1.534,0,0,1,0-2.183l.394-.394a1.534,1.534,0,0,1,2.183,0l1.467,1.5,3.436-3.436a1.534,1.534,0,0,1,2.183,0l.394.394a1.534,1.534,0,0,1,0,2.183h0Z\" transform=\"translate(-8.026 -8.09)\" fill=\"#fff\"><\/path><path id=\"Path_10645\" data-name=\"Path 10645\" d=\"M59.956,41.659a.5.5,0,0,0-.68,0l-3.83,3.83a.519.519,0,0,1-.752,0l-1.861-1.861a.5.5,0,0,0-.68,0l-.394.394a.5.5,0,0,0,0,.68l2.971,2.971a.5.5,0,0,0,.68,0l4.939-4.939a.5.5,0,0,0,0-.68l-.394-.394Z\" transform=\"translate(-15.94 -18.957)\" fill=\"#fff\"><\/path><\/g><\/svg>\t\t\t\t<\/span>\n\t\t\t<\/div>\n\t\t\t\n\t\t\t\t\t\t<div class=\"elementor-icon-box-content\">\n\n\t\t\t\t\t\t\t\t\t<h3 class=\"elementor-icon-box-title\">\n\t\t\t\t\t\t<span  >\n\t\t\t\t\t\t\tSuperior Print Quality \t\t\t\t\t\t<\/span>\n\t\t\t\t\t<\/h3>\n\t\t\t\t\n\t\t\t\t\t\t\t\t\t<p class=\"elementor-icon-box-description\">\n\t\t\t\t\t\tAntex inks offer soft touch, high elasticity, and excellent washfastness. Our formulations, suitable for high mesh counts and resistance to stencil clogging, ensure higher efficiency with less ink consumption. \t\t\t\t\t<\/p>\n\t\t\t\t\n\t\t\t<\/div>\n\t\t\t\n\t\t<\/div>\n\t\t\t\t\t\t<\/div>\n\t\t\t\t<div class=\"elementor-element elementor-element-9393239 elementor-position-inline-start elementor-view-default elementor-mobile-position-block-start elementor-widget elementor-widget-icon-box\" data-id=\"9393239\" data-element_type=\"widget\" data-e-type=\"widget\" data-widget_type=\"icon-box.default\">\n\t\t\t\t\t\t\t<div class=\"elementor-icon-box-wrapper\">\n\n\t\t\t\t\t\t<div class=\"elementor-icon-box-icon\">\n\t\t\t\t<span  class=\"elementor-icon\">\n\t\t\t\t<svg xmlns=\"http:\/\/www.w3.org\/2000\/svg\" width=\"34.241\" height=\"36\" viewBox=\"0 0 34.241 36\"><path id=\"_-noun-efficiency-5708393\" data-name=\"-noun-efficiency-5708393\" d=\"M61.582,37H56.774a.986.986,0,1,0,0,1.973h4.808a.989.989,0,0,0,.7-1.685,1.017,1.017,0,0,0-.7-.288Zm4.266,6.822a10.746,10.746,0,0,1,1.742,1.66l1.068-1.068-1.7-1.71ZM58.27,41.611a11.069,11.069,0,0,1,1.808,0V39.795H58.27Zm-7.5,3.863a11.111,11.111,0,0,1,1.742-1.66L51.4,42.7l-1.7,1.7Zm7.7,7.816a1,1,0,1,0,0-1.414,1,1,0,0,0,0,1.414h0Zm.707,1.118a1.827,1.827,0,0,1-1.29-3.115,1.872,1.872,0,0,1,.879-.493V48.244a.411.411,0,0,1,.822,0V50.8a1.83,1.83,0,0,1,1.364,1.373h1.4a.407.407,0,1,1,0,.814h-1.4a1.815,1.815,0,0,1-1.775,1.422ZM64.656,64.8l-5.277-5.277L47.7,71.2,49.492,73l9.6-9.6a.422.422,0,0,1,.584,0l5.277,5.277L78.571,55.058a.407.407,0,0,1,.584,0l1.052,1.052L81.941,49.9,75.727,51.63l1.052,1.052a.407.407,0,0,1,0,.584L65.24,64.8a.407.407,0,0,1-.584,0h0Zm-2.992-4.151,1.373,1.373a10.179,10.179,0,0,0,6.329-9.427c0-4.175-4.586-10.192-10.184-10.192A10.185,10.185,0,0,0,48.99,52.592c0,5.671,2.671,8.071,6.625,9.551l1.4-1.4a8.438,8.438,0,0,1-6.263-8.153c0-3.855,3.773-8.433,8.433-8.433a8.429,8.429,0,0,1,8.433,8.433c0,4.66-2.449,6.97-5.951,8.055Zm-1.989-2,1.332,1.332a7.62,7.62,0,0,0,5.795-7.4c0-3.526-3.411-7.619-7.611-7.619a7.624,7.624,0,0,0-7.619,7.619A7.2,7.2,0,0,0,57.7,60.055l1.405-1.405a.388.388,0,0,1,.567,0h0Z\" transform=\"translate(-47.7 -37)\" fill=\"#fff\"><\/path><\/svg>\t\t\t\t<\/span>\n\t\t\t<\/div>\n\t\t\t\n\t\t\t\t\t\t<div class=\"elementor-icon-box-content\">\n\n\t\t\t\t\t\t\t\t\t<h3 class=\"elementor-icon-box-title\">\n\t\t\t\t\t\t<span  >\n\t\t\t\t\t\t\tEfficient and Powerful Performance \t\t\t\t\t\t<\/span>\n\t\t\t\t\t<\/h3>\n\t\t\t\t\n\t\t\t\t\t\t\t\t\t<p class=\"elementor-icon-box-description\">\n\t\t\t\t\t\tAntex solutions are designed to increase productivity, reduce costs, and save energy. They require less ink, minimize downtime and offer a stronger competitive advantage.\t\t\t\t\t<\/p>\n\t\t\t\t\n\t\t\t<\/div>\n\t\t\t\n\t\t<\/div>\n\t\t\t\t\t\t<\/div>\n\t\t\t\t<\/div>\n\t\t\t\t<\/div>\n\t\t\t\t<\/div>\n\t\t","protected":false},"excerpt":{"rendered":"<p>Eco-Friendly Solutions\u00a0 At Antex, we aim not only to provide products but also to create value. Our mission and vision for the future are shaped by our commitment to sustainability, innovation, and quality, guiding every step we take. Our Mission TO ADD VALUE TO THE TEXTILE PRINTING INDUSTRY WITH INNOVATIVE, RELIABLE, AND ENVIRONMENTALLY CONSCIOUS SOLUTIONS. [&hellip;]<\/p>\n","protected":false},"author":1,"featured_media":8038,"parent":8021,"menu_order":0,"comment_status":"closed","ping_status":"closed","template":"","meta":{"_acf_changed":false,"footnotes":""},"categories":[28,13,27],"tags":[],"class_list":["post-8036","page","type-page","status-publish","has-post-thumbnail","hentry","category-firma-sayfalari","category-ic-sayfalar","category-ic-sayfalar-koyu-gorsel"],"acf":[],"_links":{"self":[{"href":"https:\/\/katalog.web.tr\/en\/wp-json\/wp\/v2\/pages\/8036","targetHints":{"allow":["GET"]}}],"collection":[{"href":"https:\/\/katalog.web.tr\/en\/wp-json\/wp\/v2\/pages"}],"about":[{"href":"https:\/\/katalog.web.tr\/en\/wp-json\/wp\/v2\/types\/page"}],"author":[{"embeddable":true,"href":"https:\/\/katalog.web.tr\/en\/wp-json\/wp\/v2\/users\/1"}],"replies":[{"embeddable":true,"href":"https:\/\/katalog.web.tr\/en\/wp-json\/wp\/v2\/comments?post=8036"}],"version-history":[{"count":22,"href":"https:\/\/katalog.web.tr\/en\/wp-json\/wp\/v2\/pages\/8036\/revisions"}],"predecessor-version":[{"id":11256,"href":"https:\/\/katalog.web.tr\/en\/wp-json\/wp\/v2\/pages\/8036\/revisions\/11256"}],"up":[{"embeddable":true,"href":"https:\/\/katalog.web.tr\/en\/wp-json\/wp\/v2\/pages\/8021"}],"wp:featuredmedia":[{"embeddable":true,"href":"https:\/\/katalog.web.tr\/en\/wp-json\/wp\/v2\/media\/8038"}],"wp:attachment":[{"href":"https:\/\/katalog.web.tr\/en\/wp-json\/wp\/v2\/media?parent=8036"}],"wp:term":[{"taxonomy":"category","embeddable":true,"href":"https:\/\/katalog.web.tr\/en\/wp-json\/wp\/v2\/categories?post=8036"},{"taxonomy":"post_tag","embeddable":true,"href":"https:\/\/katalog.web.tr\/en\/wp-json\/wp\/v2\/tags?post=8036"}],"curies":[{"name":"wp","href":"https:\/\/api.w.org\/{rel}","templated":true}]}}