{"id":8039,"date":"2025-07-23T13:10:28","date_gmt":"2025-07-23T10:10:28","guid":{"rendered":"https:\/\/katalog.web.tr\/surdurulebilirlik\/"},"modified":"2026-01-02T15:09:55","modified_gmt":"2026-01-02T12:09:55","slug":"sustainability","status":"publish","type":"page","link":"https:\/\/katalog.web.tr\/en\/company\/sustainability\/","title":{"rendered":"Sustainability"},"content":{"rendered":"\t\t<div data-elementor-type=\"wp-page\" data-elementor-id=\"8039\" class=\"elementor elementor-8039 elementor-1451\" data-elementor-post-type=\"page\">\n\t\t\t\t<div class=\"elementor-element elementor-element-7d8ad01 e-flex e-con-boxed e-con e-parent\" data-id=\"7d8ad01\" data-element_type=\"container\" data-e-type=\"container\">\n\t\t\t\t\t<div class=\"e-con-inner\">\n\t\t\t\t<div class=\"elementor-element elementor-element-b4bc766 elementor-widget__width-initial elementor-widget-mobile__width-inherit elementor-widget elementor-widget-text-editor\" data-id=\"b4bc766\" data-element_type=\"widget\" data-e-type=\"widget\" data-widget_type=\"text-editor.default\">\n\t\t\t\t\t\t\t\t\t<p>We Produce Today to Protect Our Future<\/p>\t\t\t\t\t\t\t\t<\/div>\n\t\t\t\t<div class=\"elementor-element elementor-element-6f36534 elementor-widget__width-initial elementor-widget-mobile__width-inherit elementor-widget elementor-widget-text-editor\" data-id=\"6f36534\" data-element_type=\"widget\" data-e-type=\"widget\" data-widget_type=\"text-editor.default\">\n\t\t\t\t\t\t\t\t\t<p><span data-contrast=\"auto\">For us, sustainability is one of the fundamental principles of life. While meeting the needs of the market and our customers, we are committed to protecting the environment and the well-being of future generations.<\/span><\/p>\t\t\t\t\t\t\t\t<\/div>\n\t\t\t\t\t<\/div>\n\t\t\t\t<\/div>\n\t\t<div class=\"elementor-element elementor-element-5f1c0da e-flex e-con-boxed e-con e-parent\" data-id=\"5f1c0da\" data-element_type=\"container\" data-e-type=\"container\">\n\t\t\t\t\t<div class=\"e-con-inner\">\n\t\t\t\t<div class=\"elementor-element elementor-element-1271835 elementor-widget-tablet__width-initial elementor-widget-mobile__width-inherit elementor-widget elementor-widget-image\" data-id=\"1271835\" data-element_type=\"widget\" data-e-type=\"widget\" data-widget_type=\"image.default\">\n\t\t\t\t\t\t\t\t\t\t\t\t\t\t\t<img fetchpriority=\"high\" decoding=\"async\" width=\"560\" height=\"445\" src=\"data:image\/gif;base64,R0lGODlhAQABAIAAAAAAAP\/\/\/yH5BAEAAAAALAAAAAABAAEAAAIBRAA7\" data-src=\"https:\/\/katalog.web.tr\/wp-content\/uploads\/2025\/07\/anadolu_kimya_tanitim_film-2160p-109.png\" class=\"attachment-large size-large wp-image-8199 lazyload\" alt=\"Geri d\u00f6n\u00fc\u015f\u00fcm ve \u00e7evreci \u00fcretim yakla\u015f\u0131m\u0131\" data-srcset=\"https:\/\/katalog.web.tr\/wp-content\/uploads\/2025\/07\/anadolu_kimya_tanitim_film-2160p-109.png 560w, https:\/\/katalog.web.tr\/wp-content\/uploads\/2025\/07\/anadolu_kimya_tanitim_film-2160p-109-300x238.png 300w\" sizes=\"(max-width: 560px) 100vw, 560px\" \/><noscript><img decoding=\"async\" width=\"560\" height=\"445\" src=\"https:\/\/katalog.web.tr\/wp-content\/uploads\/2025\/07\/anadolu_kimya_tanitim_film-2160p-109.png\" class=\"attachment-large size-large wp-image-8199 lazyload\" alt=\"Geri d\u00f6n\u00fc\u015f\u00fcm ve \u00e7evreci \u00fcretim yakla\u015f\u0131m\u0131\" srcset=\"https:\/\/katalog.web.tr\/wp-content\/uploads\/2025\/07\/anadolu_kimya_tanitim_film-2160p-109.png 560w, https:\/\/katalog.web.tr\/wp-content\/uploads\/2025\/07\/anadolu_kimya_tanitim_film-2160p-109-300x238.png 300w\" sizes=\"(max-width: 560px) 100vw, 560px\" \/><\/noscript>\t\t\t\t\t\t\t\t\t\t\t\t\t\t\t<\/div>\n\t\t<div class=\"elementor-element elementor-element-52f3823 e-con-full e-flex e-con e-child\" data-id=\"52f3823\" data-element_type=\"container\" data-e-type=\"container\">\n\t\t\t\t<div class=\"elementor-element elementor-element-43e2a20 elementor-widget elementor-widget-text-editor\" data-id=\"43e2a20\" data-element_type=\"widget\" data-e-type=\"widget\" data-widget_type=\"text-editor.default\">\n\t\t\t\t\t\t\t\t\t<p>A DATA-DRIVEN ENVIRONMENTAL APPROACH<\/p>\t\t\t\t\t\t\t\t<\/div>\n\t\t\t\t<div class=\"elementor-element elementor-element-f38dbdc elementor-widget elementor-widget-text-editor\" data-id=\"f38dbdc\" data-element_type=\"widget\" data-e-type=\"widget\" data-widget_type=\"text-editor.default\">\n\t\t\t\t\t\t\t\t\t<p>Our Sustainability Approach<\/p>\t\t\t\t\t\t\t\t<\/div>\n\t\t\t\t<div class=\"elementor-element elementor-element-b6d0d40 elementor-widget elementor-widget-text-editor\" data-id=\"b6d0d40\" data-element_type=\"widget\" data-e-type=\"widget\" data-widget_type=\"text-editor.default\">\n\t\t\t\t\t\t\t\t\t<p>At Antex, we view sustainability not only as an environmental responsibility but also as a core business value that forms the foundation of our business model<\/p><p>We conduct our activities in the fields of chemistry and textiles with an approach that is environmentally conscious, resource-efficient, and focused on human health.<\/p><p>From production and supply chain processes to packaging and water management, we act with the goal of minimizing environmental impact at every stage.<\/p><p>Our aim is to create solutions that protect not only today\u2019s needs but also the future.<\/p>\t\t\t\t\t\t\t\t<\/div>\n\t\t\t\t<\/div>\n\t\t\t\t\t<\/div>\n\t\t\t\t<\/div>\n\t\t<div class=\"elementor-element elementor-element-d676ec3 e-flex e-con-boxed e-con e-parent\" data-id=\"d676ec3\" data-element_type=\"container\" data-e-type=\"container\">\n\t\t\t\t\t<div class=\"e-con-inner\">\n\t\t<div class=\"elementor-element elementor-element-5a06e38 e-con-full e-flex e-con e-child\" data-id=\"5a06e38\" data-element_type=\"container\" data-e-type=\"container\">\n\t\t\t\t<div class=\"elementor-element elementor-element-1051c93 elementor-widget elementor-widget-text-editor\" data-id=\"1051c93\" data-element_type=\"widget\" data-e-type=\"widget\" data-widget_type=\"text-editor.default\">\n\t\t\t\t\t\t\t\t\t<p>We Take Responsibility for the Future<\/p>\t\t\t\t\t\t\t\t<\/div>\n\t\t\t\t<div class=\"elementor-element elementor-element-8e94038 elementor-widget elementor-widget-text-editor\" data-id=\"8e94038\" data-element_type=\"widget\" data-e-type=\"widget\" data-widget_type=\"text-editor.default\">\n\t\t\t\t\t\t\t\t\t<p>Sustainability is one of the most valuable legacies Antex aims to leave for the future. With our nature-friendly production philosophy, sensitivity to public health, and the goal of sustainable growth, we continue to set an example in the sector. By taking steps that generate both environmental and social value, we move forward with determination to leave a more livable world for future generations.<\/p>\t\t\t\t\t\t\t\t<\/div>\n\t\t\t\t<\/div>\n\t\t\t\t<div class=\"elementor-element elementor-element-1272351 elementor-widget__width-initial elementor-widget-tablet__width-inherit elementor-widget-mobile__width-inherit elementor-position-inline-start elementor-view-default elementor-mobile-position-block-start elementor-widget elementor-widget-icon-box\" data-id=\"1272351\" data-element_type=\"widget\" data-e-type=\"widget\" data-widget_type=\"icon-box.default\">\n\t\t\t\t\t\t\t<div class=\"elementor-icon-box-wrapper\">\n\n\t\t\t\t\t\t<div class=\"elementor-icon-box-icon\">\n\t\t\t\t<span  class=\"elementor-icon\">\n\t\t\t\t<svg xmlns=\"http:\/\/www.w3.org\/2000\/svg\" id=\"_009-Environmental\" data-name=\"009-Environmental\" width=\"133.361\" height=\"142.595\" viewBox=\"0 0 133.361 142.595\"><path id=\"Path_10649\" data-name=\"Path 10649\" d=\"M119.341,347.922a8.95,8.95,0,0,0-6.718,1.557l-8.256,5.9a9.058,9.058,0,0,0-.86-1.5,9.006,9.006,0,0,0-12.569-2.1l-6.78,4.846a8.945,8.945,0,0,0-5.514-1.909H71.387a12,12,0,0,1-6.679-2.023,15.424,15.424,0,0,0-18.984,1.462l-1.471,1.348a5.769,5.769,0,0,1-2.738,1.4v-.1a4.4,4.4,0,0,0-4.4-4.4H20.972a4.4,4.4,0,0,0-4.4,4.4V360.9a2.089,2.089,0,1,0,4.178,0v-4.09a.219.219,0,0,1,.218-.22H37.12a.219.219,0,0,1,.218.22v32.318a.219.219,0,0,1-.218.22H20.972a.219.219,0,0,1-.218-.22V370.664a2.089,2.089,0,0,0-4.178,0v18.468a4.4,4.4,0,0,0,4.4,4.4H37.12a4.4,4.4,0,0,0,4.4-4.4v-.219H78.91a29.594,29.594,0,0,0,17.3-5.549L123.1,364.149a9.015,9.015,0,0,0-3.756-16.227Zm-25.974,7.264a4.836,4.836,0,0,1,7.483,2.707l-13.083,9.351a7.16,7.16,0,0,1-1.174.676,8.783,8.783,0,0,0,1.058-4.356,8.893,8.893,0,0,0-.871-3.671Zm27.3,5.563L93.785,379.964a25.437,25.437,0,0,1-14.875,4.771H41.515V361.139a9.933,9.933,0,0,0,5.561-2.548l1.471-1.348a11.246,11.246,0,0,1,13.843-1.067,16.163,16.163,0,0,0,9,2.726h7.256a4.857,4.857,0,0,1,4.831,4.742,4.718,4.718,0,0,1-1.383,3.408,5.083,5.083,0,0,1-3.6,1.523H64.8a2.089,2.089,0,1,0,0,4.178H83.618a11.248,11.248,0,0,0,6.578-2.109l24.855-17.766a4.829,4.829,0,0,1,6.74,1.124A4.845,4.845,0,0,1,120.667,360.75Z\" transform=\"translate(-16.576 -250.934)\" fill=\"#fff\"><\/path><path id=\"Path_10650\" data-name=\"Path 10650\" d=\"M240.035,20.872a4.406,4.406,0,0,0-4.156-2.312c-.843.054-1.682.133-2.516.23a43.625,43.625,0,0,0-74.213,4.033,2.089,2.089,0,1,0,3.671,1.994,39.562,39.562,0,0,1,4.673-6.8h3.867a3.444,3.444,0,0,1,3.271,2.358,8.687,8.687,0,0,0,8.252,5.947h2.469a4.525,4.525,0,0,1,4.52,4.52v7.387a9.032,9.032,0,0,1-.948,4.018l-1.307,2.614a8.942,8.942,0,0,1-5.26,4.525,47.662,47.662,0,0,0-24.239-7.81,39.48,39.48,0,0,1,1.185-7.822,2.089,2.089,0,0,0-4.046-1.041,43.665,43.665,0,0,0-1.321,8.856c-.141.006-.283.009-.423.016a4.4,4.4,0,0,0-4.17,4.632A48.2,48.2,0,0,0,197.5,91.84c.478,0,.981-.009,1.577-.029h.035a48.238,48.238,0,0,0,40.925-70.938ZM205.913,5.08l-2.972,4.458a3.441,3.441,0,0,1-2.869,1.535h-6.8a8.935,8.935,0,0,1-8.023-4.942A39.522,39.522,0,0,1,205.913,5.08ZM191.353,46.732l1.307-2.614a13.227,13.227,0,0,0,1.389-5.886V30.845a8.708,8.708,0,0,0-8.7-8.7h-2.469a4.514,4.514,0,0,1-4.288-3.091,7.611,7.611,0,0,0-6.97-5.2,39.45,39.45,0,0,1,9.706-6.206l.165.329a13.091,13.091,0,0,0,11.773,7.276h6.8a7.61,7.61,0,0,0,6.345-3.4l3.735-5.6A39.256,39.256,0,0,1,226.242,16.61h-8.059a13.091,13.091,0,0,0-11.773,7.276L205.1,26.5a13.23,13.23,0,0,0-1.389,5.886v1.451A48,48,0,0,0,191.7,57.371a48.878,48.878,0,0,0-5.47-5.165,13.109,13.109,0,0,0,5.126-5.474ZM224.18,20.788A47.961,47.961,0,0,0,208.4,29.43a8.938,8.938,0,0,1,.445-1.062l1.307-2.614a8.936,8.936,0,0,1,8.036-4.967ZM153.515,46a.22.22,0,0,1,.058-.164.212.212,0,0,1,.152-.073c.745-.038,1.5-.057,2.248-.057a44.257,44.257,0,0,1,34.966,17.271q-.14,1.844-.143,3.709a48.334,48.334,0,0,0,2.777,16.13c-8.565-4.992-21.255-14.051-26.451-26.18a2.089,2.089,0,0,0-3.84,1.645c3.011,7.031,8.506,13.782,16.332,20.068a98.191,98.191,0,0,0,13.674,9.117A44.022,44.022,0,0,1,153.515,46Zm52.65,40.818a64.544,64.544,0,0,0,7.289-7.881c6.217-7.923,14.059-21.646,16.111-42.031a2.089,2.089,0,0,0-4.156-.418c-1.941,19.284-9.289,32.235-15.111,39.705a56.418,56.418,0,0,1-10.526,10.495A44.055,44.055,0,0,1,236.147,22.73h.013a.222.222,0,0,1,.192.116,44.077,44.077,0,0,1-30.187,63.97Z\" transform=\"translate(-112.362 0)\" fill=\"#fff\"><\/path><\/svg>\t\t\t\t<\/span>\n\t\t\t<\/div>\n\t\t\t\n\t\t\t\t\t\t<div class=\"elementor-icon-box-content\">\n\n\t\t\t\t\t\t\t\t\t<h3 class=\"elementor-icon-box-title\">\n\t\t\t\t\t\t<span  >\n\t\t\t\t\t\t\tEco-Friendly Production Processes \t\t\t\t\t\t<\/span>\n\t\t\t\t\t<\/h3>\n\t\t\t\t\n\t\t\t\t\t\t\t\t\t<p class=\"elementor-icon-box-description\">\n\t\t\t\t\t\tAll our production processes are designed within the framework of international environmental and health standards. While selecting raw materials in compliance with global regulations such as REACH, we avoid using harmful chemicals in production and prefer safe and sustainable methods. Energy efficiency is prioritized throughout our processes, and we reduce our environmental footprint by implementing systems that minimize waste generation. For us, the environmental impact of our products is as important as their quality. \t\t\t\t\t<\/p>\n\t\t\t\t\n\t\t\t<\/div>\n\t\t\t\n\t\t<\/div>\n\t\t\t\t\t\t<\/div>\n\t\t\t\t<div class=\"elementor-element elementor-element-2f27bb6 elementor-widget__width-initial elementor-widget-tablet__width-inherit elementor-widget-mobile__width-inherit elementor-position-inline-start elementor-view-default elementor-mobile-position-block-start elementor-widget elementor-widget-icon-box\" data-id=\"2f27bb6\" data-element_type=\"widget\" data-e-type=\"widget\" data-widget_type=\"icon-box.default\">\n\t\t\t\t\t\t\t<div class=\"elementor-icon-box-wrapper\">\n\n\t\t\t\t\t\t<div class=\"elementor-icon-box-icon\">\n\t\t\t\t<span  class=\"elementor-icon\">\n\t\t\t\t<svg xmlns=\"http:\/\/www.w3.org\/2000\/svg\" id=\"_046-eco_awareness\" data-name=\"046-eco awareness\" width=\"142.595\" height=\"142.594\" viewBox=\"0 0 142.595 142.594\"><path id=\"Path_10662\" data-name=\"Path 10662\" d=\"M143.266,99.4a43.585,43.585,0,0,0-38.456,23.02,2.089,2.089,0,1,0,3.681,1.975,39.62,39.62,0,0,1,4.768-6.976h3.868a3.443,3.443,0,0,1,3.271,2.358,8.687,8.687,0,0,0,8.252,5.947h2.469a4.526,4.526,0,0,1,4.521,4.521v7.387a9.033,9.033,0,0,1-.949,4.018l-1.307,2.614a8.936,8.936,0,0,1-8.036,4.967,6.326,6.326,0,0,0-6.319,6.319v1.307a9,9,0,0,1-7.984,8.928,39.592,39.592,0,0,1-6.1-32.135,2.089,2.089,0,0,0-4.059-.989A43.678,43.678,0,0,0,129.454,184.4a2.089,2.089,0,0,0,1.322-3.963q-1.7-.568-3.325-1.279a8.982,8.982,0,0,1,7.185-3.6,7.85,7.85,0,0,0,6.545-3.5,10.763,10.763,0,0,1,8.973-4.8h6.791a9,9,0,0,1,7.311,3.763l2.575,3.6a39.233,39.233,0,0,1-23.567,7.834c-1.137,0-2.285-.049-3.412-.145a2.089,2.089,0,0,0-.356,4.162c1.245.107,2.512.161,3.768.161a43.616,43.616,0,0,0,0-87.231Zm37.649,55.369h-4.428a3.452,3.452,0,0,1-3.448-3.448v-2.768a4.862,4.862,0,0,0-4.857-4.857h-2.923a9.032,9.032,0,0,1-4.018-.949l-5.675-2.837a3.43,3.43,0,0,1-1.906-3.084v-5.038a9.033,9.033,0,0,1,.949-4.018l1.307-2.614a8.936,8.936,0,0,1,8.036-4.967h11.457a39.411,39.411,0,0,1,5.506,34.581Zm-29.237-50.285-2.97,4.454a3.441,3.441,0,0,1-2.869,1.536h-6.8a8.935,8.935,0,0,1-8.025-4.946,39.486,39.486,0,0,1,20.668-1.044Zm18.371,67.451-2.392-3.349a13.189,13.189,0,0,0-10.711-5.512h-6.791a14.933,14.933,0,0,0-12.449,6.662,3.682,3.682,0,0,1-3.069,1.643,13.162,13.162,0,0,0-10.96,5.884,39.322,39.322,0,0,1-9.723-7.836,13.186,13.186,0,0,0,9.253-12.57v-1.307a2.143,2.143,0,0,1,2.141-2.141,13.09,13.09,0,0,0,11.773-7.276l1.307-2.614a13.227,13.227,0,0,0,1.39-5.886V130.25a8.708,8.708,0,0,0-8.7-8.7H128.65a4.515,4.515,0,0,1-4.288-3.091,7.612,7.612,0,0,0-6.977-5.2,39.386,39.386,0,0,1,9.711-6.21l.167.333a13.091,13.091,0,0,0,11.773,7.276h6.8a7.61,7.61,0,0,0,6.345-3.4l3.731-5.6a39.536,39.536,0,0,1,16.064,10.352h-8.027a13.09,13.09,0,0,0-11.773,7.276l-1.307,2.614a13.227,13.227,0,0,0-1.39,5.887v5.038a7.584,7.584,0,0,0,4.215,6.821l5.675,2.837a13.231,13.231,0,0,0,5.887,1.39h2.923a.68.68,0,0,1,.68.68v2.768a7.634,7.634,0,0,0,7.626,7.626h2.852a39.625,39.625,0,0,1-9.29,12.989Z\" transform=\"translate(-71.897 -71.719)\" fill=\"#fff\"><\/path><path id=\"Path_10663\" data-name=\"Path 10663\" d=\"M238.893,22.634a6.71,6.71,0,0,0,6.7-6.7V6.7a6.7,6.7,0,0,0-13.406,0v9.228A6.71,6.71,0,0,0,238.893,22.634ZM236.367,6.7a2.525,2.525,0,0,1,5.05,0v9.228a2.525,2.525,0,0,1-5.05,0Z\" transform=\"translate(-167.524 0)\" fill=\"#fff\"><\/path><path id=\"Path_10664\" data-name=\"Path 10664\" d=\"M76.61,85.727a6.711,6.711,0,0,0,9.479,0h0a6.7,6.7,0,0,0,0-9.479l-6.525-6.525A6.7,6.7,0,0,0,70.085,79.2ZM73.038,72.676a2.528,2.528,0,0,1,3.571,0L83.135,79.2a2.525,2.525,0,0,1,0,3.571h0a2.528,2.528,0,0,1-3.571,0l-6.525-6.525a2.527,2.527,0,0,1,0-3.571Z\" transform=\"translate(-49.152 -48.89)\" fill=\"#fff\"><\/path><path id=\"Path_10665\" data-name=\"Path 10665\" d=\"M22.634,238.38a6.71,6.71,0,0,0-6.7-6.7H6.7a6.7,6.7,0,1,0,0,13.406h9.228A6.71,6.71,0,0,0,22.634,238.38Zm-6.7,2.525H6.7a2.525,2.525,0,1,1,0-5.05h9.228a2.525,2.525,0,1,1,0,5.05Z\" transform=\"translate(0 -167.154)\" fill=\"#fff\"><\/path><path id=\"Path_10666\" data-name=\"Path 10666\" d=\"M85.726,374.286a6.7,6.7,0,0,0-9.479,0l-6.525,6.525a6.7,6.7,0,0,0,9.48,9.479l6.525-6.525a6.7,6.7,0,0,0,0-9.479Zm-2.954,6.525-6.525,6.525a2.525,2.525,0,0,1-3.571-3.571L79.2,377.24a2.525,2.525,0,0,1,3.571,0h0a2.525,2.525,0,0,1,0,3.571Z\" transform=\"translate(-48.889 -268.629)\" fill=\"#fff\"><\/path><path id=\"Path_10667\" data-name=\"Path 10667\" d=\"M238.379,430.731a6.71,6.71,0,0,0-6.7,6.7v9.228a6.7,6.7,0,0,0,13.406,0v-9.228A6.71,6.71,0,0,0,238.379,430.731Zm2.525,15.931a2.525,2.525,0,0,1-5.05,0v-9.228a2.525,2.525,0,0,1,5.05,0Z\" transform=\"translate(-167.153 -310.77)\" fill=\"#fff\"><\/path><path id=\"Path_10668\" data-name=\"Path 10668\" d=\"M383.765,374.657a6.71,6.71,0,0,0-9.479,0h0a6.7,6.7,0,0,0,0,9.479l6.525,6.525a6.7,6.7,0,1,0,9.48-9.479Zm3.572,13.051a2.528,2.528,0,0,1-3.571,0l-6.526-6.525a2.525,2.525,0,0,1,0-3.571h0a2.528,2.528,0,0,1,3.571,0l6.525,6.525a2.527,2.527,0,0,1,0,3.571Z\" transform=\"translate(-268.629 -268.899)\" fill=\"#fff\"><\/path><path id=\"Path_10669\" data-name=\"Path 10669\" d=\"M446.662,232.189h-9.228a6.7,6.7,0,1,0,0,13.406h9.228a6.7,6.7,0,0,0,0-13.406Zm0,9.228h-9.228a2.525,2.525,0,1,1,0-5.05h9.228a2.525,2.525,0,1,1,0,5.05Z\" transform=\"translate(-310.77 -167.523)\" fill=\"#fff\"><\/path><path id=\"Path_10670\" data-name=\"Path 10670\" d=\"M374.648,86.089a6.7,6.7,0,0,0,9.479,0l6.525-6.525a6.7,6.7,0,0,0-9.479-9.479l-6.525,6.525a6.7,6.7,0,0,0,0,9.479Zm2.954-6.525,6.525-6.525a2.525,2.525,0,0,1,3.571,3.571l-6.525,6.525a2.525,2.525,0,0,1-3.571,0h0a2.525,2.525,0,0,1,0-3.571Z\" transform=\"translate(-268.89 -49.151)\" fill=\"#fff\"><\/path><\/svg>\t\t\t\t<\/span>\n\t\t\t<\/div>\n\t\t\t\n\t\t\t\t\t\t<div class=\"elementor-icon-box-content\">\n\n\t\t\t\t\t\t\t\t\t<h3 class=\"elementor-icon-box-title\">\n\t\t\t\t\t\t<span  >\n\t\t\t\t\t\t\tEnergy and Emission <br>Management \t\t\t\t\t\t<\/span>\n\t\t\t\t\t<\/h3>\n\t\t\t\t\n\t\t\t\t\t\t\t\t\t<p class=\"elementor-icon-box-description\">\n\t\t\t\t\t\tIn line with its efforts to reduce its carbon footprint, Antex invests in systems that ensure energy efficiency within its production facilities. By optimizing our processes, we reduce energy consumption and keep emissions generated during production under strict. At the same time, we continuously work on product and process development to offer environmentally friendly solutions to our customers. \t\t\t\t\t<\/p>\n\t\t\t\t\n\t\t\t<\/div>\n\t\t\t\n\t\t<\/div>\n\t\t\t\t\t\t<\/div>\n\t\t\t\t<div class=\"elementor-element elementor-element-adf4232 elementor-widget__width-initial elementor-widget-tablet__width-inherit elementor-widget-mobile__width-inherit elementor-position-inline-start elementor-view-default elementor-mobile-position-block-start elementor-widget elementor-widget-icon-box\" data-id=\"adf4232\" data-element_type=\"widget\" data-e-type=\"widget\" data-widget_type=\"icon-box.default\">\n\t\t\t\t\t\t\t<div class=\"elementor-icon-box-wrapper\">\n\n\t\t\t\t\t\t<div class=\"elementor-icon-box-icon\">\n\t\t\t\t<span  class=\"elementor-icon\">\n\t\t\t\t<svg xmlns=\"http:\/\/www.w3.org\/2000\/svg\" id=\"_038-water\" data-name=\"038-water\" width=\"142.595\" height=\"142.594\" viewBox=\"0 0 142.595 142.594\"><path id=\"Path_10660\" data-name=\"Path 10660\" d=\"M177.409,44.678a2.089,2.089,0,1,0,3.961-1.325,17.34,17.34,0,0,1,1.467-14.235L196.827,5.136a1.932,1.932,0,0,1,3.338,0l13.989,23.982a17.335,17.335,0,0,1-6.555,23.89,18.631,18.631,0,0,1-18.206,0,17.338,17.338,0,0,1-3.182-2.272,2.089,2.089,0,0,0-2.8,3.1,21.552,21.552,0,0,0,3.949,2.82,22.786,22.786,0,0,0,22.264,0,21.515,21.515,0,0,0,8.135-29.647L203.773,3.031a6.11,6.11,0,0,0-10.555,0L179.229,27.013a21.518,21.518,0,0,0-1.82,17.665Z\" transform=\"translate(-127.198 0)\" fill=\"#fff\"><\/path><path id=\"Path_10661\" data-name=\"Path 10661\" d=\"M141.565,232.832a3.234,3.234,0,0,0-2.41-.864,20.193,20.193,0,0,0-8.224,2.346l-.15.08a16.121,16.121,0,0,1-15.187,0l-.163-.087a20.3,20.3,0,0,0-19.114,0l-.167.089a16.123,16.123,0,0,1-15.189,0l-.161-.086a20.3,20.3,0,0,0-19.117,0l-.164.087a16.127,16.127,0,0,1-15.189,0l-.165-.088a20.3,20.3,0,0,0-19.117,0l-.131.07a16.113,16.113,0,0,1-15.231-.024,20.19,20.19,0,0,0-8.24-2.371A3.237,3.237,0,0,0,0,235.223v68a6.71,6.71,0,0,0,6.7,6.7h9.685a2.089,2.089,0,1,0,0-4.178H6.7a2.528,2.528,0,0,1-2.525-2.525v-34.5A16.2,16.2,0,0,1,9.708,270.5a20.283,20.283,0,0,0,19.171.03l.133-.071a16.124,16.124,0,0,1,15.187,0l.166.088a2.089,2.089,0,0,0,1.962-3.688l-.165-.088a20.3,20.3,0,0,0-19.115,0l-.133.071a16.114,16.114,0,0,1-15.231-.024,20.4,20.4,0,0,0-7.507-2.305V250.1a16.2,16.2,0,0,1,5.531,1.779,20.281,20.281,0,0,0,19.171.03l.133-.071a16.126,16.126,0,0,1,15.187,0l.165.088a20.3,20.3,0,0,0,19.118,0l.164-.088a16.119,16.119,0,0,1,15.184,0l.163.087a20.3,20.3,0,0,0,19.12,0l.164-.088a16.125,16.125,0,0,1,15.187,0l.158.084a20.3,20.3,0,0,0,19.125,0l.148-.079a16.2,16.2,0,0,1,5.52-1.761v14.41a20.394,20.394,0,0,0-7.483,2.28l-.153.082a16.123,16.123,0,0,1-15.19,0l-.161-.086a20.3,20.3,0,0,0-19.114,0l-.167.089a2.089,2.089,0,1,0,1.964,3.687l.167-.089a16.123,16.123,0,0,1,15.187,0l.161.085a20.292,20.292,0,0,0,19.115,0l.153-.082a16.2,16.2,0,0,1,5.52-1.761V303.22a2.528,2.528,0,0,1-2.525,2.525H25.959a2.089,2.089,0,1,0,0,4.178H135.892a6.71,6.71,0,0,0,6.7-6.7V235.206a3.263,3.263,0,0,0-1.029-2.374Zm-10.634,15.325-.147.078a16.13,16.13,0,0,1-15.2,0l-.158-.084a20.3,20.3,0,0,0-19.117,0l-.164.088a16.124,16.124,0,0,1-15.189,0l-.163-.087a20.291,20.291,0,0,0-19.115,0l-.164.088a16.127,16.127,0,0,1-15.189,0l-.165-.088a20.3,20.3,0,0,0-19.115,0l-.133.071a16.114,16.114,0,0,1-15.231-.023,20.4,20.4,0,0,0-7.507-2.307v-9.637a16.023,16.023,0,0,1,5.531,1.783,20.287,20.287,0,0,0,19.174.029l.131-.07A16.126,16.126,0,0,1,44.2,238l.165.088a20.3,20.3,0,0,0,19.117,0l.164-.087a16.12,16.12,0,0,1,15.188,0l.161.086a20.3,20.3,0,0,0,19.119,0l.167-.089a16.123,16.123,0,0,1,15.185,0l.163.087a20.294,20.294,0,0,0,19.118,0l.151-.08a16.025,16.025,0,0,1,5.52-1.766v9.638a20.4,20.4,0,0,0-7.486,2.283Z\" transform=\"translate(0 -167.328)\" fill=\"#fff\"><\/path><\/svg>\t\t\t\t<\/span>\n\t\t\t<\/div>\n\t\t\t\n\t\t\t\t\t\t<div class=\"elementor-icon-box-content\">\n\n\t\t\t\t\t\t\t\t\t<h3 class=\"elementor-icon-box-title\">\n\t\t\t\t\t\t<span  >\n\t\t\t\t\t\t\tWater Management and Waste Recovery \t\t\t\t\t\t<\/span>\n\t\t\t\t\t<\/h3>\n\t\t\t\t\n\t\t\t\t\t\t\t\t\t<p class=\"elementor-icon-box-description\">\n\t\t\t\t\t\tThe protection of water resources is one of the core priorities of our environmental policy. Thanks to the chemical treatment system in our production facility, we treat wastewater generated during processes and reduce environmental impact. The treated water is discharged into the ISKI system in a safe and controlled manner in compliance with the relevant regulations. In this way, we contribute to the sustainability of water resources while ensuring effective wastewater management in a controlled and environmentally responsible manner. \t\t\t\t\t<\/p>\n\t\t\t\t\n\t\t\t<\/div>\n\t\t\t\n\t\t<\/div>\n\t\t\t\t\t\t<\/div>\n\t\t\t\t<div class=\"elementor-element elementor-element-be42d5f elementor-hidden-desktop elementor-hidden-tablet elementor-widget-divider--view-line elementor-widget elementor-widget-divider\" data-id=\"be42d5f\" data-element_type=\"widget\" data-e-type=\"widget\" data-widget_type=\"divider.default\">\n\t\t\t\t\t\t\t<div class=\"elementor-divider\">\n\t\t\t<span class=\"elementor-divider-separator\">\n\t\t\t\t\t\t<\/span>\n\t\t<\/div>\n\t\t\t\t\t\t<\/div>\n\t\t\t\t\t<\/div>\n\t\t\t\t<\/div>\n\t\t\t\t<\/div>\n\t\t","protected":false},"excerpt":{"rendered":"<p>We Produce Today to Protect Our Future For us, sustainability is one of the fundamental principles of life. While meeting the needs of the market and our customers, we are committed to protecting the environment and the well-being of future generations. A DATA-DRIVEN ENVIRONMENTAL APPROACH Our Sustainability Approach At Antex, we view sustainability not only [&hellip;]<\/p>\n","protected":false},"author":1,"featured_media":8041,"parent":8021,"menu_order":0,"comment_status":"closed","ping_status":"closed","template":"","meta":{"_acf_changed":false,"footnotes":""},"categories":[92,91,93],"tags":[],"class_list":["post-8039","page","type-page","status-publish","has-post-thumbnail","hentry","category-company-pages","category-inner-pages","category-inner-pages-dark-image"],"acf":[],"_links":{"self":[{"href":"https:\/\/katalog.web.tr\/en\/wp-json\/wp\/v2\/pages\/8039","targetHints":{"allow":["GET"]}}],"collection":[{"href":"https:\/\/katalog.web.tr\/en\/wp-json\/wp\/v2\/pages"}],"about":[{"href":"https:\/\/katalog.web.tr\/en\/wp-json\/wp\/v2\/types\/page"}],"author":[{"embeddable":true,"href":"https:\/\/katalog.web.tr\/en\/wp-json\/wp\/v2\/users\/1"}],"replies":[{"embeddable":true,"href":"https:\/\/katalog.web.tr\/en\/wp-json\/wp\/v2\/comments?post=8039"}],"version-history":[{"count":28,"href":"https:\/\/katalog.web.tr\/en\/wp-json\/wp\/v2\/pages\/8039\/revisions"}],"predecessor-version":[{"id":11149,"href":"https:\/\/katalog.web.tr\/en\/wp-json\/wp\/v2\/pages\/8039\/revisions\/11149"}],"up":[{"embeddable":true,"href":"https:\/\/katalog.web.tr\/en\/wp-json\/wp\/v2\/pages\/8021"}],"wp:featuredmedia":[{"embeddable":true,"href":"https:\/\/katalog.web.tr\/en\/wp-json\/wp\/v2\/media\/8041"}],"wp:attachment":[{"href":"https:\/\/katalog.web.tr\/en\/wp-json\/wp\/v2\/media?parent=8039"}],"wp:term":[{"taxonomy":"category","embeddable":true,"href":"https:\/\/katalog.web.tr\/en\/wp-json\/wp\/v2\/categories?post=8039"},{"taxonomy":"post_tag","embeddable":true,"href":"https:\/\/katalog.web.tr\/en\/wp-json\/wp\/v2\/tags?post=8039"}],"curies":[{"name":"wp","href":"https:\/\/api.w.org\/{rel}","templated":true}]}}