{"id":8042,"date":"2025-07-23T13:50:52","date_gmt":"2025-07-23T10:50:52","guid":{"rendered":"https:\/\/katalog.web.tr\/antex-lab\/"},"modified":"2026-01-02T17:14:06","modified_gmt":"2026-01-02T14:14:06","slug":"antex-lab","status":"publish","type":"page","link":"https:\/\/katalog.web.tr\/en\/company\/antex-lab\/","title":{"rendered":"Antex Lab"},"content":{"rendered":"\t\t<div data-elementor-type=\"wp-page\" data-elementor-id=\"8042\" class=\"elementor elementor-8042 elementor-1513\" data-elementor-post-type=\"page\">\n\t\t\t\t<div class=\"elementor-element elementor-element-154db08 e-flex e-con-boxed e-con e-parent\" data-id=\"154db08\" data-element_type=\"container\" data-e-type=\"container\">\n\t\t\t\t\t<div class=\"e-con-inner\">\n\t\t\t\t<div class=\"elementor-element elementor-element-a988596 elementor-widget__width-initial elementor-widget-mobile__width-inherit elementor-hidden-mobile elementor-widget elementor-widget-text-editor\" data-id=\"a988596\" data-element_type=\"widget\" data-e-type=\"widget\" data-widget_type=\"text-editor.default\">\n\t\t\t\t\t\t\t\t\t<p>Quality Control Tests<br \/>New Product Development<\/p>\t\t\t\t\t\t\t\t<\/div>\n\t\t\t\t<div class=\"elementor-element elementor-element-30b7e4e elementor-widget__width-initial elementor-widget-mobile__width-inherit elementor-hidden-desktop elementor-hidden-tablet elementor-widget elementor-widget-text-editor\" data-id=\"30b7e4e\" data-element_type=\"widget\" data-e-type=\"widget\" data-widget_type=\"text-editor.default\">\n\t\t\t\t\t\t\t\t\t<p>Quality Control Tests<br \/>New Product Development<\/p>\t\t\t\t\t\t\t\t<\/div>\n\t\t\t\t<div class=\"elementor-element elementor-element-f9e19c8 elementor-widget__width-initial elementor-widget-mobile__width-inherit elementor-widget elementor-widget-text-editor\" data-id=\"f9e19c8\" data-element_type=\"widget\" data-e-type=\"widget\" data-widget_type=\"text-editor.default\">\n\t\t\t\t\t\t\t\t\t<p>AntexLab is a dedicated application center where inks are <span data-olk-copy-source=\"MessageBody\">tested not only in laboratory conditions but also in real printing environments.<\/span> Actively used for new product development, performance validation, and customer-specific solutions, AntexLab is a concrete reflection of Antex\u2019s commitment to quality and innovation.<\/p>\t\t\t\t\t\t\t\t<\/div>\n\t\t\t\t\t<\/div>\n\t\t\t\t<\/div>\n\t\t<div class=\"elementor-element elementor-element-df243b8 e-flex e-con-boxed e-con e-parent\" data-id=\"df243b8\" data-element_type=\"container\" data-e-type=\"container\">\n\t\t\t\t\t<div class=\"e-con-inner\">\n\t\t\t\t<div class=\"elementor-element elementor-element-d96ac87 elementor-widget-tablet__width-initial elementor-widget-mobile__width-inherit elementor-widget elementor-widget-image\" data-id=\"d96ac87\" data-element_type=\"widget\" data-e-type=\"widget\" data-widget_type=\"image.default\">\n\t\t\t\t\t\t\t\t\t\t\t\t\t\t\t<img fetchpriority=\"high\" decoding=\"async\" width=\"560\" height=\"445\" src=\"data:image\/gif;base64,R0lGODlhAQABAIAAAAAAAP\/\/\/yH5BAEAAAAALAAAAAABAAEAAAIBRAA7\" data-src=\"https:\/\/katalog.web.tr\/wp-content\/uploads\/2025\/08\/antex-antex-lab-ar-ge-v2.png\" class=\"attachment-large size-large wp-image-8150 lazyload\" alt=\"Antex Lab uzman\u0131, tekstil bask\u0131 makinesinde boya performans\u0131n\u0131 uygulamal\u0131 olarak test ediyor\" data-srcset=\"https:\/\/katalog.web.tr\/wp-content\/uploads\/2025\/08\/antex-antex-lab-ar-ge-v2.png 560w, https:\/\/katalog.web.tr\/wp-content\/uploads\/2025\/08\/antex-antex-lab-ar-ge-v2-300x238.png 300w\" sizes=\"(max-width: 560px) 100vw, 560px\" \/><noscript><img decoding=\"async\" width=\"560\" height=\"445\" src=\"https:\/\/katalog.web.tr\/wp-content\/uploads\/2025\/08\/antex-antex-lab-ar-ge-v2.png\" class=\"attachment-large size-large wp-image-8150 lazyload\" alt=\"Antex Lab uzman\u0131, tekstil bask\u0131 makinesinde boya performans\u0131n\u0131 uygulamal\u0131 olarak test ediyor\" srcset=\"https:\/\/katalog.web.tr\/wp-content\/uploads\/2025\/08\/antex-antex-lab-ar-ge-v2.png 560w, https:\/\/katalog.web.tr\/wp-content\/uploads\/2025\/08\/antex-antex-lab-ar-ge-v2-300x238.png 300w\" sizes=\"(max-width: 560px) 100vw, 560px\" \/><\/noscript>\t\t\t\t\t\t\t\t\t\t\t\t\t\t\t<\/div>\n\t\t<div class=\"elementor-element elementor-element-eb00a5d e-con-full e-flex e-con e-child\" data-id=\"eb00a5d\" data-element_type=\"container\" data-e-type=\"container\">\n\t\t\t\t<div class=\"elementor-element elementor-element-8078236 elementor-widget elementor-widget-text-editor\" data-id=\"8078236\" data-element_type=\"widget\" data-e-type=\"widget\" data-widget_type=\"text-editor.default\">\n\t\t\t\t\t\t\t\t\t<p>PRACTICAL TECHNICAL R&amp;D<\/p>\t\t\t\t\t\t\t\t<\/div>\n\t\t\t\t<div class=\"elementor-element elementor-element-eab4fd0 elementor-widget elementor-widget-text-editor\" data-id=\"eab4fd0\" data-element_type=\"widget\" data-e-type=\"widget\" data-widget_type=\"text-editor.default\">\n\t\t\t\t\t\t\t\t\t<p>R&amp;D AND APPLICATION SUPPORT IN PRINTING QUALITY<\/p>\t\t\t\t\t\t\t\t<\/div>\n\t\t\t\t<div class=\"elementor-element elementor-element-bd3e23a elementor-widget elementor-widget-text-editor\" data-id=\"bd3e23a\" data-element_type=\"widget\" data-e-type=\"widget\" data-widget_type=\"text-editor.default\">\n\t\t\t\t\t\t\t\t\t<p>Antex Lab is an application center that ensures our inks are tested not only in laboratory settings but also in real printing conditions. To achieve the best results for our customers, we conduct practical testing and implement improvements directly in line with real-world outcomes.<\/p>\t\t\t\t\t\t\t\t<\/div>\n\t\t\t\t<\/div>\n\t\t\t\t\t<\/div>\n\t\t\t\t<\/div>\n\t\t<div class=\"elementor-element elementor-element-fcc53a3 e-flex e-con-boxed e-con e-parent\" data-id=\"fcc53a3\" data-element_type=\"container\" data-e-type=\"container\">\n\t\t\t\t\t<div class=\"e-con-inner\">\n\t\t<div class=\"elementor-element elementor-element-b73cab3 e-con-full e-flex e-con e-child\" data-id=\"b73cab3\" data-element_type=\"container\" data-e-type=\"container\">\n\t\t\t\t<div class=\"elementor-element elementor-element-58d71c7 elementor-widget elementor-widget-text-editor\" data-id=\"58d71c7\" data-element_type=\"widget\" data-e-type=\"widget\" data-widget_type=\"text-editor.default\">\n\t\t\t\t\t\t\t\t\t<p>Guide<\/p>\t\t\t\t\t\t\t\t<\/div>\n\t\t\t\t<div class=\"elementor-element elementor-element-d4eb4a7 elementor-widget elementor-widget-text-editor\" data-id=\"d4eb4a7\" data-element_type=\"widget\" data-e-type=\"widget\" data-widget_type=\"text-editor.default\">\n\t\t\t\t\t\t\t\t\t<p>Application Videos<\/p>\t\t\t\t\t\t\t\t<\/div>\n\t\t\t\t<div class=\"elementor-element elementor-element-6589f1d elementor-widget elementor-widget-text-editor\" data-id=\"6589f1d\" data-element_type=\"widget\" data-e-type=\"widget\" data-widget_type=\"text-editor.default\">\n\t\t\t\t\t\t\t\t\t<p>You can easily access the application videos and guidance content prepared for the correct and efficient use of our products.<\/p>\t\t\t\t\t\t\t\t<\/div>\n\t\t\t\t<div class=\"elementor-element elementor-element-e1366ba elementor-widget elementor-widget-button\" data-id=\"e1366ba\" data-element_type=\"widget\" data-e-type=\"widget\" data-widget_type=\"button.default\">\n\t\t\t\t\t\t\t\t\t\t<a class=\"elementor-button elementor-button-link elementor-size-sm\" href=\"https:\/\/katalog.web.tr\/en\/application-video-center\/\">\n\t\t\t\t\t\t<span class=\"elementor-button-content-wrapper\">\n\t\t\t\t\t\t\t\t\t<span class=\"elementor-button-text\">Click to Watch the Videos<\/span>\n\t\t\t\t\t<\/span>\n\t\t\t\t\t<\/a>\n\t\t\t\t\t\t\t\t<\/div>\n\t\t\t\t<\/div>\n\t\t\t\t<div class=\"elementor-element elementor-element-d7740e2 elementor-widget-tablet__width-initial elementor-widget-mobile__width-inherit elementor-widget elementor-widget-image\" data-id=\"d7740e2\" data-element_type=\"widget\" data-e-type=\"widget\" data-widget_type=\"image.default\">\n\t\t\t\t\t\t\t\t\t\t\t\t\t\t\t<img decoding=\"async\" width=\"560\" height=\"445\" src=\"data:image\/gif;base64,R0lGODlhAQABAIAAAAAAAP\/\/\/yH5BAEAAAAALAAAAAABAAEAAAIBRAA7\" data-src=\"https:\/\/katalog.web.tr\/wp-content\/uploads\/2025\/08\/antex-antex-lab-rehber.png\" class=\"attachment-large size-large wp-image-8151 lazyload\" alt=\"Serigrafi bask\u0131 makinesinde k\u0131rm\u0131z\u0131 tekstil boyas\u0131 ile yap\u0131lan uygulama \u00f6rne\u011fi\" data-srcset=\"https:\/\/katalog.web.tr\/wp-content\/uploads\/2025\/08\/antex-antex-lab-rehber.png 560w, https:\/\/katalog.web.tr\/wp-content\/uploads\/2025\/08\/antex-antex-lab-rehber-300x238.png 300w\" sizes=\"(max-width: 560px) 100vw, 560px\" \/><noscript><img loading=\"lazy\" decoding=\"async\" width=\"560\" height=\"445\" src=\"https:\/\/katalog.web.tr\/wp-content\/uploads\/2025\/08\/antex-antex-lab-rehber.png\" class=\"attachment-large size-large wp-image-8151 lazyload\" alt=\"Serigrafi bask\u0131 makinesinde k\u0131rm\u0131z\u0131 tekstil boyas\u0131 ile yap\u0131lan uygulama \u00f6rne\u011fi\" srcset=\"https:\/\/katalog.web.tr\/wp-content\/uploads\/2025\/08\/antex-antex-lab-rehber.png 560w, https:\/\/katalog.web.tr\/wp-content\/uploads\/2025\/08\/antex-antex-lab-rehber-300x238.png 300w\" sizes=\"(max-width: 560px) 100vw, 560px\" \/><\/noscript>\t\t\t\t\t\t\t\t\t\t\t\t\t\t\t<\/div>\n\t\t\t\t\t<\/div>\n\t\t\t\t<\/div>\n\t\t\t\t<\/div>\n\t\t","protected":false},"excerpt":{"rendered":"<p>Quality Control TestsNew Product Development Quality Control TestsNew Product Development AntexLab is a dedicated application center where inks are tested not only in laboratory conditions but also in real printing environments. Actively used for new product development, performance validation, and customer-specific solutions, AntexLab is a concrete reflection of Antex\u2019s commitment to quality and innovation. PRACTICAL [&hellip;]<\/p>\n","protected":false},"author":1,"featured_media":8044,"parent":8021,"menu_order":0,"comment_status":"closed","ping_status":"closed","template":"","meta":{"_acf_changed":false,"footnotes":""},"categories":[92,91,93],"tags":[],"class_list":["post-8042","page","type-page","status-publish","has-post-thumbnail","hentry","category-company-pages","category-inner-pages","category-inner-pages-dark-image"],"acf":[],"_links":{"self":[{"href":"https:\/\/katalog.web.tr\/en\/wp-json\/wp\/v2\/pages\/8042","targetHints":{"allow":["GET"]}}],"collection":[{"href":"https:\/\/katalog.web.tr\/en\/wp-json\/wp\/v2\/pages"}],"about":[{"href":"https:\/\/katalog.web.tr\/en\/wp-json\/wp\/v2\/types\/page"}],"author":[{"embeddable":true,"href":"https:\/\/katalog.web.tr\/en\/wp-json\/wp\/v2\/users\/1"}],"replies":[{"embeddable":true,"href":"https:\/\/katalog.web.tr\/en\/wp-json\/wp\/v2\/comments?post=8042"}],"version-history":[{"count":16,"href":"https:\/\/katalog.web.tr\/en\/wp-json\/wp\/v2\/pages\/8042\/revisions"}],"predecessor-version":[{"id":11086,"href":"https:\/\/katalog.web.tr\/en\/wp-json\/wp\/v2\/pages\/8042\/revisions\/11086"}],"up":[{"embeddable":true,"href":"https:\/\/katalog.web.tr\/en\/wp-json\/wp\/v2\/pages\/8021"}],"wp:featuredmedia":[{"embeddable":true,"href":"https:\/\/katalog.web.tr\/en\/wp-json\/wp\/v2\/media\/8044"}],"wp:attachment":[{"href":"https:\/\/katalog.web.tr\/en\/wp-json\/wp\/v2\/media?parent=8042"}],"wp:term":[{"taxonomy":"category","embeddable":true,"href":"https:\/\/katalog.web.tr\/en\/wp-json\/wp\/v2\/categories?post=8042"},{"taxonomy":"post_tag","embeddable":true,"href":"https:\/\/katalog.web.tr\/en\/wp-json\/wp\/v2\/tags?post=8042"}],"curies":[{"name":"wp","href":"https:\/\/api.w.org\/{rel}","templated":true}]}}