{"id":8045,"date":"2025-07-23T14:04:19","date_gmt":"2025-07-23T11:04:19","guid":{"rendered":"https:\/\/katalog.web.tr\/uretim\/"},"modified":"2026-01-02T15:13:42","modified_gmt":"2026-01-02T12:13:42","slug":"production","status":"publish","type":"page","link":"https:\/\/katalog.web.tr\/en\/company\/production\/","title":{"rendered":"Production"},"content":{"rendered":"\t\t<div data-elementor-type=\"wp-page\" data-elementor-id=\"8045\" class=\"elementor elementor-8045 elementor-1542\" data-elementor-post-type=\"page\">\n\t\t\t\t<div class=\"elementor-element elementor-element-181c1f3 e-flex e-con-boxed e-con e-parent\" data-id=\"181c1f3\" data-element_type=\"container\" data-e-type=\"container\">\n\t\t\t\t\t<div class=\"e-con-inner\">\n\t\t\t\t<div class=\"elementor-element elementor-element-28578d3 elementor-widget__width-initial elementor-widget-mobile__width-inherit elementor-widget elementor-widget-text-editor\" data-id=\"28578d3\" data-element_type=\"widget\" data-e-type=\"widget\" data-widget_type=\"text-editor.default\">\n\t\t\t\t\t\t\t\t\t<p>A Production Process Strengthened by Advanced Technology<\/p>\t\t\t\t\t\t\t\t<\/div>\n\t\t\t\t<div class=\"elementor-element elementor-element-d5d893c elementor-widget__width-initial elementor-widget-mobile__width-inherit elementor-widget elementor-widget-text-editor\" data-id=\"d5d893c\" data-element_type=\"widget\" data-e-type=\"widget\" data-widget_type=\"text-editor.default\">\n\t\t\t\t\t\t\t\t\t<p>In our 9,400 sqm modern facility, we produce environmentally friendly and high-performance textile printing inks in compliance with international standards. We control quality at every stage and operate under a sustainable production approach.<\/p>\t\t\t\t\t\t\t\t<\/div>\n\t\t\t\t\t<\/div>\n\t\t\t\t<\/div>\n\t\t<div class=\"elementor-element elementor-element-c02f7fd e-flex e-con-boxed e-con e-parent\" data-id=\"c02f7fd\" data-element_type=\"container\" data-e-type=\"container\">\n\t\t\t\t\t<div class=\"e-con-inner\">\n\t\t\t\t<div class=\"elementor-element elementor-element-675f04b elementor-widget-tablet__width-initial elementor-widget-mobile__width-inherit elementor-widget elementor-widget-image\" data-id=\"675f04b\" data-element_type=\"widget\" data-e-type=\"widget\" data-widget_type=\"image.default\">\n\t\t\t\t\t\t\t\t\t\t\t\t\t\t\t<img fetchpriority=\"high\" decoding=\"async\" width=\"560\" height=\"445\" src=\"data:image\/gif;base64,R0lGODlhAQABAIAAAAAAAP\/\/\/yH5BAEAAAAALAAAAAABAAEAAAIBRAA7\" data-src=\"https:\/\/katalog.web.tr\/wp-content\/uploads\/2025\/08\/antex-uretim-altyapi.png\" class=\"attachment-large size-large wp-image-8072 lazyload\" alt=\"Antex \u00fcretim tesisinde \u00e7al\u0131\u015fan ekip ve end\u00fcstriyel \u00fcretim altyap\u0131s\u0131\" data-srcset=\"https:\/\/katalog.web.tr\/wp-content\/uploads\/2025\/08\/antex-uretim-altyapi.png 560w, https:\/\/katalog.web.tr\/wp-content\/uploads\/2025\/08\/antex-uretim-altyapi-300x238.png 300w\" sizes=\"(max-width: 560px) 100vw, 560px\" \/><noscript><img decoding=\"async\" width=\"560\" height=\"445\" src=\"https:\/\/katalog.web.tr\/wp-content\/uploads\/2025\/08\/antex-uretim-altyapi.png\" class=\"attachment-large size-large wp-image-8072 lazyload\" alt=\"Antex \u00fcretim tesisinde \u00e7al\u0131\u015fan ekip ve end\u00fcstriyel \u00fcretim altyap\u0131s\u0131\" srcset=\"https:\/\/katalog.web.tr\/wp-content\/uploads\/2025\/08\/antex-uretim-altyapi.png 560w, https:\/\/katalog.web.tr\/wp-content\/uploads\/2025\/08\/antex-uretim-altyapi-300x238.png 300w\" sizes=\"(max-width: 560px) 100vw, 560px\" \/><\/noscript>\t\t\t\t\t\t\t\t\t\t\t\t\t\t\t<\/div>\n\t\t<div class=\"elementor-element elementor-element-d60924e e-con-full e-flex e-con e-child\" data-id=\"d60924e\" data-element_type=\"container\" data-e-type=\"container\">\n\t\t\t\t<div class=\"elementor-element elementor-element-7c7a479 elementor-widget elementor-widget-text-editor\" data-id=\"7c7a479\" data-element_type=\"widget\" data-e-type=\"widget\" data-widget_type=\"text-editor.default\">\n\t\t\t\t\t\t\t\t\t<p>Infrastructure<\/p>\t\t\t\t\t\t\t\t<\/div>\n\t\t\t\t<div class=\"elementor-element elementor-element-87221a5 elementor-widget elementor-widget-text-editor\" data-id=\"87221a5\" data-element_type=\"widget\" data-e-type=\"widget\" data-widget_type=\"text-editor.default\">\n\t\t\t\t\t\t\t\t\t<p>Production Facility<\/p>\t\t\t\t\t\t\t\t<\/div>\n\t\t\t\t<div class=\"elementor-element elementor-element-7372631 elementor-widget elementor-widget-text-editor\" data-id=\"7372631\" data-element_type=\"widget\" data-e-type=\"widget\" data-widget_type=\"text-editor.default\">\n\t\t\t\t\t\t\t\t\t<p>Antex develops, tests, and manufactures high-quality, environmentally friendly and durable water-based inks within its own production facility. Thanks to our in-house production infrastructure, we offer our customers the best price\/performance balance, fast delivery times, and high reliability.<\/p>\t\t\t\t\t\t\t\t<\/div>\n\t\t\t\t<\/div>\n\t\t\t\t\t<\/div>\n\t\t\t\t<\/div>\n\t\t<div class=\"elementor-element elementor-element-66f7d79 e-flex e-con-boxed e-con e-parent\" data-id=\"66f7d79\" data-element_type=\"container\" data-e-type=\"container\">\n\t\t\t\t\t<div class=\"e-con-inner\">\n\t\t\t\t<div class=\"elementor-element elementor-element-3774740 elementor-widget-tablet__width-initial elementor-widget-mobile__width-inherit elementor-widget elementor-widget-image\" data-id=\"3774740\" data-element_type=\"widget\" data-e-type=\"widget\" data-widget_type=\"image.default\">\n\t\t\t\t\t\t\t\t\t\t\t\t\t\t\t<img decoding=\"async\" width=\"560\" height=\"445\" src=\"data:image\/gif;base64,R0lGODlhAQABAIAAAAAAAP\/\/\/yH5BAEAAAAALAAAAAABAAEAAAIBRAA7\" data-src=\"https:\/\/katalog.web.tr\/wp-content\/uploads\/2025\/08\/antex-uretim-dijital-yonetim.png\" class=\"attachment-large size-large wp-image-8074 lazyload\" alt=\"Antex depolama alan\u0131nda stoklanan tekstil bask\u0131 boyalar\u0131\" data-srcset=\"https:\/\/katalog.web.tr\/wp-content\/uploads\/2025\/08\/antex-uretim-dijital-yonetim.png 560w, https:\/\/katalog.web.tr\/wp-content\/uploads\/2025\/08\/antex-uretim-dijital-yonetim-300x238.png 300w\" sizes=\"(max-width: 560px) 100vw, 560px\" \/><noscript><img loading=\"lazy\" decoding=\"async\" width=\"560\" height=\"445\" src=\"https:\/\/katalog.web.tr\/wp-content\/uploads\/2025\/08\/antex-uretim-dijital-yonetim.png\" class=\"attachment-large size-large wp-image-8074 lazyload\" alt=\"Antex depolama alan\u0131nda stoklanan tekstil bask\u0131 boyalar\u0131\" srcset=\"https:\/\/katalog.web.tr\/wp-content\/uploads\/2025\/08\/antex-uretim-dijital-yonetim.png 560w, https:\/\/katalog.web.tr\/wp-content\/uploads\/2025\/08\/antex-uretim-dijital-yonetim-300x238.png 300w\" sizes=\"(max-width: 560px) 100vw, 560px\" \/><\/noscript>\t\t\t\t\t\t\t\t\t\t\t\t\t\t\t<\/div>\n\t\t<div class=\"elementor-element elementor-element-6987247 e-con-full e-flex e-con e-child\" data-id=\"6987247\" data-element_type=\"container\" data-e-type=\"container\">\n\t\t\t\t<div class=\"elementor-element elementor-element-e58ca37 elementor-widget elementor-widget-text-editor\" data-id=\"e58ca37\" data-element_type=\"widget\" data-e-type=\"widget\" data-widget_type=\"text-editor.default\">\n\t\t\t\t\t\t\t\t\t<p>Supply Continuity<\/p>\t\t\t\t\t\t\t\t<\/div>\n\t\t\t\t<div class=\"elementor-element elementor-element-ca0fa88 elementor-widget elementor-widget-text-editor\" data-id=\"ca0fa88\" data-element_type=\"widget\" data-e-type=\"widget\" data-widget_type=\"text-editor.default\">\n\t\t\t\t\t\t\t\t\t<p>Storage\u00a0<\/p>\t\t\t\t\t\t\t\t<\/div>\n\t\t\t\t<div class=\"elementor-element elementor-element-75999eb elementor-widget elementor-widget-text-editor\" data-id=\"75999eb\" data-element_type=\"widget\" data-e-type=\"widget\" data-widget_type=\"text-editor.default\">\n\t\t\t\t\t\t\t\t\t<p><span data-contrast=\"auto\">Through effective stock management, your orders are delivered accurately and on time. With delivery deadline tracking. and a planned inventory system, we provide reliable delivery and high service quality.<\/span><span data-ccp-props=\"{}\">\u00a0<\/span><\/p>\t\t\t\t\t\t\t\t<\/div>\n\t\t\t\t<\/div>\n\t\t\t\t\t<\/div>\n\t\t\t\t<\/div>\n\t\t<div class=\"elementor-element elementor-element-1eb05ad e-flex e-con-boxed e-con e-parent\" data-id=\"1eb05ad\" data-element_type=\"container\" data-e-type=\"container\" data-settings=\"{&quot;background_background&quot;:&quot;classic&quot;}\">\n\t\t\t\t\t<div class=\"e-con-inner\">\n\t\t<div class=\"elementor-element elementor-element-2359655 e-con-full e-flex e-con e-child\" data-id=\"2359655\" data-element_type=\"container\" data-e-type=\"container\" data-settings=\"{&quot;sticky&quot;:&quot;top&quot;,&quot;sticky_parent&quot;:&quot;yes&quot;,&quot;background_background&quot;:&quot;classic&quot;,&quot;sticky_on&quot;:[&quot;desktop&quot;,&quot;tablet&quot;],&quot;sticky_offset_mobile&quot;:0,&quot;sticky_effects_offset_mobile&quot;:0,&quot;sticky_anchor_link_offset_mobile&quot;:0,&quot;sticky_offset&quot;:0,&quot;sticky_effects_offset&quot;:0,&quot;sticky_anchor_link_offset&quot;:0}\">\n\t\t\t\t<div class=\"elementor-element elementor-element-bda6db0 elementor-widget elementor-widget-text-editor\" data-id=\"bda6db0\" data-element_type=\"widget\" data-e-type=\"widget\" data-widget_type=\"text-editor.default\">\n\t\t\t\t\t\t\t\t\t<p>A NATURE-FRIENDLY PRODUCTION APPROACH DEVELOPED BY ADVANCED TECHNOLOGY<\/p>\t\t\t\t\t\t\t\t<\/div>\n\t\t\t\t<div class=\"elementor-element elementor-element-df99bc8 elementor-widget elementor-widget-text-editor\" data-id=\"df99bc8\" data-element_type=\"widget\" data-e-type=\"widget\" data-widget_type=\"text-editor.default\">\n\t\t\t\t\t\t\t\t\t<p>At Antex, every solution we offer provides multifaceted benefits, ranging from quality standards and sustainability to technical support and customizable solutions.<\/p>\t\t\t\t\t\t\t\t<\/div>\n\t\t\t\t<div class=\"elementor-element elementor-element-1c3de39 elementor-align-left elementor-mobile-align-center elementor-widget elementor-widget-button\" data-id=\"1c3de39\" data-element_type=\"widget\" data-e-type=\"widget\" data-widget_type=\"button.default\">\n\t\t\t\t\t\t\t\t\t\t<a class=\"elementor-button elementor-button-link elementor-size-sm\" href=\"https:\/\/katalog.web.tr\/en\/contact\/\">\n\t\t\t\t\t\t<span class=\"elementor-button-content-wrapper\">\n\t\t\t\t\t\t\t\t\t<span class=\"elementor-button-text\">Contact Us <\/span>\n\t\t\t\t\t<\/span>\n\t\t\t\t\t<\/a>\n\t\t\t\t\t\t\t\t<\/div>\n\t\t\t\t<\/div>\n\t\t<div class=\"elementor-element elementor-element-7135b5d e-con-full e-flex e-con e-child\" data-id=\"7135b5d\" data-element_type=\"container\" data-e-type=\"container\">\n\t\t\t\t<div class=\"elementor-element elementor-element-6fceb4b elementor-position-inline-start elementor-view-default elementor-mobile-position-block-start elementor-widget elementor-widget-icon-box\" data-id=\"6fceb4b\" data-element_type=\"widget\" data-e-type=\"widget\" data-widget_type=\"icon-box.default\">\n\t\t\t\t\t\t\t<div class=\"elementor-icon-box-wrapper\">\n\n\t\t\t\t\t\t<div class=\"elementor-icon-box-icon\">\n\t\t\t\t<span  class=\"elementor-icon\">\n\t\t\t\t<svg xmlns=\"http:\/\/www.w3.org\/2000\/svg\" id=\"certificate\" width=\"37\" height=\"31.714\" viewBox=\"0 0 37 31.714\"><path id=\"Path_5485\" data-name=\"Path 5485\" d=\"M115.929,102l2.527,4.893,5.4.785-3.964,3.572,1.019,5.286-4.983-2.973-4.983,2.973,1.019-5.286L108,107.678l5.55-.785Z\" transform=\"translate(-86.857 -84.821)\"><\/path><path id=\"Path_5486\" data-name=\"Path 5486\" d=\"M36,96h7.929v2.643H36Z\" transform=\"translate(-30.714 -80.143)\"><\/path><path id=\"Path_5487\" data-name=\"Path 5487\" d=\"M36,72H49.214v2.643H36Z\" transform=\"translate(-30.714 -61.429)\"><\/path><path id=\"Path_5488\" data-name=\"Path 5488\" d=\"M36,48H49.214v2.643H36Z\" transform=\"translate(-30.714 -42.714)\"><\/path><path id=\"Path_5489\" data-name=\"Path 5489\" d=\"M30.5,53.071H14.643V26.643H46.357V39.857H49V26.643A2.643,2.643,0,0,0,46.357,24H14.643A2.643,2.643,0,0,0,12,26.643V53.071a2.643,2.643,0,0,0,2.643,2.643H30.5Z\" transform=\"translate(-12 -24)\"><\/path><\/svg>\t\t\t\t<\/span>\n\t\t\t<\/div>\n\t\t\t\n\t\t\t\t\t\t<div class=\"elementor-icon-box-content\">\n\n\t\t\t\t\t\t\t\t\t<h3 class=\"elementor-icon-box-title\">\n\t\t\t\t\t\t<span  >\n\t\t\t\t\t\t\tConsistent Quality Standard in Every Product \t\t\t\t\t\t<\/span>\n\t\t\t\t\t<\/h3>\n\t\t\t\t\n\t\t\t\t\t\t\t\t\t<p class=\"elementor-icon-box-description\">\n\t\t\t\t\t\tThanks to our ISO 9001, ISO 14001, ISO 45001, ECO-PASS, GOTS, and ZDHC Level 3 systems, all our products deliver consistent performance\t\t\t\t\t<\/p>\n\t\t\t\t\n\t\t\t<\/div>\n\t\t\t\n\t\t<\/div>\n\t\t\t\t\t\t<\/div>\n\t\t\t\t<div class=\"elementor-element elementor-element-3981c64 elementor-position-inline-start elementor-view-default elementor-mobile-position-block-start elementor-widget elementor-widget-icon-box\" data-id=\"3981c64\" data-element_type=\"widget\" data-e-type=\"widget\" data-widget_type=\"icon-box.default\">\n\t\t\t\t\t\t\t<div class=\"elementor-icon-box-wrapper\">\n\n\t\t\t\t\t\t<div class=\"elementor-icon-box-icon\">\n\t\t\t\t<span  class=\"elementor-icon\">\n\t\t\t\t<svg aria-hidden=\"true\" class=\"e-font-icon-svg e-fas-check-double\" viewBox=\"0 0 512 512\" xmlns=\"http:\/\/www.w3.org\/2000\/svg\"><path d=\"M505 174.8l-39.6-39.6c-9.4-9.4-24.6-9.4-33.9 0L192 374.7 80.6 263.2c-9.4-9.4-24.6-9.4-33.9 0L7 302.9c-9.4 9.4-9.4 24.6 0 34L175 505c9.4 9.4 24.6 9.4 33.9 0l296-296.2c9.4-9.5 9.4-24.7.1-34zm-324.3 106c6.2 6.3 16.4 6.3 22.6 0l208-208.2c6.2-6.3 6.2-16.4 0-22.6L366.1 4.7c-6.2-6.3-16.4-6.3-22.6 0L192 156.2l-55.4-55.5c-6.2-6.3-16.4-6.3-22.6 0L68.7 146c-6.2 6.3-6.2 16.4 0 22.6l112 112.2z\"><\/path><\/svg>\t\t\t\t<\/span>\n\t\t\t<\/div>\n\t\t\t\n\t\t\t\t\t\t<div class=\"elementor-icon-box-content\">\n\n\t\t\t\t\t\t\t\t\t<h3 class=\"elementor-icon-box-title\">\n\t\t\t\t\t\t<span  >\n\t\t\t\t\t\t\tStrong Service Approach at Every Step \t\t\t\t\t\t<\/span>\n\t\t\t\t\t<\/h3>\n\t\t\t\t\n\t\t\t\t\t\t\t\t\t<p class=\"elementor-icon-box-description\">\n\t\t\t\t\t\tIn all pre-sales and after-sales processes, we provide not only products but also solutions supported by technical support, field consulting, and application training.\t\t\t\t\t<\/p>\n\t\t\t\t\n\t\t\t<\/div>\n\t\t\t\n\t\t<\/div>\n\t\t\t\t\t\t<\/div>\n\t\t\t\t<div class=\"elementor-element elementor-element-7312ba4 elementor-position-inline-start elementor-view-default elementor-mobile-position-block-start elementor-widget elementor-widget-icon-box\" data-id=\"7312ba4\" data-element_type=\"widget\" data-e-type=\"widget\" data-widget_type=\"icon-box.default\">\n\t\t\t\t\t\t\t<div class=\"elementor-icon-box-wrapper\">\n\n\t\t\t\t\t\t<div class=\"elementor-icon-box-icon\">\n\t\t\t\t<span  class=\"elementor-icon\">\n\t\t\t\t<svg xmlns=\"http:\/\/www.w3.org\/2000\/svg\" id=\"gradient\" width=\"36.95\" height=\"36.95\" viewBox=\"0 0 36.95 36.95\"><path id=\"Path_5483\" data-name=\"Path 5483\" d=\"M32.412,36.95H4.7A4.45,4.45,0,0,1,1.434,35.6,4.45,4.45,0,0,1,.081,32.331V4.619A4.45,4.45,0,0,1,1.434,1.353,4.45,4.45,0,0,1,4.7,0H32.412a4.45,4.45,0,0,1,3.266,1.353,4.45,4.45,0,0,1,1.353,3.266V32.331a4.62,4.62,0,0,1-4.619,4.619Zm-6.928-9.237H23.175V25.4h2.309V23.093H23.175V20.784h2.309V18.475H23.175V16.165h2.309V13.856H23.175V11.547h2.309V9.237H23.175V6.928h2.309V4.619H23.175V6.928H20.865V4.619H18.556V6.928H16.247V4.619H5.855A1.171,1.171,0,0,0,4.7,5.773v25.4a1.171,1.171,0,0,0,1.155,1.155h8.083V30.021h2.309v2.309h2.309V30.021h2.309v2.309h2.309V30.021h2.309Zm-4.619,2.309V27.712h2.309v2.309Zm0-6.928h2.309V25.4H20.865Zm0-4.619h2.309v2.309H20.865Zm0-4.619h2.309v2.309H20.865Zm0-4.619h2.309v2.309H20.865Zm-2.309,0V6.928h2.309V9.237Zm-4.619,0V6.928h2.309V9.237Zm4.619,18.475v2.309H16.247V27.712Zm0-2.309h2.309v2.309H18.556Zm0-4.619h2.309v2.309H18.556Zm0-4.619h2.309v2.309H18.556Zm0-4.619h2.309v2.309H18.556Zm-2.309,0V9.237h2.309v2.309Zm2.309,4.619H16.247V13.856h2.309Zm0,4.619H16.247V18.475h2.309Zm0,4.619H16.247V23.093h2.309Zm-4.619,2.309V25.4h2.309v2.309Zm0-4.619V20.784h2.309v2.309Zm0-4.619V16.165h2.309v2.309Zm0-4.619V11.547h2.309v2.309Z\" transform=\"translate(-0.081)\"><\/path><\/svg>\t\t\t\t<\/span>\n\t\t\t<\/div>\n\t\t\t\n\t\t\t\t\t\t<div class=\"elementor-icon-box-content\">\n\n\t\t\t\t\t\t\t\t\t<h3 class=\"elementor-icon-box-title\">\n\t\t\t\t\t\t<span  >\n\t\t\t\t\t\t\tCustomized Solutions for Your Production Needs\t\t\t\t\t\t<\/span>\n\t\t\t\t\t<\/h3>\n\t\t\t\t\n\t\t\t\t\t\t\t\t\t<p class=\"elementor-icon-box-description\">\n\t\t\t\t\t\tWe offer flexible production with custom formulations, alternative color combinations, and special-effect solutions tailored to customer needs. \t\t\t\t\t<\/p>\n\t\t\t\t\n\t\t\t<\/div>\n\t\t\t\n\t\t<\/div>\n\t\t\t\t\t\t<\/div>\n\t\t\t\t<div class=\"elementor-element elementor-element-886ab18 elementor-position-inline-start elementor-view-default elementor-mobile-position-block-start elementor-widget elementor-widget-icon-box\" data-id=\"886ab18\" data-element_type=\"widget\" data-e-type=\"widget\" data-widget_type=\"icon-box.default\">\n\t\t\t\t\t\t\t<div class=\"elementor-icon-box-wrapper\">\n\n\t\t\t\t\t\t<div class=\"elementor-icon-box-icon\">\n\t\t\t\t<span  class=\"elementor-icon\">\n\t\t\t\t<svg xmlns=\"http:\/\/www.w3.org\/2000\/svg\" id=\"bx-test-tube\" width=\"37\" height=\"37\" viewBox=\"0 0 37 37\"><path id=\"Path_5490\" data-name=\"Path 5490\" d=\"M36.179,12.871l1.462,1.462L18.355,33.617A8.041,8.041,0,0,0,29.726,44.989L49.012,25.7l1.462,1.462L53,24.639,38.705,10.344l-2.527,2.527ZM41.864,27.8l-4.294-4.3-2.527,2.527,4.294,4.3-2.527,2.528-1.769-1.769L32.516,33.61l1.769,1.769-2.528,2.528-4.294-4.3-2.528,2.525,4.294,4.3-2.03,2.03a4.575,4.575,0,0,1-6.316,0,4.469,4.469,0,0,1,0-6.318L40.167,16.859l6.316,6.316L41.864,27.8Z\" transform=\"translate(-16 -10.344)\"><\/path><\/svg>\t\t\t\t<\/span>\n\t\t\t<\/div>\n\t\t\t\n\t\t\t\t\t\t<div class=\"elementor-icon-box-content\">\n\n\t\t\t\t\t\t\t\t\t<h3 class=\"elementor-icon-box-title\">\n\t\t\t\t\t\t<span  >\n\t\t\t\t\t\t\tA Strong Technical Foundation with R&amp;D \t\t\t\t\t\t<\/span>\n\t\t\t\t\t<\/h3>\n\t\t\t\t\n\t\t\t\t\t\t\t\t\t<p class=\"elementor-icon-box-description\">\n\t\t\t\t\t\tOur products are developed through an R&amp;D process based on scientific methods and are continuously improved with comparative analyses against competing products. \t\t\t\t\t<\/p>\n\t\t\t\t\n\t\t\t<\/div>\n\t\t\t\n\t\t<\/div>\n\t\t\t\t\t\t<\/div>\n\t\t\t\t<div class=\"elementor-element elementor-element-42d7bf7 elementor-position-inline-start elementor-view-default elementor-mobile-position-block-start elementor-widget elementor-widget-icon-box\" data-id=\"42d7bf7\" data-element_type=\"widget\" data-e-type=\"widget\" data-widget_type=\"icon-box.default\">\n\t\t\t\t\t\t\t<div class=\"elementor-icon-box-wrapper\">\n\n\t\t\t\t\t\t<div class=\"elementor-icon-box-icon\">\n\t\t\t\t<span  class=\"elementor-icon\">\n\t\t\t\t<svg xmlns=\"http:\/\/www.w3.org\/2000\/svg\" id=\"eco\" width=\"36.95\" height=\"56.203\" viewBox=\"0 0 36.95 56.203\"><path id=\"Path_5484\" data-name=\"Path 5484\" d=\"M75.2,18.274a35.285,35.285,0,0,0-12.7-12.6l-.933-.54-.933.54a35.072,35.072,0,0,0-17.541,30.39c0,.4.007.809.021,1.211a17.748,17.748,0,0,0,6.036,13.282A18.744,18.744,0,0,0,59.7,54.9v6.438h3.728V31.518H59.7V51.15c-6.3-.73-12.566-5.178-12.865-14-.012-.361-.019-.725-.019-1.085a31.485,31.485,0,0,1,14.748-26.6,31.485,31.485,0,0,1,14.747,26.6c0,.359-.006.724-.019,1.085-.24,7.056-4.3,11.314-9.138,13.109v3.945a18.194,18.194,0,0,0,6.827-3.646,17.748,17.748,0,0,0,6.036-13.281c.014-.4.021-.81.021-1.211A35.056,35.056,0,0,0,75.2,18.274Z\" transform=\"translate(-43.092 -5.136)\"><\/path><\/svg>\t\t\t\t<\/span>\n\t\t\t<\/div>\n\t\t\t\n\t\t\t\t\t\t<div class=\"elementor-icon-box-content\">\n\n\t\t\t\t\t\t\t\t\t<h3 class=\"elementor-icon-box-title\">\n\t\t\t\t\t\t<span  >\n\t\t\t\t\t\t\tEco-Friendly, Nature-Conscious Formulations \t\t\t\t\t\t<\/span>\n\t\t\t\t\t<\/h3>\n\t\t\t\t\n\t\t\t\t\t\t\t\t\t<p class=\"elementor-icon-box-description\">\n\t\t\t\t\t\tOur chemicals are formulated in compliance with restricted substance regulations. With their environmentally friendly compositions, they can be used safely without harming nature. \t\t\t\t\t<\/p>\n\t\t\t\t\n\t\t\t<\/div>\n\t\t\t\n\t\t<\/div>\n\t\t\t\t\t\t<\/div>\n\t\t\t\t<div class=\"elementor-element elementor-element-e4a7d15 elementor-position-inline-start elementor-view-default elementor-mobile-position-block-start elementor-widget elementor-widget-icon-box\" data-id=\"e4a7d15\" data-element_type=\"widget\" data-e-type=\"widget\" data-widget_type=\"icon-box.default\">\n\t\t\t\t\t\t\t<div class=\"elementor-icon-box-wrapper\">\n\n\t\t\t\t\t\t<div class=\"elementor-icon-box-icon\">\n\t\t\t\t<span  class=\"elementor-icon\">\n\t\t\t\t<svg xmlns=\"http:\/\/www.w3.org\/2000\/svg\" id=\"_046-eco_awareness\" viewBox=\"0 0 142.6 142.6\"><path id=\"Path_10662\" d=\"M71.4,27.7c-16.1,0-30.9,8.8-38.5,23-.6,1-.2,2.3.8,2.8,1,.6,2.3.2,2.8-.8,0,0,0,0,0,0,1.3-2.5,2.9-4.8,4.8-7h3.9c1.5,0,2.8.9,3.3,2.4,1.2,3.6,4.5,6,8.3,5.9h2.5c2.5,0,4.5,2,4.5,4.5v7.4c0,1.4-.3,2.8-.9,4l-1.3,2.6c-1.5,3.1-4.6,5-8,5-3.5,0-6.3,2.8-6.3,6.3v1.3c0,4.6-3.4,8.4-8,8.9-6.6-9.3-8.8-21-6.1-32.1.3-1.1-.4-2.2-1.6-2.5-1.1-.3-2.2.4-2.5,1.5-5.4,22,7.1,44.5,28.6,51.7,1.1.4,2.3-.3,2.6-1.4.3-1.1-.2-2.2-1.3-2.6-1.1-.4-2.2-.8-3.3-1.3,1.7-2.3,4.4-3.6,7.2-3.6,2.6,0,5.1-1.3,6.5-3.5,2-3,5.4-4.8,9-4.8h6.8c2.9,0,5.6,1.4,7.3,3.8l2.6,3.6c-6.8,5.1-15.1,7.8-23.6,7.8-1.1,0-2.3,0-3.4-.1-1.2,0-2.1.8-2.2,1.9,0,1.1.8,2.1,1.9,2.2,1.2.1,2.5.2,3.8.2,24.1-.1,43.5-19.7,43.4-43.8-.1-23.9-19.5-43.3-43.4-43.4h0ZM109,83.1h-4.4c-1.9,0-3.4-1.5-3.4-3.4v-2.8c0-2.7-2.2-4.9-4.9-4.9h-2.9c-1.4,0-2.8-.3-4-.9l-5.7-2.8c-1.2-.6-1.9-1.8-1.9-3.1v-5c0-1.4.3-2.8.9-4l1.3-2.6c1.5-3.1,4.6-5,8-5h11.5c7.1,10,9.2,22.8,5.5,34.6h0ZM79.8,32.8l-3,4.5c-.6,1-1.7,1.5-2.9,1.5h-6.8c-3.4,0-6.5-1.9-8-4.9,6.7-2.2,13.8-2.5,20.7-1h0ZM98.2,100.2l-2.4-3.3c-2.5-3.5-6.5-5.5-10.7-5.5h-6.8c-5,0-9.7,2.5-12.4,6.7-.7,1-1.8,1.6-3.1,1.6-4.4,0-8.5,2.2-11,5.9-3.6-2.1-6.9-4.7-9.7-7.8,5.5-1.7,9.2-6.8,9.3-12.6v-1.3c0-1.2,1-2.1,2.1-2.1,5,0,9.6-2.8,11.8-7.3l1.3-2.6c.9-1.8,1.4-3.8,1.4-5.9v-7.4c0-4.8-3.9-8.7-8.7-8.7h-2.5c-1.9,0-3.7-1.2-4.3-3.1-1-3-3.8-5.1-7-5.2,2.9-2.5,6.2-4.6,9.7-6.2l.2.3c2.2,4.5,6.8,7.3,11.8,7.3h6.8c2.6,0,4.9-1.3,6.3-3.4l3.7-5.6c6.1,2.1,11.6,5.6,16.1,10.4h-8c-5,0-9.6,2.8-11.8,7.3l-1.3,2.6c-.9,1.8-1.4,3.8-1.4,5.9v5c0,2.9,1.6,5.5,4.2,6.8l5.7,2.8c1.8.9,3.8,1.4,5.9,1.4h2.9c.4,0,.7.3.7.7v2.8c0,4.2,3.4,7.6,7.6,7.6h2.9c-2.2,4.9-5.3,9.3-9.3,13h0Z\"><\/path><path id=\"Path_10663\" d=\"M71.4,22.6c3.7,0,6.7-3,6.7-6.7V6.7C78.1,3,75.1,0,71.4,0s-6.7,3-6.7,6.7v9.2c0,3.7,3,6.7,6.7,6.7ZM68.8,6.7c0-1.4,1.1-2.5,2.5-2.5s2.5,1.1,2.5,2.5v9.2c0,1.4-1.1,2.5-2.5,2.5s-2.5-1.1-2.5-2.5V6.7Z\"><\/path><path id=\"Path_10664\" d=\"M27.5,36.8c2.6,2.6,6.9,2.6,9.5,0h0c2.6-2.6,2.6-6.9,0-9.5,0,0,0,0,0,0l-6.5-6.5c-2.6-2.6-6.9-2.6-9.5,0-2.6,2.6-2.6,6.9,0,9.5l6.5,6.5ZM23.9,23.8c1-1,2.6-1,3.6,0l6.5,6.5c1,1,1,2.6,0,3.6h0c-1,1-2.6,1-3.6,0l-6.5-6.5c-1-1-1-2.6,0-3.6h0Z\"><\/path><path id=\"Path_10665\" d=\"M22.6,71.2c0-3.7-3-6.7-6.7-6.7H6.7C3,64.5,0,67.5,0,71.2s3,6.7,6.7,6.7h9.2c3.7,0,6.7-3,6.7-6.7ZM15.9,73.8H6.7c-1.4,0-2.5-1.1-2.5-2.5s1.1-2.5,2.5-2.5h9.2c1.4,0,2.5,1.1,2.5,2.5s-1.1,2.5-2.5,2.5h0Z\"><\/path><path id=\"Path_10666\" d=\"M36.8,105.7c-2.6-2.6-6.9-2.6-9.5,0,0,0,0,0,0,0l-6.5,6.5c-2.6,2.6-2.6,6.9,0,9.5,2.6,2.6,6.9,2.6,9.5,0h0l6.5-6.5c2.6-2.6,2.6-6.9,0-9.5,0,0,0,0,0,0h0ZM33.9,112.2l-6.5,6.5c-1,1-2.6,1-3.6,0s-1-2.6,0-3.6h0l6.5-6.5c1-1,2.6-1,3.6,0,0,0,0,0,0,0h0c1,1,1,2.6,0,3.6,0,0,0,0,0,0h0Z\"><\/path><path id=\"Path_10667\" d=\"M71.2,120c-3.7,0-6.7,3-6.7,6.7v9.2c0,3.7,3,6.7,6.7,6.7s6.7-3,6.7-6.7v-9.2c0-3.7-3-6.7-6.7-6.7ZM73.8,135.9c0,1.4-1.1,2.5-2.5,2.5s-2.5-1.1-2.5-2.5v-9.2c0-1.4,1.1-2.5,2.5-2.5s2.5,1.1,2.5,2.5h0v9.2Z\"><\/path><path id=\"Path_10668\" d=\"M115.1,105.8c-2.6-2.6-6.9-2.6-9.5,0h0c-2.6,2.6-2.6,6.9,0,9.5h0s6.5,6.5,6.5,6.5c2.6,2.6,6.9,2.6,9.5,0,2.6-2.6,2.6-6.9,0-9.5l-6.5-6.5ZM118.7,118.8c-1,1-2.6,1-3.6,0l-6.5-6.5c-1-1-1-2.6,0-3.6h0c1-1,2.6-1,3.6,0l6.5,6.5c1,1,1,2.6,0,3.6h0Z\"><\/path><path id=\"Path_10669\" d=\"M135.9,64.7h-9.2c-3.7,0-6.7,3-6.7,6.7s3,6.7,6.7,6.7h9.2c3.7,0,6.7-3,6.7-6.7s-3-6.7-6.7-6.7ZM135.9,73.9h-9.2c-1.4,0-2.5-1.1-2.5-2.5s1.1-2.5,2.5-2.5h9.2c1.4,0,2.5,1.1,2.5,2.5s-1.1,2.5-2.5,2.5Z\"><\/path><path id=\"Path_10670\" d=\"M105.8,36.9c2.6,2.6,6.9,2.6,9.5,0,0,0,0,0,0,0l6.5-6.5c2.6-2.6,2.6-6.9,0-9.5s-6.9-2.6-9.5,0h0l-6.5,6.5c-2.6,2.6-2.6,6.9,0,9.5h0ZM108.7,30.4l6.5-6.5c1-1,2.6-1,3.6,0s1,2.6,0,3.6l-6.5,6.5c-1,1-2.6,1-3.6,0,0,0,0,0,0,0h0c-1-1-1-2.6,0-3.6,0,0,0,0,0,0Z\"><\/path><\/svg>\t\t\t\t<\/span>\n\t\t\t<\/div>\n\t\t\t\n\t\t\t\t\t\t<div class=\"elementor-icon-box-content\">\n\n\t\t\t\t\t\t\t\t\t<h3 class=\"elementor-icon-box-title\">\n\t\t\t\t\t\t<span  >\n\t\t\t\t\t\t\tSustainable Production Approach \t\t\t\t\t\t<\/span>\n\t\t\t\t\t<\/h3>\n\t\t\t\t\n\t\t\t\t\t\t\t\t\t<p class=\"elementor-icon-box-description\">\n\t\t\t\t\t\tIn our production, we work with energy efficiency, waste management, and renewable raw materials to protect not only today\u2019s needs but also the future.\t\t\t\t\t<\/p>\n\t\t\t\t\n\t\t\t<\/div>\n\t\t\t\n\t\t<\/div>\n\t\t\t\t\t\t<\/div>\n\t\t\t\t<\/div>\n\t\t\t\t\t<\/div>\n\t\t\t\t<\/div>\n\t\t\t\t<\/div>\n\t\t","protected":false},"excerpt":{"rendered":"<p>A Production Process Strengthened by Advanced Technology In our 9,400 sqm modern facility, we produce environmentally friendly and high-performance textile printing inks in compliance with international standards. We control quality at every stage and operate under a sustainable production approach. Infrastructure Production Facility Antex develops, tests, and manufactures high-quality, environmentally friendly and durable water-based inks [&hellip;]<\/p>\n","protected":false},"author":1,"featured_media":8047,"parent":8021,"menu_order":0,"comment_status":"closed","ping_status":"closed","template":"","meta":{"_acf_changed":false,"footnotes":""},"categories":[92,91],"tags":[],"class_list":["post-8045","page","type-page","status-publish","has-post-thumbnail","hentry","category-company-pages","category-inner-pages"],"acf":[],"_links":{"self":[{"href":"https:\/\/katalog.web.tr\/en\/wp-json\/wp\/v2\/pages\/8045","targetHints":{"allow":["GET"]}}],"collection":[{"href":"https:\/\/katalog.web.tr\/en\/wp-json\/wp\/v2\/pages"}],"about":[{"href":"https:\/\/katalog.web.tr\/en\/wp-json\/wp\/v2\/types\/page"}],"author":[{"embeddable":true,"href":"https:\/\/katalog.web.tr\/en\/wp-json\/wp\/v2\/users\/1"}],"replies":[{"embeddable":true,"href":"https:\/\/katalog.web.tr\/en\/wp-json\/wp\/v2\/comments?post=8045"}],"version-history":[{"count":23,"href":"https:\/\/katalog.web.tr\/en\/wp-json\/wp\/v2\/pages\/8045\/revisions"}],"predecessor-version":[{"id":11152,"href":"https:\/\/katalog.web.tr\/en\/wp-json\/wp\/v2\/pages\/8045\/revisions\/11152"}],"up":[{"embeddable":true,"href":"https:\/\/katalog.web.tr\/en\/wp-json\/wp\/v2\/pages\/8021"}],"wp:featuredmedia":[{"embeddable":true,"href":"https:\/\/katalog.web.tr\/en\/wp-json\/wp\/v2\/media\/8047"}],"wp:attachment":[{"href":"https:\/\/katalog.web.tr\/en\/wp-json\/wp\/v2\/media?parent=8045"}],"wp:term":[{"taxonomy":"category","embeddable":true,"href":"https:\/\/katalog.web.tr\/en\/wp-json\/wp\/v2\/categories?post=8045"},{"taxonomy":"post_tag","embeddable":true,"href":"https:\/\/katalog.web.tr\/en\/wp-json\/wp\/v2\/tags?post=8045"}],"curies":[{"name":"wp","href":"https:\/\/api.w.org\/{rel}","templated":true}]}}