{"id":8048,"date":"2025-07-31T11:03:40","date_gmt":"2025-07-31T08:03:40","guid":{"rendered":"https:\/\/katalog.web.tr\/hizmetler\/"},"modified":"2026-01-02T15:19:49","modified_gmt":"2026-01-02T12:19:49","slug":"services","status":"publish","type":"page","link":"https:\/\/katalog.web.tr\/en\/services\/","title":{"rendered":"Services"},"content":{"rendered":"\t\t<div data-elementor-type=\"wp-page\" data-elementor-id=\"8048\" class=\"elementor elementor-8048 elementor-2112\" data-elementor-post-type=\"page\">\n\t\t\t\t<div class=\"elementor-element elementor-element-c30cdab e-flex e-con-boxed e-con e-parent\" data-id=\"c30cdab\" data-element_type=\"container\" data-e-type=\"container\">\n\t\t\t\t\t<div class=\"e-con-inner\">\n\t\t\t\t<div class=\"elementor-element elementor-element-ca468db elementor-widget__width-initial elementor-widget-mobile__width-inherit elementor-widget elementor-widget-text-editor\" data-id=\"ca468db\" data-element_type=\"widget\" data-e-type=\"widget\" data-widget_type=\"text-editor.default\">\n\t\t\t\t\t\t\t\t\t<p>Dedicated Technical Support for Our Business Partners<\/p>\t\t\t\t\t\t\t\t<\/div>\n\t\t\t\t<div class=\"elementor-element elementor-element-bba57d6 elementor-widget__width-initial elementor-widget-mobile__width-inherit elementor-widget elementor-widget-text-editor\" data-id=\"bba57d6\" data-element_type=\"widget\" data-e-type=\"widget\" data-widget_type=\"text-editor.default\">\n\t\t\t\t\t\t\t\t\t<p>At Antex, we provide comprehensive technical support to ensure that our customers can maintain their production processes smoothly and efficiently. Our expert team works with you to ensure the correct application of our products and their use at optimal performance.<\/p>\t\t\t\t\t\t\t\t<\/div>\n\t\t\t\t\t<\/div>\n\t\t\t\t<\/div>\n\t\t<div class=\"elementor-element elementor-element-e454d9f e-flex e-con-boxed e-con e-parent\" data-id=\"e454d9f\" data-element_type=\"container\" data-e-type=\"container\" id=\"ProductDevelopment\">\n\t\t\t\t\t<div class=\"e-con-inner\">\n\t\t\t\t<div class=\"elementor-element elementor-element-784851f elementor-widget-tablet__width-initial elementor-widget-mobile__width-inherit elementor-widget elementor-widget-image\" data-id=\"784851f\" data-element_type=\"widget\" data-e-type=\"widget\" data-widget_type=\"image.default\">\n\t\t\t\t\t\t\t\t\t\t\t\t\t\t\t<img fetchpriority=\"high\" decoding=\"async\" width=\"560\" height=\"445\" src=\"data:image\/gif;base64,R0lGODlhAQABAIAAAAAAAP\/\/\/yH5BAEAAAAALAAAAAABAAEAAAIBRAA7\" data-src=\"https:\/\/katalog.web.tr\/wp-content\/uploads\/2025\/09\/Antexinks-hizmetler-Antex-Mix.webp\" class=\"attachment-large size-large wp-image-8105 lazyload\" alt=\"Antex Ar-Ge laboratuvar\u0131nda s\u00fcrd\u00fcr\u00fclebilir bask\u0131 boyas\u0131 geli\u015ftirme \u00e7al\u0131\u015fmas\u0131\" data-srcset=\"https:\/\/katalog.web.tr\/wp-content\/uploads\/2025\/09\/Antexinks-hizmetler-Antex-Mix.webp 560w, https:\/\/katalog.web.tr\/wp-content\/uploads\/2025\/09\/Antexinks-hizmetler-Antex-Mix-300x238.webp 300w\" sizes=\"(max-width: 560px) 100vw, 560px\" \/><noscript><img decoding=\"async\" width=\"560\" height=\"445\" src=\"https:\/\/katalog.web.tr\/wp-content\/uploads\/2025\/09\/Antexinks-hizmetler-Antex-Mix.webp\" class=\"attachment-large size-large wp-image-8105 lazyload\" alt=\"Antex Ar-Ge laboratuvar\u0131nda s\u00fcrd\u00fcr\u00fclebilir bask\u0131 boyas\u0131 geli\u015ftirme \u00e7al\u0131\u015fmas\u0131\" srcset=\"https:\/\/katalog.web.tr\/wp-content\/uploads\/2025\/09\/Antexinks-hizmetler-Antex-Mix.webp 560w, https:\/\/katalog.web.tr\/wp-content\/uploads\/2025\/09\/Antexinks-hizmetler-Antex-Mix-300x238.webp 300w\" sizes=\"(max-width: 560px) 100vw, 560px\" \/><\/noscript>\t\t\t\t\t\t\t\t\t\t\t\t\t\t\t<\/div>\n\t\t<div class=\"elementor-element elementor-element-d0d7b29 e-con-full e-flex e-con e-child\" data-id=\"d0d7b29\" data-element_type=\"container\" data-e-type=\"container\">\n\t\t\t\t<div class=\"elementor-element elementor-element-c2c52ad elementor-widget elementor-widget-text-editor\" data-id=\"c2c52ad\" data-element_type=\"widget\" data-e-type=\"widget\" data-widget_type=\"text-editor.default\">\n\t\t\t\t\t\t\t\t\t<p>Product Development<\/p>\t\t\t\t\t\t\t\t<\/div>\n\t\t\t\t<div class=\"elementor-element elementor-element-3f59c05 elementor-widget elementor-widget-text-editor\" data-id=\"3f59c05\" data-element_type=\"widget\" data-e-type=\"widget\" data-widget_type=\"text-editor.default\">\n\t\t\t\t\t\t\t\t\t<p>SUSTAINABLE PRODUCTS TAILORED TO YOUR NEEDS<\/p>\t\t\t\t\t\t\t\t<\/div>\n\t\t\t\t<div class=\"elementor-element elementor-element-5afc334 elementor-widget elementor-widget-text-editor\" data-id=\"5afc334\" data-element_type=\"widget\" data-e-type=\"widget\" data-widget_type=\"text-editor.default\">\n\t\t\t\t\t\t\t\t\t<p>Antex\u2019s R&amp;D approach is structured to offer flexible and innovative solutions for the changing needs of our customers. We develop textile screen printing inks and auxiliary textile chemicals that deliver high performance without compromising sustainability.<\/p>\t\t\t\t\t\t\t\t<\/div>\n\t\t\t\t<div class=\"elementor-element elementor-element-721959b elementor-align-left elementor-mobile-align-left elementor-widget elementor-widget-button\" data-id=\"721959b\" data-element_type=\"widget\" data-e-type=\"widget\" data-widget_type=\"button.default\">\n\t\t\t\t\t\t\t\t\t\t<a class=\"elementor-button elementor-button-link elementor-size-sm\" href=\"https:\/\/katalog.web.tr\/en\/contact\/\">\n\t\t\t\t\t\t<span class=\"elementor-button-content-wrapper\">\n\t\t\t\t\t\t\t\t\t<span class=\"elementor-button-text\">Contact Us<\/span>\n\t\t\t\t\t<\/span>\n\t\t\t\t\t<\/a>\n\t\t\t\t\t\t\t\t<\/div>\n\t\t\t\t<\/div>\n\t\t\t\t\t<\/div>\n\t\t\t\t<\/div>\n\t\t<div class=\"elementor-element elementor-element-9e654ed e-flex e-con-boxed e-con e-parent\" data-id=\"9e654ed\" data-element_type=\"container\" data-e-type=\"container\" id=\"AntexMix\">\n\t\t\t\t\t<div class=\"e-con-inner\">\n\t\t\t\t<div class=\"elementor-element elementor-element-cc9c53f elementor-widget-tablet__width-initial elementor-widget-mobile__width-inherit elementor-widget elementor-widget-image\" data-id=\"cc9c53f\" data-element_type=\"widget\" data-e-type=\"widget\" data-widget_type=\"image.default\">\n\t\t\t\t\t\t\t\t\t\t\t\t\t\t\t<img decoding=\"async\" width=\"560\" height=\"445\" src=\"data:image\/gif;base64,R0lGODlhAQABAIAAAAAAAP\/\/\/yH5BAEAAAAALAAAAAABAAEAAAIBRAA7\" data-src=\"https:\/\/katalog.web.tr\/wp-content\/uploads\/2025\/09\/antexinks-hizmetlerimiz-laptop.webp\" class=\"attachment-large size-large wp-image-8106 lazyload\" alt=\"Antex Mix online renk form\u00fcl yaz\u0131l\u0131m\u0131 ile dijital renk re\u00e7etesi olu\u015fturma\" data-srcset=\"https:\/\/katalog.web.tr\/wp-content\/uploads\/2025\/09\/antexinks-hizmetlerimiz-laptop.webp 560w, https:\/\/katalog.web.tr\/wp-content\/uploads\/2025\/09\/antexinks-hizmetlerimiz-laptop-300x238.webp 300w\" sizes=\"(max-width: 560px) 100vw, 560px\" \/><noscript><img loading=\"lazy\" decoding=\"async\" width=\"560\" height=\"445\" src=\"https:\/\/katalog.web.tr\/wp-content\/uploads\/2025\/09\/antexinks-hizmetlerimiz-laptop.webp\" class=\"attachment-large size-large wp-image-8106 lazyload\" alt=\"Antex Mix online renk form\u00fcl yaz\u0131l\u0131m\u0131 ile dijital renk re\u00e7etesi olu\u015fturma\" srcset=\"https:\/\/katalog.web.tr\/wp-content\/uploads\/2025\/09\/antexinks-hizmetlerimiz-laptop.webp 560w, https:\/\/katalog.web.tr\/wp-content\/uploads\/2025\/09\/antexinks-hizmetlerimiz-laptop-300x238.webp 300w\" sizes=\"(max-width: 560px) 100vw, 560px\" \/><\/noscript>\t\t\t\t\t\t\t\t\t\t\t\t\t\t\t<\/div>\n\t\t<div class=\"elementor-element elementor-element-497ba43 e-con-full e-flex e-con e-child\" data-id=\"497ba43\" data-element_type=\"container\" data-e-type=\"container\">\n\t\t\t\t<div class=\"elementor-element elementor-element-c2241a8 elementor-widget elementor-widget-text-editor\" data-id=\"c2241a8\" data-element_type=\"widget\" data-e-type=\"widget\" data-widget_type=\"text-editor.default\">\n\t\t\t\t\t\t\t\t\tAntex Mix\n\t\t\t\t\t\t\t\t<\/div>\n\t\t\t\t<div class=\"elementor-element elementor-element-b5124e7 elementor-widget elementor-widget-text-editor\" data-id=\"b5124e7\" data-element_type=\"widget\" data-e-type=\"widget\" data-widget_type=\"text-editor.default\">\n\t\t\t\t\t\t\t\t\t<p>ONLINE COLOR FORMULATION TOOL<\/p>\t\t\t\t\t\t\t\t<\/div>\n\t\t\t\t<div class=\"elementor-element elementor-element-e3b1ed2 elementor-widget elementor-widget-text-editor\" data-id=\"e3b1ed2\" data-element_type=\"widget\" data-e-type=\"widget\" data-widget_type=\"text-editor.default\">\n\t\t\t\t\t\t\t\t\t<p>Antex\u2019s experience and innovation have been gathered in an interactive software designed to create color formulas in real time, suitable for various print quality, quantity, and substrate requirements.<\/p>\t\t\t\t\t\t\t\t<\/div>\n\t\t\t\t<div class=\"elementor-element elementor-element-54ae1f7 elementor-align-left elementor-mobile-align-left elementor-widget elementor-widget-button\" data-id=\"54ae1f7\" data-element_type=\"widget\" data-e-type=\"widget\" data-widget_type=\"button.default\">\n\t\t\t\t\t\t\t\t\t\t<a class=\"elementor-button elementor-button-link elementor-size-sm\" href=\"http:\/\/katalog.web.tr\/dokumanlar\/Anadolu-Kimya-Pantone.zip\">\n\t\t\t\t\t\t<span class=\"elementor-button-content-wrapper\">\n\t\t\t\t\t\t\t\t\t<span class=\"elementor-button-text\">Go to the Color Formula Page<\/span>\n\t\t\t\t\t<\/span>\n\t\t\t\t\t<\/a>\n\t\t\t\t\t\t\t\t<\/div>\n\t\t\t\t<\/div>\n\t\t\t\t\t<\/div>\n\t\t\t\t<\/div>\n\t\t<div class=\"elementor-element elementor-element-6461dc2 e-flex e-con-boxed e-con e-parent\" data-id=\"6461dc2\" data-element_type=\"container\" data-e-type=\"container\" id=\"ApplicationVideos\">\n\t\t\t\t\t<div class=\"e-con-inner\">\n\t\t\t\t<div class=\"elementor-element elementor-element-5914ff5 elementor-widget-tablet__width-initial elementor-widget-mobile__width-inherit elementor-widget elementor-widget-image\" data-id=\"5914ff5\" data-element_type=\"widget\" data-e-type=\"widget\" data-widget_type=\"image.default\">\n\t\t\t\t\t\t\t\t\t\t\t\t\t\t\t<img loading=\"lazy\" decoding=\"async\" width=\"560\" height=\"445\" src=\"data:image\/gif;base64,R0lGODlhAQABAIAAAAAAAP\/\/\/yH5BAEAAAAALAAAAAABAAEAAAIBRAA7\" data-src=\"https:\/\/katalog.web.tr\/wp-content\/uploads\/2025\/09\/antexinks-antex-lab-rehber.webp\" class=\"attachment-large size-large wp-image-8107 lazyload\" alt=\"Serigrafi bask\u0131 uygulamas\u0131 \u2013 Antex uygulama videolar\u0131\" data-srcset=\"https:\/\/katalog.web.tr\/wp-content\/uploads\/2025\/09\/antexinks-antex-lab-rehber.webp 560w, https:\/\/katalog.web.tr\/wp-content\/uploads\/2025\/09\/antexinks-antex-lab-rehber-300x238.webp 300w\" sizes=\"(max-width: 560px) 100vw, 560px\" \/><noscript><img loading=\"lazy\" decoding=\"async\" width=\"560\" height=\"445\" src=\"https:\/\/katalog.web.tr\/wp-content\/uploads\/2025\/09\/antexinks-antex-lab-rehber.webp\" class=\"attachment-large size-large wp-image-8107 lazyload\" alt=\"Serigrafi bask\u0131 uygulamas\u0131 \u2013 Antex uygulama videolar\u0131\" srcset=\"https:\/\/katalog.web.tr\/wp-content\/uploads\/2025\/09\/antexinks-antex-lab-rehber.webp 560w, https:\/\/katalog.web.tr\/wp-content\/uploads\/2025\/09\/antexinks-antex-lab-rehber-300x238.webp 300w\" sizes=\"(max-width: 560px) 100vw, 560px\" \/><\/noscript>\t\t\t\t\t\t\t\t\t\t\t\t\t\t\t<\/div>\n\t\t<div class=\"elementor-element elementor-element-c33585f e-con-full e-flex e-con e-child\" data-id=\"c33585f\" data-element_type=\"container\" data-e-type=\"container\">\n\t\t\t\t<div class=\"elementor-element elementor-element-bb300a4 elementor-widget elementor-widget-text-editor\" data-id=\"bb300a4\" data-element_type=\"widget\" data-e-type=\"widget\" data-widget_type=\"text-editor.default\">\n\t\t\t\t\t\t\t\t\t<p>Application Videos<\/p>\t\t\t\t\t\t\t\t<\/div>\n\t\t\t\t<div class=\"elementor-element elementor-element-0f0b151 elementor-widget elementor-widget-text-editor\" data-id=\"0f0b151\" data-element_type=\"widget\" data-e-type=\"widget\" data-widget_type=\"text-editor.default\">\n\t\t\t\t\t\t\t\t\t<p>PRACTICAL EXPLANATIONS OF PRINTING METHODS<\/p>\t\t\t\t\t\t\t\t<\/div>\n\t\t\t\t<div class=\"elementor-element elementor-element-34bc7ab elementor-widget elementor-widget-text-editor\" data-id=\"34bc7ab\" data-element_type=\"widget\" data-e-type=\"widget\" data-widget_type=\"text-editor.default\">\n\t\t\t\t\t\t\t\t\t<p>Access our exclusive application videos based on technical expertise, prepared together with Antex\u2019s technical specialists.<\/p>\t\t\t\t\t\t\t\t<\/div>\n\t\t\t\t<div class=\"elementor-element elementor-element-31e4fab elementor-align-left elementor-mobile-align-left elementor-widget elementor-widget-button\" data-id=\"31e4fab\" data-element_type=\"widget\" data-e-type=\"widget\" data-widget_type=\"button.default\">\n\t\t\t\t\t\t\t\t\t\t<a class=\"elementor-button elementor-button-link elementor-size-sm\" href=\"https:\/\/katalog.web.tr\/en\/application-video-center\/\">\n\t\t\t\t\t\t<span class=\"elementor-button-content-wrapper\">\n\t\t\t\t\t\t\t\t\t<span class=\"elementor-button-text\">Click to Watch the Videos<\/span>\n\t\t\t\t\t<\/span>\n\t\t\t\t\t<\/a>\n\t\t\t\t\t\t\t\t<\/div>\n\t\t\t\t<\/div>\n\t\t\t\t\t<\/div>\n\t\t\t\t<\/div>\n\t\t<div class=\"elementor-element elementor-element-b27908c e-flex e-con-boxed e-con e-parent\" data-id=\"b27908c\" data-element_type=\"container\" data-e-type=\"container\" id=\"TechnicalSupport\">\n\t\t\t\t\t<div class=\"e-con-inner\">\n\t\t\t\t<div class=\"elementor-element elementor-element-5fa9ec7 elementor-widget-tablet__width-initial elementor-widget-mobile__width-inherit elementor-widget elementor-widget-image\" data-id=\"5fa9ec7\" data-element_type=\"widget\" data-e-type=\"widget\" data-widget_type=\"image.default\">\n\t\t\t\t\t\t\t\t\t\t\t\t\t\t\t<img loading=\"lazy\" decoding=\"async\" width=\"560\" height=\"445\" src=\"data:image\/gif;base64,R0lGODlhAQABAIAAAAAAAP\/\/\/yH5BAEAAAAALAAAAAABAAEAAAIBRAA7\" data-src=\"https:\/\/katalog.web.tr\/wp-content\/uploads\/2025\/09\/antexinks-antex-lab-Ar-Ge.webp\" class=\"attachment-large size-large wp-image-8108 lazyload\" alt=\"Antex uzmanlar\u0131 taraf\u0131ndan haz\u0131rlanan uygulama videolar\u0131 ile bask\u0131 tekniklerini do\u011fru ve verimli \u015fekilde \u00f6\u011frenin.\" data-srcset=\"https:\/\/katalog.web.tr\/wp-content\/uploads\/2025\/09\/antexinks-antex-lab-Ar-Ge.webp 560w, https:\/\/katalog.web.tr\/wp-content\/uploads\/2025\/09\/antexinks-antex-lab-Ar-Ge-300x238.webp 300w\" sizes=\"(max-width: 560px) 100vw, 560px\" \/><noscript><img loading=\"lazy\" decoding=\"async\" width=\"560\" height=\"445\" src=\"https:\/\/katalog.web.tr\/wp-content\/uploads\/2025\/09\/antexinks-antex-lab-Ar-Ge.webp\" class=\"attachment-large size-large wp-image-8108 lazyload\" alt=\"Antex uzmanlar\u0131 taraf\u0131ndan haz\u0131rlanan uygulama videolar\u0131 ile bask\u0131 tekniklerini do\u011fru ve verimli \u015fekilde \u00f6\u011frenin.\" srcset=\"https:\/\/katalog.web.tr\/wp-content\/uploads\/2025\/09\/antexinks-antex-lab-Ar-Ge.webp 560w, https:\/\/katalog.web.tr\/wp-content\/uploads\/2025\/09\/antexinks-antex-lab-Ar-Ge-300x238.webp 300w\" sizes=\"(max-width: 560px) 100vw, 560px\" \/><\/noscript>\t\t\t\t\t\t\t\t\t\t\t\t\t\t\t<\/div>\n\t\t<div class=\"elementor-element elementor-element-73b25b3 e-con-full e-flex e-con e-child\" data-id=\"73b25b3\" data-element_type=\"container\" data-e-type=\"container\">\n\t\t\t\t<div class=\"elementor-element elementor-element-cec4a1c elementor-widget elementor-widget-text-editor\" data-id=\"cec4a1c\" data-element_type=\"widget\" data-e-type=\"widget\" data-widget_type=\"text-editor.default\">\n\t\t\t\t\t\t\t\t\t<p>Technical Support<\/p>\t\t\t\t\t\t\t\t<\/div>\n\t\t\t\t<div class=\"elementor-element elementor-element-5e6ba5c elementor-widget elementor-widget-text-editor\" data-id=\"5e6ba5c\" data-element_type=\"widget\" data-e-type=\"widget\" data-widget_type=\"text-editor.default\">\n\t\t\t\t\t\t\t\t\t<p>WE ARE BY YOUR SIDE THROUGHOUT YOUR PRODUCTION PROCESSES.<\/p>\t\t\t\t\t\t\t\t<\/div>\n\t\t\t\t<div class=\"elementor-element elementor-element-0f83a93 elementor-widget elementor-widget-text-editor\" data-id=\"0f83a93\" data-element_type=\"widget\" data-e-type=\"widget\" data-widget_type=\"text-editor.default\">\n\t\t\t\t\t\t\t\t\t<p>At Antex, we not only provide products but also actively support our business partners at every stage. Our expert technical team provides continuous support for the correct use of our products, the integration of our products into the production line and the timely resolution of any issues encountered.<\/p>\t\t\t\t\t\t\t\t<\/div>\n\t\t\t\t<div class=\"elementor-element elementor-element-7500163 elementor-align-left elementor-mobile-align-left elementor-widget elementor-widget-button\" data-id=\"7500163\" data-element_type=\"widget\" data-e-type=\"widget\" data-widget_type=\"button.default\">\n\t\t\t\t\t\t\t\t\t\t<a class=\"elementor-button elementor-button-link elementor-size-sm\" href=\"https:\/\/katalog.web.tr\/en\/contact\/\">\n\t\t\t\t\t\t<span class=\"elementor-button-content-wrapper\">\n\t\t\t\t\t\t\t\t\t<span class=\"elementor-button-text\">Contact Us<\/span>\n\t\t\t\t\t<\/span>\n\t\t\t\t\t<\/a>\n\t\t\t\t\t\t\t\t<\/div>\n\t\t\t\t<\/div>\n\t\t\t\t\t<\/div>\n\t\t\t\t<\/div>\n\t\t\t\t<\/div>\n\t\t","protected":false},"excerpt":{"rendered":"<p>Dedicated Technical Support for Our Business Partners At Antex, we provide comprehensive technical support to ensure that our customers can maintain their production processes smoothly and efficiently. Our expert team works with you to ensure the correct application of our products and their use at optimal performance. Product Development SUSTAINABLE PRODUCTS TAILORED TO YOUR NEEDS [&hellip;]<\/p>\n","protected":false},"author":1,"featured_media":8050,"parent":0,"menu_order":0,"comment_status":"closed","ping_status":"closed","template":"","meta":{"_acf_changed":false,"footnotes":""},"categories":[91],"tags":[],"class_list":["post-8048","page","type-page","status-publish","has-post-thumbnail","hentry","category-inner-pages"],"acf":[],"_links":{"self":[{"href":"https:\/\/katalog.web.tr\/en\/wp-json\/wp\/v2\/pages\/8048","targetHints":{"allow":["GET"]}}],"collection":[{"href":"https:\/\/katalog.web.tr\/en\/wp-json\/wp\/v2\/pages"}],"about":[{"href":"https:\/\/katalog.web.tr\/en\/wp-json\/wp\/v2\/types\/page"}],"author":[{"embeddable":true,"href":"https:\/\/katalog.web.tr\/en\/wp-json\/wp\/v2\/users\/1"}],"replies":[{"embeddable":true,"href":"https:\/\/katalog.web.tr\/en\/wp-json\/wp\/v2\/comments?post=8048"}],"version-history":[{"count":23,"href":"https:\/\/katalog.web.tr\/en\/wp-json\/wp\/v2\/pages\/8048\/revisions"}],"predecessor-version":[{"id":11156,"href":"https:\/\/katalog.web.tr\/en\/wp-json\/wp\/v2\/pages\/8048\/revisions\/11156"}],"wp:featuredmedia":[{"embeddable":true,"href":"https:\/\/katalog.web.tr\/en\/wp-json\/wp\/v2\/media\/8050"}],"wp:attachment":[{"href":"https:\/\/katalog.web.tr\/en\/wp-json\/wp\/v2\/media?parent=8048"}],"wp:term":[{"taxonomy":"category","embeddable":true,"href":"https:\/\/katalog.web.tr\/en\/wp-json\/wp\/v2\/categories?post=8048"},{"taxonomy":"post_tag","embeddable":true,"href":"https:\/\/katalog.web.tr\/en\/wp-json\/wp\/v2\/tags?post=8048"}],"curies":[{"name":"wp","href":"https:\/\/api.w.org\/{rel}","templated":true}]}}