{"id":8054,"date":"2025-11-26T10:38:35","date_gmt":"2025-11-26T07:38:35","guid":{"rendered":"https:\/\/katalog.web.tr\/blog\/"},"modified":"2025-12-31T10:26:35","modified_gmt":"2025-12-31T07:26:35","slug":"blog","status":"publish","type":"page","link":"https:\/\/katalog.web.tr\/en\/blog\/","title":{"rendered":"Blog"},"content":{"rendered":"\t\t<div data-elementor-type=\"wp-page\" data-elementor-id=\"8054\" class=\"elementor elementor-8054 elementor-7114\" data-elementor-post-type=\"page\">\n\t\t\t\t<div class=\"elementor-element elementor-element-023960c e-flex e-con-boxed e-con e-parent\" data-id=\"023960c\" data-element_type=\"container\" data-e-type=\"container\">\n\t\t\t\t\t<div class=\"e-con-inner\">\n\t\t\t\t<div class=\"elementor-element elementor-element-f76394b elementor-grid-1 elementor-grid-tablet-1 elementor-grid-mobile-1 elementor-widget elementor-widget-loop-grid\" data-id=\"f76394b\" data-element_type=\"widget\" data-e-type=\"widget\" data-settings=\"{&quot;template_id&quot;:8243,&quot;columns&quot;:1,&quot;columns_tablet&quot;:1,&quot;pagination_type&quot;:&quot;numbers_and_prev_next&quot;,&quot;_skin&quot;:&quot;post&quot;,&quot;columns_mobile&quot;:&quot;1&quot;,&quot;edit_handle_selector&quot;:&quot;[data-elementor-type=\\&quot;loop-item\\&quot;]&quot;,&quot;pagination_load_type&quot;:&quot;page_reload&quot;,&quot;row_gap&quot;:{&quot;unit&quot;:&quot;px&quot;,&quot;size&quot;:&quot;&quot;,&quot;sizes&quot;:[]},&quot;row_gap_tablet&quot;:{&quot;unit&quot;:&quot;px&quot;,&quot;size&quot;:&quot;&quot;,&quot;sizes&quot;:[]},&quot;row_gap_mobile&quot;:{&quot;unit&quot;:&quot;px&quot;,&quot;size&quot;:&quot;&quot;,&quot;sizes&quot;:[]}}\" data-widget_type=\"loop-grid.post\">\n\t\t\t\t<div class=\"elementor-widget-container\">\n\t\t\t\t\t\t\t<div class=\"elementor-loop-container elementor-grid\" role=\"list\">\n\t\t<style id=\"loop-8243\">.elementor-8243 .elementor-element.elementor-element-5f9a3a4{--display:flex;--flex-direction:row;--container-widget-width:calc( ( 1 - var( --container-widget-flex-grow ) ) * 100% );--container-widget-height:100%;--container-widget-flex-grow:1;--container-widget-align-self:stretch;--flex-wrap-mobile:wrap;--align-items:center;--flex-wrap:wrap;}.elementor-widget-image .widget-image-caption{color:var( --e-global-color-text );font-family:var( --e-global-typography-text-font-family ), Sans-serif;font-weight:var( --e-global-typography-text-font-weight );}.elementor-8243 .elementor-element.elementor-element-d411ed0:hover img{filter:brightness( 110% ) contrast( 100% ) saturate( 100% ) blur( 0px ) hue-rotate( 0deg );}.elementor-8243 .elementor-element.elementor-element-d411ed0{width:var( --container-widget-width, 20% );max-width:20%;--container-widget-width:20%;--container-widget-flex-grow:0;}.elementor-widget-theme-post-title .elementor-heading-title{font-family:var( --e-global-typography-primary-font-family ), Sans-serif;font-weight:var( --e-global-typography-primary-font-weight );color:var( --e-global-color-primary );}.elementor-8243 .elementor-element.elementor-element-2e018e6 .elementor-heading-title{font-family:\"Dosis\", Sans-serif;font-size:24px;font-weight:600;line-height:36px;color:#000000;}.elementor-8243 .elementor-element.elementor-element-2e018e6 .elementor-heading-title a:hover, .elementor-8243 .elementor-element.elementor-element-2e018e6 .elementor-heading-title a:focus{color:#FF0000;}.elementor-8243 .elementor-element.elementor-element-2e018e6{width:var( --container-widget-width, 30% );max-width:30%;--container-widget-width:30%;--container-widget-flex-grow:0;}.elementor-widget-theme-post-excerpt{font-family:var( --e-global-typography-text-font-family ), Sans-serif;font-weight:var( --e-global-typography-text-font-weight );color:var( --e-global-color-text );}.elementor-8243 .elementor-element.elementor-element-e715fef{width:var( --container-widget-width, 30% );max-width:30%;--container-widget-width:30%;--container-widget-flex-grow:0;}.elementor-widget-button .elementor-button{font-family:var( --e-global-typography-accent-font-family ), Sans-serif;font-weight:var( --e-global-typography-accent-font-weight );background-color:var( --e-global-color-accent );}.elementor-8243 .elementor-element.elementor-element-2153a46 .elementor-button{background-color:#000000;border-radius:50px 50px 50px 50px;}.elementor-8243 .elementor-element.elementor-element-2153a46 .elementor-button:hover, .elementor-8243 .elementor-element.elementor-element-2153a46 .elementor-button:focus{color:#000000;background-color:#FF0000;}.elementor-8243 .elementor-element.elementor-element-2153a46 .elementor-button:hover svg, .elementor-8243 .elementor-element.elementor-element-2153a46 .elementor-button:focus svg{fill:#000000;}.elementor-widget-divider{--divider-color:var( --e-global-color-secondary );}.elementor-widget-divider .elementor-divider__text{color:var( --e-global-color-secondary );font-family:var( --e-global-typography-secondary-font-family ), Sans-serif;font-weight:var( --e-global-typography-secondary-font-weight );}.elementor-widget-divider.elementor-view-stacked .elementor-icon{background-color:var( --e-global-color-secondary );}.elementor-widget-divider.elementor-view-framed .elementor-icon, .elementor-widget-divider.elementor-view-default .elementor-icon{color:var( --e-global-color-secondary );border-color:var( --e-global-color-secondary );}.elementor-widget-divider.elementor-view-framed .elementor-icon, .elementor-widget-divider.elementor-view-default .elementor-icon svg{fill:var( --e-global-color-secondary );}.elementor-8243 .elementor-element.elementor-element-718d812{--divider-border-style:solid;--divider-color:#D1D1D1;--divider-border-width:1px;}.elementor-8243 .elementor-element.elementor-element-718d812 .elementor-divider-separator{width:100%;margin:0 auto;margin-center:0;}.elementor-8243 .elementor-element.elementor-element-718d812 .elementor-divider{text-align:center;padding-block-start:15px;padding-block-end:15px;}@media(max-width:1024px){.elementor-8243 .elementor-element.elementor-element-d411ed0{--container-widget-width:50%;--container-widget-flex-grow:0;width:var( --container-widget-width, 50% );max-width:50%;}.elementor-8243 .elementor-element.elementor-element-2e018e6{--container-widget-width:45%;--container-widget-flex-grow:0;width:var( --container-widget-width, 45% );max-width:45%;}.elementor-8243 .elementor-element.elementor-element-2e018e6.elementor-element{--align-self:center;}.elementor-8243 .elementor-element.elementor-element-e715fef{width:100%;max-width:100%;}.elementor-8243 .elementor-element.elementor-element-718d812 .elementor-divider-separator{width:80%;}}@media(max-width:767px){.elementor-8243 .elementor-element.elementor-element-d411ed0{width:100%;max-width:100%;}.elementor-8243 .elementor-element.elementor-element-2e018e6 .elementor-heading-title{font-size:20px;}.elementor-8243 .elementor-element.elementor-element-2e018e6{width:100%;max-width:100%;}.elementor-8243 .elementor-element.elementor-element-718d812 .elementor-divider-separator{width:80%;}}<\/style>\t\t<div data-elementor-type=\"loop-item\" data-elementor-id=\"8243\" class=\"elementor elementor-8243 elementor-3023 e-loop-item e-loop-item-8232 post-8232 post type-post status-publish format-standard has-post-thumbnail hentry category-blog-en category-uncategorized-tr\" data-elementor-post-type=\"elementor_library\" data-custom-edit-handle=\"1\">\n\t\t\t<div class=\"elementor-element elementor-element-5f9a3a4 e-con-full e-flex e-con e-parent\" data-id=\"5f9a3a4\" data-element_type=\"container\" data-e-type=\"container\">\n\t\t\t\t<div class=\"elementor-element elementor-element-d411ed0 elementor-widget__width-initial elementor-widget-mobile__width-inherit elementor-widget elementor-widget-image\" data-id=\"d411ed0\" data-element_type=\"widget\" data-e-type=\"widget\" data-widget_type=\"image.default\">\n\t\t\t\t\t\t\t\t\t\t\t\t\t\t\t\t<a href=\"https:\/\/katalog.web.tr\/en\/5-golden-rules-for-screen-printing\/\">\n\t\t\t\t\t\t\t<img fetchpriority=\"high\" decoding=\"async\" width=\"650\" height=\"443\" src=\"data:image\/gif;base64,R0lGODlhAQABAIAAAAAAAP\/\/\/yH5BAEAAAAALAAAAAABAAEAAAIBRAA7\" data-src=\"https:\/\/katalog.web.tr\/wp-content\/uploads\/2025\/11\/Serigrafi-Baskida-Dikkat-Edilmesi-Gereken-5-Altin-Kural.webp\" class=\"attachment-large size-large wp-image-8233 lazyload\" alt=\"Serigrafi bask\u0131da dikkat edilmesi gereken 5 alt\u0131n kural\u0131 g\u00f6steren bask\u0131 s\u00fcreci g\u00f6rseli\" data-srcset=\"https:\/\/katalog.web.tr\/wp-content\/uploads\/2025\/11\/Serigrafi-Baskida-Dikkat-Edilmesi-Gereken-5-Altin-Kural.webp 650w, https:\/\/katalog.web.tr\/wp-content\/uploads\/2025\/11\/Serigrafi-Baskida-Dikkat-Edilmesi-Gereken-5-Altin-Kural-300x204.webp 300w\" sizes=\"(max-width: 650px) 100vw, 650px\" \/><noscript><img decoding=\"async\" width=\"650\" height=\"443\" src=\"https:\/\/katalog.web.tr\/wp-content\/uploads\/2025\/11\/Serigrafi-Baskida-Dikkat-Edilmesi-Gereken-5-Altin-Kural.webp\" class=\"attachment-large size-large wp-image-8233 lazyload\" alt=\"Serigrafi bask\u0131da dikkat edilmesi gereken 5 alt\u0131n kural\u0131 g\u00f6steren bask\u0131 s\u00fcreci g\u00f6rseli\" srcset=\"https:\/\/katalog.web.tr\/wp-content\/uploads\/2025\/11\/Serigrafi-Baskida-Dikkat-Edilmesi-Gereken-5-Altin-Kural.webp 650w, https:\/\/katalog.web.tr\/wp-content\/uploads\/2025\/11\/Serigrafi-Baskida-Dikkat-Edilmesi-Gereken-5-Altin-Kural-300x204.webp 300w\" sizes=\"(max-width: 650px) 100vw, 650px\" \/><\/noscript>\t\t\t\t\t\t\t\t<\/a>\n\t\t\t\t\t\t\t\t\t\t\t\t\t\t\t<\/div>\n\t\t\t\t<div class=\"elementor-element elementor-element-2e018e6 elementor-widget__width-initial elementor-widget-mobile__width-inherit elementor-widget elementor-widget-theme-post-title elementor-page-title elementor-widget-heading\" data-id=\"2e018e6\" data-element_type=\"widget\" data-e-type=\"widget\" data-widget_type=\"theme-post-title.default\">\n\t\t\t\t\t<h1 class=\"elementor-heading-title elementor-size-default\"><a href=\"https:\/\/katalog.web.tr\/en\/5-golden-rules-for-screen-printing\/\">5 Golden Rules for Screen Printing<\/a><\/h1>\t\t\t\t<\/div>\n\t\t\t\t<div class=\"elementor-element elementor-element-e715fef elementor-widget__width-initial elementor-widget-tablet__width-inherit elementor-widget elementor-widget-theme-post-excerpt\" data-id=\"e715fef\" data-element_type=\"widget\" data-e-type=\"widget\" data-widget_type=\"theme-post-excerpt.default\">\n\t\t\t\t\tDiscover the 5 Golden Rules for achieving the best results in screen printing. Including the right chemical selection, proper equipment use and sustainable production tips.\t\t\t\t<\/div>\n\t\t\t\t<div class=\"elementor-element elementor-element-2153a46 elementor-align-left elementor-mobile-align-left elementor-widget elementor-widget-button\" data-id=\"2153a46\" data-element_type=\"widget\" data-e-type=\"widget\" data-widget_type=\"button.default\">\n\t\t\t\t\t\t\t\t\t\t<a class=\"elementor-button elementor-button-link elementor-size-sm\" href=\"https:\/\/katalog.web.tr\/en\/5-golden-rules-for-screen-printing\/\">\n\t\t\t\t\t\t<span class=\"elementor-button-content-wrapper\">\n\t\t\t\t\t\t\t\t\t<span class=\"elementor-button-text\">Learn More <\/span>\n\t\t\t\t\t<\/span>\n\t\t\t\t\t<\/a>\n\t\t\t\t\t\t\t\t<\/div>\n\t\t\t\t<div class=\"elementor-element elementor-element-718d812 elementor-hidden-desktop elementor-hidden-tablet elementor-hidden-mobile elementor-widget-divider--view-line elementor-widget elementor-widget-divider\" data-id=\"718d812\" data-element_type=\"widget\" data-e-type=\"widget\" data-widget_type=\"divider.default\">\n\t\t\t\t\t\t\t<div class=\"elementor-divider\">\n\t\t\t<span class=\"elementor-divider-separator\">\n\t\t\t\t\t\t<\/span>\n\t\t<\/div>\n\t\t\t\t\t\t<\/div>\n\t\t\t\t<\/div>\n\t\t\t\t<\/div>\n\t\t\t\t<\/div>\n\t\t\n\t\t\t\t\t\t<\/div>\n\t\t\t\t<\/div>\n\t\t\t\t\t<\/div>\n\t\t\t\t<\/div>\n\t\t\t\t<\/div>\n\t\t","protected":false},"excerpt":{"rendered":"","protected":false},"author":1,"featured_media":8055,"parent":0,"menu_order":0,"comment_status":"closed","ping_status":"closed","template":"","meta":{"_acf_changed":false,"footnotes":""},"categories":[91],"tags":[],"class_list":["post-8054","page","type-page","status-publish","has-post-thumbnail","hentry","category-inner-pages"],"acf":[],"_links":{"self":[{"href":"https:\/\/katalog.web.tr\/en\/wp-json\/wp\/v2\/pages\/8054","targetHints":{"allow":["GET"]}}],"collection":[{"href":"https:\/\/katalog.web.tr\/en\/wp-json\/wp\/v2\/pages"}],"about":[{"href":"https:\/\/katalog.web.tr\/en\/wp-json\/wp\/v2\/types\/page"}],"author":[{"embeddable":true,"href":"https:\/\/katalog.web.tr\/en\/wp-json\/wp\/v2\/users\/1"}],"replies":[{"embeddable":true,"href":"https:\/\/katalog.web.tr\/en\/wp-json\/wp\/v2\/comments?post=8054"}],"version-history":[{"count":4,"href":"https:\/\/katalog.web.tr\/en\/wp-json\/wp\/v2\/pages\/8054\/revisions"}],"predecessor-version":[{"id":8248,"href":"https:\/\/katalog.web.tr\/en\/wp-json\/wp\/v2\/pages\/8054\/revisions\/8248"}],"wp:featuredmedia":[{"embeddable":true,"href":"https:\/\/katalog.web.tr\/en\/wp-json\/wp\/v2\/media\/8055"}],"wp:attachment":[{"href":"https:\/\/katalog.web.tr\/en\/wp-json\/wp\/v2\/media?parent=8054"}],"wp:term":[{"taxonomy":"category","embeddable":true,"href":"https:\/\/katalog.web.tr\/en\/wp-json\/wp\/v2\/categories?post=8054"},{"taxonomy":"post_tag","embeddable":true,"href":"https:\/\/katalog.web.tr\/en\/wp-json\/wp\/v2\/tags?post=8054"}],"curies":[{"name":"wp","href":"https:\/\/api.w.org\/{rel}","templated":true}]}}