{"id":8249,"date":"2025-08-06T23:38:00","date_gmt":"2025-08-06T20:38:00","guid":{"rendered":"https:\/\/katalog.web.tr\/urunler\/"},"modified":"2026-01-26T13:36:27","modified_gmt":"2026-01-26T10:36:27","slug":"products","status":"publish","type":"page","link":"https:\/\/katalog.web.tr\/en\/products\/","title":{"rendered":"Products"},"content":{"rendered":"\t\t<div data-elementor-type=\"wp-page\" data-elementor-id=\"8249\" class=\"elementor elementor-8249 elementor-2534\" data-elementor-post-type=\"page\">\n\t\t\t\t<div class=\"elementor-element elementor-element-358c264 e-flex e-con-boxed e-con e-parent\" data-id=\"358c264\" data-element_type=\"container\" data-e-type=\"container\">\n\t\t\t\t\t<div class=\"e-con-inner\">\n\t\t\t\t<div class=\"elementor-element elementor-element-7c44752 elementor-widget__width-inherit elementor-widget elementor-widget-text-editor\" data-id=\"7c44752\" data-element_type=\"widget\" data-e-type=\"widget\" data-widget_type=\"text-editor.default\">\n\t\t\t\t\t\t\t\t\t<p>OUR PRODUCTS<\/p>\t\t\t\t\t\t\t\t<\/div>\n\t\t\t\t<div class=\"elementor-element elementor-element-c32e891 elementor-widget__width-inherit elementor-widget elementor-widget-text-editor\" data-id=\"c32e891\" data-element_type=\"widget\" data-e-type=\"widget\" data-widget_type=\"text-editor.default\">\n\t\t\t\t\t\t\t\t\t<p>Textile Screen Printing Inks<\/p>\t\t\t\t\t\t\t\t<\/div>\n\t\t\t\t\t<\/div>\n\t\t\t\t<\/div>\n\t\t<div class=\"elementor-element elementor-element-431688d e-flex e-con-boxed e-con e-parent\" data-id=\"431688d\" data-element_type=\"container\" data-e-type=\"container\">\n\t\t\t\t\t<div class=\"e-con-inner\">\n\t\t\t\t<div class=\"elementor-element elementor-element-71bb1db elementor-widget-tablet__width-initial elementor-widget-mobile__width-inherit elementor-widget elementor-widget-image\" data-id=\"71bb1db\" data-element_type=\"widget\" data-e-type=\"widget\" data-widget_type=\"image.default\">\n\t\t\t\t\t\t\t\t\t\t\t\t\t\t\t<img fetchpriority=\"high\" decoding=\"async\" width=\"560\" height=\"445\" src=\"data:image\/gif;base64,R0lGODlhAQABAIAAAAAAAP\/\/\/yH5BAEAAAAALAAAAAABAAEAAAIBRAA7\" data-src=\"https:\/\/katalog.web.tr\/wp-content\/uploads\/2025\/12\/Antexinks-anasayfa-su-bazli-urunler-560x445v2.webp\" class=\"attachment-large size-large wp-image-8251 lazyload\" alt=\"\" data-srcset=\"https:\/\/katalog.web.tr\/wp-content\/uploads\/2025\/12\/Antexinks-anasayfa-su-bazli-urunler-560x445v2.webp 560w, https:\/\/katalog.web.tr\/wp-content\/uploads\/2025\/12\/Antexinks-anasayfa-su-bazli-urunler-560x445v2-300x238.webp 300w\" sizes=\"(max-width: 560px) 100vw, 560px\" \/><noscript><img decoding=\"async\" width=\"560\" height=\"445\" src=\"https:\/\/katalog.web.tr\/wp-content\/uploads\/2025\/12\/Antexinks-anasayfa-su-bazli-urunler-560x445v2.webp\" class=\"attachment-large size-large wp-image-8251 lazyload\" alt=\"\" srcset=\"https:\/\/katalog.web.tr\/wp-content\/uploads\/2025\/12\/Antexinks-anasayfa-su-bazli-urunler-560x445v2.webp 560w, https:\/\/katalog.web.tr\/wp-content\/uploads\/2025\/12\/Antexinks-anasayfa-su-bazli-urunler-560x445v2-300x238.webp 300w\" sizes=\"(max-width: 560px) 100vw, 560px\" \/><\/noscript>\t\t\t\t\t\t\t\t\t\t\t\t\t\t\t<\/div>\n\t\t<div class=\"elementor-element elementor-element-9fce5ad e-con-full e-flex e-con e-child\" data-id=\"9fce5ad\" data-element_type=\"container\" data-e-type=\"container\">\n\t\t\t\t<div class=\"elementor-element elementor-element-6145451 elementor-widget elementor-widget-text-editor\" data-id=\"6145451\" data-element_type=\"widget\" data-e-type=\"widget\" data-widget_type=\"text-editor.default\">\n\t\t\t\t\t\t\t\t\t<p>PRODUCTS<\/p>\t\t\t\t\t\t\t\t<\/div>\n\t\t\t\t<div class=\"elementor-element elementor-element-f0b60c6 elementor-widget elementor-widget-text-editor\" data-id=\"f0b60c6\" data-element_type=\"widget\" data-e-type=\"widget\" data-widget_type=\"text-editor.default\">\n\t\t\t\t\t\t\t\t\t<p>Water-Based Products<\/p>\t\t\t\t\t\t\t\t<\/div>\n\t\t\t\t<div class=\"elementor-element elementor-element-135f7f6 elementor-widget elementor-widget-text-editor\" data-id=\"135f7f6\" data-element_type=\"widget\" data-e-type=\"widget\" data-widget_type=\"text-editor.default\">\n\t\t\t\t\t\t\t\t\t<p>Discover Ecological Screen Printing Power<\/p>\t\t\t\t\t\t\t\t<\/div>\n\t\t\t\t<div class=\"elementor-element elementor-element-9dd3aee elementor-widget elementor-widget-text-editor\" data-id=\"9dd3aee\" data-element_type=\"widget\" data-e-type=\"widget\" data-widget_type=\"text-editor.default\">\n\t\t\t\t\t\t\t\t\t<p>With over 37 years of experience, our environmentally friendly formulas deliver outstanding printing performance, efficiency, high durability, superior coverage, flexibility, and ultra-soft touch in every application.<\/p>\t\t\t\t\t\t\t\t<\/div>\n\t\t\t\t<div class=\"elementor-element elementor-element-dcf1af0 elementor-widget elementor-widget-button\" data-id=\"dcf1af0\" data-element_type=\"widget\" data-e-type=\"widget\" data-widget_type=\"button.default\">\n\t\t\t\t\t\t\t\t\t\t<a class=\"elementor-button elementor-button-link elementor-size-sm\" href=\"https:\/\/katalog.web.tr\/urunler\/antex-su-bazli-urunler\/\">\n\t\t\t\t\t\t<span class=\"elementor-button-content-wrapper\">\n\t\t\t\t\t\t\t\t\t<span class=\"elementor-button-text\">View Our Products <\/span>\n\t\t\t\t\t<\/span>\n\t\t\t\t\t<\/a>\n\t\t\t\t\t\t\t\t<\/div>\n\t\t\t\t<\/div>\n\t\t\t\t\t<\/div>\n\t\t\t\t<\/div>\n\t\t<div class=\"elementor-element elementor-element-85a1758 e-flex e-con-boxed e-con e-parent\" data-id=\"85a1758\" data-element_type=\"container\" data-e-type=\"container\">\n\t\t\t\t\t<div class=\"e-con-inner\">\n\t\t<div class=\"elementor-element elementor-element-e94a284 e-con-full e-flex e-con e-child\" data-id=\"e94a284\" data-element_type=\"container\" data-e-type=\"container\">\n\t\t\t\t<div class=\"elementor-element elementor-element-7e00d62 elementor-widget elementor-widget-text-editor\" data-id=\"7e00d62\" data-element_type=\"widget\" data-e-type=\"widget\" data-widget_type=\"text-editor.default\">\n\t\t\t\t\t\t\t\t\t<p>PRODUCTS<\/p>\t\t\t\t\t\t\t\t<\/div>\n\t\t\t\t<div class=\"elementor-element elementor-element-bc42fc0 elementor-widget elementor-widget-text-editor\" data-id=\"bc42fc0\" data-element_type=\"widget\" data-e-type=\"widget\" data-widget_type=\"text-editor.default\">\n\t\t\t\t\t\t\t\t\t<p>Plastisol-Based Products\u00a0<\/p>\t\t\t\t\t\t\t\t<\/div>\n\t\t\t\t<div class=\"elementor-element elementor-element-4b1bd15 elementor-widget elementor-widget-text-editor\" data-id=\"4b1bd15\" data-element_type=\"widget\" data-e-type=\"widget\" data-widget_type=\"text-editor.default\">\n\t\t\t\t\t\t\t\t\t<p>Prints That Stand Out\u00a0With\u00a0Durability and Vibrancy\u00a0<\/p>\t\t\t\t\t\t\t\t<\/div>\n\t\t\t\t<div class=\"elementor-element elementor-element-0310459 elementor-widget elementor-widget-text-editor\" data-id=\"0310459\" data-element_type=\"widget\" data-e-type=\"widget\" data-widget_type=\"text-editor.default\">\n\t\t\t\t\t\t\t\t\t<p><span data-contrast=\"auto\">Antex\u00a0plastisol inks are developed for textile applications requiring vivid colors, high opacity, and excellent durability. Their ease of use and high-density printing capability offer maximum efficiency in industrial production processes.<\/span><span data-ccp-props=\"{}\">\u00a0<\/span><\/p>\t\t\t\t\t\t\t\t<\/div>\n\t\t\t\t<div class=\"elementor-element elementor-element-d1eb239 elementor-widget elementor-widget-button\" data-id=\"d1eb239\" data-element_type=\"widget\" data-e-type=\"widget\" data-widget_type=\"button.default\">\n\t\t\t\t\t\t\t\t\t\t<a class=\"elementor-button elementor-button-link elementor-size-sm\" href=\"https:\/\/katalog.web.tr\/urunler\/antex-plastisol-urunler\/\">\n\t\t\t\t\t\t<span class=\"elementor-button-content-wrapper\">\n\t\t\t\t\t\t\t\t\t<span class=\"elementor-button-text\">View Our Products <\/span>\n\t\t\t\t\t<\/span>\n\t\t\t\t\t<\/a>\n\t\t\t\t\t\t\t\t<\/div>\n\t\t\t\t<\/div>\n\t\t\t\t<div class=\"elementor-element elementor-element-707c0dc elementor-widget-tablet__width-initial elementor-widget-mobile__width-inherit elementor-widget elementor-widget-image\" data-id=\"707c0dc\" data-element_type=\"widget\" data-e-type=\"widget\" data-widget_type=\"image.default\">\n\t\t\t\t\t\t\t\t\t\t\t\t\t\t\t<img decoding=\"async\" width=\"560\" height=\"445\" src=\"data:image\/gif;base64,R0lGODlhAQABAIAAAAAAAP\/\/\/yH5BAEAAAAALAAAAAABAAEAAAIBRAA7\" data-src=\"https:\/\/katalog.web.tr\/wp-content\/uploads\/2025\/12\/Antexinks-anasayfa-plasstik-bazli-urunler-560x445-1.webp\" class=\"attachment-large size-large wp-image-8252 lazyload\" alt=\"\" data-srcset=\"https:\/\/katalog.web.tr\/wp-content\/uploads\/2025\/12\/Antexinks-anasayfa-plasstik-bazli-urunler-560x445-1.webp 560w, https:\/\/katalog.web.tr\/wp-content\/uploads\/2025\/12\/Antexinks-anasayfa-plasstik-bazli-urunler-560x445-1-300x238.webp 300w\" sizes=\"(max-width: 560px) 100vw, 560px\" \/><noscript><img loading=\"lazy\" decoding=\"async\" width=\"560\" height=\"445\" src=\"https:\/\/katalog.web.tr\/wp-content\/uploads\/2025\/12\/Antexinks-anasayfa-plasstik-bazli-urunler-560x445-1.webp\" class=\"attachment-large size-large wp-image-8252 lazyload\" alt=\"\" srcset=\"https:\/\/katalog.web.tr\/wp-content\/uploads\/2025\/12\/Antexinks-anasayfa-plasstik-bazli-urunler-560x445-1.webp 560w, https:\/\/katalog.web.tr\/wp-content\/uploads\/2025\/12\/Antexinks-anasayfa-plasstik-bazli-urunler-560x445-1-300x238.webp 300w\" sizes=\"(max-width: 560px) 100vw, 560px\" \/><\/noscript>\t\t\t\t\t\t\t\t\t\t\t\t\t\t\t<\/div>\n\t\t\t\t\t<\/div>\n\t\t\t\t<\/div>\n\t\t<div class=\"elementor-element elementor-element-8c0ff61 e-flex e-con-boxed e-con e-parent\" data-id=\"8c0ff61\" data-element_type=\"container\" data-e-type=\"container\" data-settings=\"{&quot;background_background&quot;:&quot;classic&quot;}\">\n\t\t\t\t\t<div class=\"e-con-inner\">\n\t\t\t\t<div class=\"elementor-element elementor-element-366fc34 elementor-widget__width-inherit elementor-widget elementor-widget-text-editor\" data-id=\"366fc34\" data-element_type=\"widget\" data-e-type=\"widget\" data-widget_type=\"text-editor.default\">\n\t\t\t\t\t\t\t\t\t<p>Our Certifications<\/p>\t\t\t\t\t\t\t\t<\/div>\n\t\t\t\t<div class=\"elementor-element elementor-element-a762f43 elementor-widget__width-inherit elementor-widget elementor-widget-text-editor\" data-id=\"a762f43\" data-element_type=\"widget\" data-e-type=\"widget\" data-widget_type=\"text-editor.default\">\n\t\t\t\t\t\t\t\t\t<p>We demonstrate our environmental responsibility and product quality through internationally recognized certifications.<\/p>\t\t\t\t\t\t\t\t<\/div>\n\t\t\t\t<div class=\"elementor-element elementor-element-de5a1c9 elementor-widget__width-initial elementor-position-top elementor-widget elementor-widget-image-box\" data-id=\"de5a1c9\" data-element_type=\"widget\" data-e-type=\"widget\" data-widget_type=\"image-box.default\">\n\t\t\t\t\t<div class=\"elementor-image-box-wrapper\"><figure class=\"elementor-image-box-img\"><a href=\"https:\/\/katalog.web.tr\/wp-content\/uploads\/2025\/09\/antexinks-sertifikalar-ISO-9001-2015.pdf\" target=\"_blank\" tabindex=\"-1\"><img loading=\"lazy\" decoding=\"async\" width=\"89\" height=\"120\" src=\"data:image\/gif;base64,R0lGODlhAQABAIAAAAAAAP\/\/\/yH5BAEAAAAALAAAAAABAAEAAAIBRAA7\" data-src=\"https:\/\/katalog.web.tr\/wp-content\/uploads\/2025\/08\/pdf-icon3c.webp\" class=\"attachment-full size-full wp-image-7936 lazyload\" alt=\"Antex plastisol bask\u0131 boyalar\u0131; y\u00fcksek opakl\u0131k, canl\u0131 renkler ve uzun \u00f6m\u00fcrl\u00fc dayan\u0131kl\u0131l\u0131k sa\u011flayarak end\u00fcstriyel tekstil bask\u0131 s\u00fcre\u00e7leri i\u00e7in geli\u015ftirilmi\u015ftir.\" \/><noscript><img loading=\"lazy\" decoding=\"async\" width=\"89\" height=\"120\" src=\"https:\/\/katalog.web.tr\/wp-content\/uploads\/2025\/08\/pdf-icon3c.webp\" class=\"attachment-full size-full wp-image-7936 lazyload\" alt=\"Antex plastisol bask\u0131 boyalar\u0131; y\u00fcksek opakl\u0131k, canl\u0131 renkler ve uzun \u00f6m\u00fcrl\u00fc dayan\u0131kl\u0131l\u0131k sa\u011flayarak end\u00fcstriyel tekstil bask\u0131 s\u00fcre\u00e7leri i\u00e7in geli\u015ftirilmi\u015ftir.\" \/><\/noscript><\/a><\/figure><div class=\"elementor-image-box-content\"><h3 class=\"elementor-image-box-title\"><a href=\"https:\/\/katalog.web.tr\/wp-content\/uploads\/2025\/09\/antexinks-sertifikalar-ISO-9001-2015.pdf\" target=\"_blank\">ISO 9001<\/a><\/h3><\/div><\/div>\t\t\t\t<\/div>\n\t\t\t\t<div class=\"elementor-element elementor-element-d753eb5 elementor-widget__width-initial elementor-position-top elementor-widget elementor-widget-image-box\" data-id=\"d753eb5\" data-element_type=\"widget\" data-e-type=\"widget\" data-widget_type=\"image-box.default\">\n\t\t\t\t\t<div class=\"elementor-image-box-wrapper\"><figure class=\"elementor-image-box-img\"><a href=\"https:\/\/katalog.web.tr\/wp-content\/uploads\/2025\/09\/antexinks-sertifikalar-ISO-14001-2015.pdf\" target=\"_blank\" tabindex=\"-1\"><img loading=\"lazy\" decoding=\"async\" width=\"89\" height=\"120\" src=\"data:image\/gif;base64,R0lGODlhAQABAIAAAAAAAP\/\/\/yH5BAEAAAAALAAAAAABAAEAAAIBRAA7\" data-src=\"https:\/\/katalog.web.tr\/wp-content\/uploads\/2025\/08\/pdf-icon3c.webp\" class=\"attachment-full size-full wp-image-7936 lazyload\" alt=\"Antex plastisol bask\u0131 boyalar\u0131; y\u00fcksek opakl\u0131k, canl\u0131 renkler ve uzun \u00f6m\u00fcrl\u00fc dayan\u0131kl\u0131l\u0131k sa\u011flayarak end\u00fcstriyel tekstil bask\u0131 s\u00fcre\u00e7leri i\u00e7in geli\u015ftirilmi\u015ftir.\" \/><noscript><img loading=\"lazy\" decoding=\"async\" width=\"89\" height=\"120\" src=\"https:\/\/katalog.web.tr\/wp-content\/uploads\/2025\/08\/pdf-icon3c.webp\" class=\"attachment-full size-full wp-image-7936 lazyload\" alt=\"Antex plastisol bask\u0131 boyalar\u0131; y\u00fcksek opakl\u0131k, canl\u0131 renkler ve uzun \u00f6m\u00fcrl\u00fc dayan\u0131kl\u0131l\u0131k sa\u011flayarak end\u00fcstriyel tekstil bask\u0131 s\u00fcre\u00e7leri i\u00e7in geli\u015ftirilmi\u015ftir.\" \/><\/noscript><\/a><\/figure><div class=\"elementor-image-box-content\"><h3 class=\"elementor-image-box-title\"><a href=\"https:\/\/katalog.web.tr\/wp-content\/uploads\/2025\/09\/antexinks-sertifikalar-ISO-14001-2015.pdf\" target=\"_blank\">ISO 14001<\/a><\/h3><\/div><\/div>\t\t\t\t<\/div>\n\t\t\t\t<div class=\"elementor-element elementor-element-64a74ed elementor-widget__width-initial elementor-position-top elementor-widget elementor-widget-image-box\" data-id=\"64a74ed\" data-element_type=\"widget\" data-e-type=\"widget\" data-widget_type=\"image-box.default\">\n\t\t\t\t\t<div class=\"elementor-image-box-wrapper\"><figure class=\"elementor-image-box-img\"><a href=\"https:\/\/katalog.web.tr\/wp-content\/uploads\/2025\/09\/antexinks-sertifikalar-ISO-45001-2018.pdf\" target=\"_blank\" tabindex=\"-1\"><img loading=\"lazy\" decoding=\"async\" width=\"89\" height=\"120\" src=\"data:image\/gif;base64,R0lGODlhAQABAIAAAAAAAP\/\/\/yH5BAEAAAAALAAAAAABAAEAAAIBRAA7\" data-src=\"https:\/\/katalog.web.tr\/wp-content\/uploads\/2025\/08\/pdf-icon3c.webp\" class=\"attachment-full size-full wp-image-7936 lazyload\" alt=\"Antex plastisol bask\u0131 boyalar\u0131; y\u00fcksek opakl\u0131k, canl\u0131 renkler ve uzun \u00f6m\u00fcrl\u00fc dayan\u0131kl\u0131l\u0131k sa\u011flayarak end\u00fcstriyel tekstil bask\u0131 s\u00fcre\u00e7leri i\u00e7in geli\u015ftirilmi\u015ftir.\" \/><noscript><img loading=\"lazy\" decoding=\"async\" width=\"89\" height=\"120\" src=\"https:\/\/katalog.web.tr\/wp-content\/uploads\/2025\/08\/pdf-icon3c.webp\" class=\"attachment-full size-full wp-image-7936 lazyload\" alt=\"Antex plastisol bask\u0131 boyalar\u0131; y\u00fcksek opakl\u0131k, canl\u0131 renkler ve uzun \u00f6m\u00fcrl\u00fc dayan\u0131kl\u0131l\u0131k sa\u011flayarak end\u00fcstriyel tekstil bask\u0131 s\u00fcre\u00e7leri i\u00e7in geli\u015ftirilmi\u015ftir.\" \/><\/noscript><\/a><\/figure><div class=\"elementor-image-box-content\"><h3 class=\"elementor-image-box-title\"><a href=\"https:\/\/katalog.web.tr\/wp-content\/uploads\/2025\/09\/antexinks-sertifikalar-ISO-45001-2018.pdf\" target=\"_blank\">ISO 45001<\/a><\/h3><\/div><\/div>\t\t\t\t<\/div>\n\t\t\t\t<div class=\"elementor-element elementor-element-8a770e7 elementor-widget-mobile__width-inherit elementor-hidden-desktop elementor-hidden-tablet elementor-widget-divider--view-line elementor-widget elementor-widget-divider\" data-id=\"8a770e7\" data-element_type=\"widget\" data-e-type=\"widget\" data-widget_type=\"divider.default\">\n\t\t\t\t\t\t\t<div class=\"elementor-divider\">\n\t\t\t<span class=\"elementor-divider-separator\">\n\t\t\t\t\t\t<\/span>\n\t\t<\/div>\n\t\t\t\t\t\t<\/div>\n\t\t\t\t<div class=\"elementor-element elementor-element-7cf2612 elementor-widget__width-initial elementor-position-top elementor-widget elementor-widget-image-box\" data-id=\"7cf2612\" data-element_type=\"widget\" data-e-type=\"widget\" data-widget_type=\"image-box.default\">\n\t\t\t\t\t<div class=\"elementor-image-box-wrapper\"><figure class=\"elementor-image-box-img\"><a href=\"https:\/\/katalog.web.tr\/wp-content\/uploads\/2025\/09\/antexinks-sertifikalar-GOTS-CU-817037-02.2024.pdf\" target=\"_blank\" tabindex=\"-1\"><img loading=\"lazy\" decoding=\"async\" width=\"124\" height=\"123\" src=\"data:image\/gif;base64,R0lGODlhAQABAIAAAAAAAP\/\/\/yH5BAEAAAAALAAAAAABAAEAAAIBRAA7\" data-src=\"https:\/\/katalog.web.tr\/wp-content\/uploads\/2025\/07\/gots.png\" class=\"attachment-full size-full wp-image-7937 lazyload\" alt=\"GOTS sertifikas\u0131 \u2013 organik tekstil \u00fcretim standard\u0131 \u2013 Antex\" \/><noscript><img loading=\"lazy\" decoding=\"async\" width=\"124\" height=\"123\" src=\"https:\/\/katalog.web.tr\/wp-content\/uploads\/2025\/07\/gots.png\" class=\"attachment-full size-full wp-image-7937 lazyload\" alt=\"GOTS sertifikas\u0131 \u2013 organik tekstil \u00fcretim standard\u0131 \u2013 Antex\" \/><\/noscript><\/a><\/figure><div class=\"elementor-image-box-content\"><h3 class=\"elementor-image-box-title\"><a href=\"https:\/\/katalog.web.tr\/wp-content\/uploads\/2025\/09\/antexinks-sertifikalar-GOTS-CU-817037-02.2024.pdf\" target=\"_blank\">GOTS<\/a><\/h3><\/div><\/div>\t\t\t\t<\/div>\n\t\t\t\t<div class=\"elementor-element elementor-element-d7a0be4 elementor-widget__width-initial elementor-position-top elementor-widget elementor-widget-image-box\" data-id=\"d7a0be4\" data-element_type=\"widget\" data-e-type=\"widget\" data-widget_type=\"image-box.default\">\n\t\t\t\t\t<div class=\"elementor-image-box-wrapper\"><figure class=\"elementor-image-box-img\"><a href=\"https:\/\/katalog.web.tr\/wp-content\/uploads\/2025\/09\/antexinks-sertifikalar-OEKO-TEX-2026.pdf\" target=\"_blank\" tabindex=\"-1\"><img loading=\"lazy\" decoding=\"async\" width=\"123\" height=\"123\" src=\"data:image\/gif;base64,R0lGODlhAQABAIAAAAAAAP\/\/\/yH5BAEAAAAALAAAAAABAAEAAAIBRAA7\" data-src=\"https:\/\/katalog.web.tr\/wp-content\/uploads\/2025\/07\/eko-tex-dikey2.png\" class=\"attachment-full size-full wp-image-7938 lazyload\" alt=\"OEKO-TEX sertifikas\u0131 \u2013 insan sa\u011fl\u0131\u011f\u0131na duyarl\u0131 tekstil \u00fcr\u00fcnleri\" \/><noscript><img loading=\"lazy\" decoding=\"async\" width=\"123\" height=\"123\" src=\"https:\/\/katalog.web.tr\/wp-content\/uploads\/2025\/07\/eko-tex-dikey2.png\" class=\"attachment-full size-full wp-image-7938 lazyload\" alt=\"OEKO-TEX sertifikas\u0131 \u2013 insan sa\u011fl\u0131\u011f\u0131na duyarl\u0131 tekstil \u00fcr\u00fcnleri\" \/><\/noscript><\/a><\/figure><div class=\"elementor-image-box-content\"><h3 class=\"elementor-image-box-title\"><a href=\"https:\/\/katalog.web.tr\/wp-content\/uploads\/2025\/09\/antexinks-sertifikalar-OEKO-TEX-2026.pdf\" target=\"_blank\">OEKO-TEX\u00ae<\/a><\/h3><\/div><\/div>\t\t\t\t<\/div>\n\t\t\t\t<div class=\"elementor-element elementor-element-21615f1 elementor-widget__width-initial elementor-position-top elementor-widget elementor-widget-image-box\" data-id=\"21615f1\" data-element_type=\"widget\" data-e-type=\"widget\" data-widget_type=\"image-box.default\">\n\t\t\t\t\t<div class=\"elementor-image-box-wrapper\"><figure class=\"elementor-image-box-img\"><a href=\"https:\/\/katalog.web.tr\/wp-content\/uploads\/2025\/09\/antexinks-sertifikalar-ZDHC-V3.1-Letter-of-Conformance.pdf\" target=\"_blank\" tabindex=\"-1\"><img loading=\"lazy\" decoding=\"async\" width=\"123\" height=\"123\" src=\"data:image\/gif;base64,R0lGODlhAQABAIAAAAAAAP\/\/\/yH5BAEAAAAALAAAAAABAAEAAAIBRAA7\" data-src=\"https:\/\/katalog.web.tr\/wp-content\/uploads\/2025\/07\/Group-725.png\" class=\"attachment-full size-full wp-image-7939 lazyload\" alt=\"ZDHC sertifikas\u0131 \u2013 s\u00fcrd\u00fcr\u00fclebilir kimyasal y\u00f6netimi \u2013 Antex\" \/><noscript><img loading=\"lazy\" decoding=\"async\" width=\"123\" height=\"123\" src=\"https:\/\/katalog.web.tr\/wp-content\/uploads\/2025\/07\/Group-725.png\" class=\"attachment-full size-full wp-image-7939 lazyload\" alt=\"ZDHC sertifikas\u0131 \u2013 s\u00fcrd\u00fcr\u00fclebilir kimyasal y\u00f6netimi \u2013 Antex\" \/><\/noscript><\/a><\/figure><div class=\"elementor-image-box-content\"><h3 class=\"elementor-image-box-title\"><a href=\"https:\/\/katalog.web.tr\/wp-content\/uploads\/2025\/09\/antexinks-sertifikalar-ZDHC-V3.1-Letter-of-Conformance.pdf\" target=\"_blank\">ZDCH<\/a><\/h3><\/div><\/div>\t\t\t\t<\/div>\n\t\t\t\t\t<\/div>\n\t\t\t\t<\/div>\n\t\t\t\t<\/div>\n\t\t","protected":false},"excerpt":{"rendered":"<p>OUR PRODUCTS Textile Screen Printing Inks PRODUCTS Water-Based Products Discover Ecological Screen Printing Power With over 37 years of experience, our environmentally friendly formulas deliver outstanding printing performance, efficiency, high durability, superior coverage, flexibility, and ultra-soft touch in every application. View Our Products PRODUCTS Plastisol-Based Products\u00a0 Prints That Stand Out\u00a0With\u00a0Durability and Vibrancy\u00a0 Antex\u00a0plastisol inks are [&hellip;]<\/p>\n","protected":false},"author":1,"featured_media":4427,"parent":0,"menu_order":0,"comment_status":"closed","ping_status":"closed","template":"","meta":{"_acf_changed":false,"footnotes":""},"categories":[13,91],"tags":[],"class_list":["post-8249","page","type-page","status-publish","has-post-thumbnail","hentry","category-ic-sayfalar","category-inner-pages"],"acf":[],"_links":{"self":[{"href":"https:\/\/katalog.web.tr\/en\/wp-json\/wp\/v2\/pages\/8249","targetHints":{"allow":["GET"]}}],"collection":[{"href":"https:\/\/katalog.web.tr\/en\/wp-json\/wp\/v2\/pages"}],"about":[{"href":"https:\/\/katalog.web.tr\/en\/wp-json\/wp\/v2\/types\/page"}],"author":[{"embeddable":true,"href":"https:\/\/katalog.web.tr\/en\/wp-json\/wp\/v2\/users\/1"}],"replies":[{"embeddable":true,"href":"https:\/\/katalog.web.tr\/en\/wp-json\/wp\/v2\/comments?post=8249"}],"version-history":[{"count":8,"href":"https:\/\/katalog.web.tr\/en\/wp-json\/wp\/v2\/pages\/8249\/revisions"}],"predecessor-version":[{"id":11977,"href":"https:\/\/katalog.web.tr\/en\/wp-json\/wp\/v2\/pages\/8249\/revisions\/11977"}],"wp:featuredmedia":[{"embeddable":true,"href":"https:\/\/katalog.web.tr\/en\/wp-json\/wp\/v2\/media\/4427"}],"wp:attachment":[{"href":"https:\/\/katalog.web.tr\/en\/wp-json\/wp\/v2\/media?parent=8249"}],"wp:term":[{"taxonomy":"category","embeddable":true,"href":"https:\/\/katalog.web.tr\/en\/wp-json\/wp\/v2\/categories?post=8249"},{"taxonomy":"post_tag","embeddable":true,"href":"https:\/\/katalog.web.tr\/en\/wp-json\/wp\/v2\/tags?post=8249"}],"curies":[{"name":"wp","href":"https:\/\/api.w.org\/{rel}","templated":true}]}}